{"id":3719,"date":"2016-04-22T10:20:53","date_gmt":"2016-04-22T10:20:53","guid":{"rendered":"http:\/\/eurotransis.com\/fr\/tienda\/sin%20categorizar\/serie-em-330-2\/"},"modified":"2025-02-14T12:16:25","modified_gmt":"2025-02-14T11:16:25","slug":"serie-em-330-fr","status":"publish","type":"product","link":"https:\/\/eurotransis.com\/fr\/boutique\/composants-du-rouleau-fr\/embouts-gravitaires-en\/embout-thermoplastique-fr\/serie-moyenne-fr\/serie-em-330-fr\/","title":{"rendered":"S\u00e9rie EM-330"},"content":{"rendered":"<table style=\"height: 201px\" width=\"1275\">\n<tbody>\n<tr>\n<td style=\"text-align: center\"><strong>\u00d8 TUBE<\/strong><\/td>\n<td style=\"text-align: center\" colspan=\"9\"><strong>\u00d8 AXE<\/strong><\/td>\n<td style=\"text-align: center\" colspan=\"4\"><strong>CHARGE (daN)<\/strong><\/td>\n<\/tr>\n<tr>\n<td>89&#215;3<\/td>\n<td>17<\/td>\n<td colspan=\"8\">20<\/td>\n<td colspan=\"4\">200<\/td>\n<\/tr>\n<tr>\n<td>90&#215;7<\/td>\n<td>17<\/td>\n<td colspan=\"8\">20<\/td>\n<td colspan=\"4\">200<\/td>\n<\/tr>\n<tr>\n<td>108&#215;3<\/td>\n<td>17<\/td>\n<td colspan=\"8\">20<\/td>\n<td colspan=\"4\">200<\/td>\n<\/tr>\n<tr>\n<td colspan=\"10\">\n<p><strong><img loading=\"lazy\" decoding=\"async\" class=\"size-full wp-image-926 alignleft\" src=\"https:\/\/eurotransis.com\/wp-content\/uploads\/2016\/04\/cabezal.png\" alt=\"cabezal\" width=\"101\" height=\"72\" \/><\/strong><strong>POLYPROPYL\u00c8NE<\/strong><\/p>\n<p><strong>JOINT D&rsquo;\u00c9TANCH\u00c9IT\u00c9 LABYRINTHE THERMOPLASTIQUE<\/strong><\/td>\n<td colspan=\"4\">\n<p><strong><strong><img loading=\"lazy\" decoding=\"async\" class=\"wp-image-1453 size-full alignleft\" src=\"https:\/\/eurotransis.com\/wp-content\/uploads\/2016\/04\/hilera.png\" alt=\"\" width=\"101\" height=\"73\" srcset=\"https:\/\/eurotransis.com\/wp-content\/uploads\/2016\/04\/hilera.png 101w, https:\/\/eurotransis.com\/wp-content\/uploads\/2016\/04\/hilera-64x46.png 64w\" sizes=\"auto, (max-width: 101px) 100vw, 101px\" \/><\/strong><\/strong><strong>ROULEMENT DE PR\u00c9CISION<\/strong><\/p>\n<p><strong>DIN 625 6204-2RS1.<br \/>\n<\/strong><\/td>\n<\/tr>\n<tr>\n<td colspan=\"14\">\n<p><strong><img loading=\"lazy\" decoding=\"async\" class=\"alignleft\" src=\"https:\/\/eurotransis.com\/wp-content\/uploads\/2016\/04\/CL-150x150.png\" width=\"80\" height=\"80\" \/><\/strong><strong>COMPOSANTS ASSOCI\u00c9S : <\/strong><\/p>\n<p><strong>CL-JOINT \u00c0 LABYRINTHE<\/strong><\/td>\n<\/tr>\n<\/tbody>\n<\/table>\n<p><\/p>\n","protected":false},"excerpt":{"rendered":"<p>Embout thermoplastique avec roulement \u00e0 billes rigide (6303 \/ 6204).<\/p>\n<p>Ils conviennent au transport de charges semi-lourdes.<\/p>\n<p>Secteurs d&rsquo;application possibles : Fabrication, Distribution, Agriculture, Palettisation, Emballage, Industrie Mini\u00e8re, Ensachage.<\/p>\n","protected":false},"featured_media":17906,"comment_status":"closed","ping_status":"closed","template":"","meta":[],"product_brand":[],"product_cat":[772],"product_tag":[],"class_list":{"0":"post-3719","1":"product","2":"type-product","3":"status-publish","4":"has-post-thumbnail","6":"product_cat-serie-moyenne-fr","8":"first","9":"instock","10":"shipping-taxable","11":"product-type-simple"},"_links":{"self":[{"href":"https:\/\/eurotransis.com\/fr\/wp-json\/wp\/v2\/product\/3719","targetHints":{"allow":["GET"]}}],"collection":[{"href":"https:\/\/eurotransis.com\/fr\/wp-json\/wp\/v2\/product"}],"about":[{"href":"https:\/\/eurotransis.com\/fr\/wp-json\/wp\/v2\/types\/product"}],"replies":[{"embeddable":true,"href":"https:\/\/eurotransis.com\/fr\/wp-json\/wp\/v2\/comments?post=3719"}],"wp:featuredmedia":[{"embeddable":true,"href":"https:\/\/eurotransis.com\/fr\/wp-json\/wp\/v2\/media\/17906"}],"wp:attachment":[{"href":"https:\/\/eurotransis.com\/fr\/wp-json\/wp\/v2\/media?parent=3719"}],"wp:term":[{"taxonomy":"product_brand","embeddable":true,"href":"https:\/\/eurotransis.com\/fr\/wp-json\/wp\/v2\/product_brand?post=3719"},{"taxonomy":"product_cat","embeddable":true,"href":"https:\/\/eurotransis.com\/fr\/wp-json\/wp\/v2\/product_cat?post=3719"},{"taxonomy":"product_tag","embeddable":true,"href":"https:\/\/eurotransis.com\/fr\/wp-json\/wp\/v2\/product_tag?post=3719"}],"curies":[{"name":"wp","href":"https:\/\/api.w.org\/{rel}","templated":true}]}}