{"id":3724,"date":"2016-04-22T09:48:37","date_gmt":"2016-04-22T09:48:37","guid":{"rendered":"http:\/\/eurotransis.com\/fr\/tienda\/sin%20categorizar\/serie-em-250-2\/"},"modified":"2025-01-28T09:18:57","modified_gmt":"2025-01-28T08:18:57","slug":"serie-em-250-fr","status":"publish","type":"product","link":"https:\/\/eurotransis.com\/fr\/boutique\/composants-du-rouleau-fr\/embouts-gravitaires-en\/embout-thermoplastique-fr\/serie-legere-fr\/serie-em-250-fr\/","title":{"rendered":"S\u00e9rie EM-250"},"content":{"rendered":"<table style=\"height: 201px\" width=\"1275\">\n<tbody>\n<tr>\n<td style=\"text-align: center\" colspan=\"2\"><strong>\u00d8 TUBE<\/strong><\/td>\n<td style=\"text-align: center\" colspan=\"2\"><strong>\u00d8 AXE<\/strong><\/td>\n<td style=\"text-align: center\" colspan=\"4\"><strong>CHARGE (daN)<\/strong><\/td>\n<\/tr>\n<tr>\n<td colspan=\"2\">\u00a030&#215;1.5<\/td>\n<td colspan=\"2\">8-10-12-15<\/td>\n<td colspan=\"4\">80<\/td>\n<\/tr>\n<tr>\n<td colspan=\"2\">40&#215;1.5<\/td>\n<td colspan=\"2\">8-10-12-15<\/td>\n<td colspan=\"4\">80<\/td>\n<\/tr>\n<tr>\n<td colspan=\"4\">\n<p><strong><img loading=\"lazy\" decoding=\"async\" class=\"size-full wp-image-926 alignleft\" src=\"https:\/\/eurotransis.com\/wp-content\/uploads\/2016\/04\/cabezal.png\" alt=\"cabezal\" width=\"101\" height=\"72\" \/><\/strong><strong>NYLON<\/strong><\/p>\n<p><strong>REMARQUE : LE ROULEMENT ES FOURNI SANS ASSEMBLAGE SUR LE EMBOUT<\/strong><\/td>\n<td colspan=\"4\">\u00a0<strong><strong><img loading=\"lazy\" decoding=\"async\" class=\"wp-image-1453 size-full alignleft\" src=\"https:\/\/eurotransis.com\/wp-content\/uploads\/2016\/04\/hilera.png\" alt=\"\" width=\"101\" height=\"73\" srcset=\"https:\/\/eurotransis.com\/wp-content\/uploads\/2016\/04\/hilera.png 101w, https:\/\/eurotransis.com\/wp-content\/uploads\/2016\/04\/hilera-64x46.png 64w\" sizes=\"auto, (max-width: 101px) 100vw, 101px\" \/><\/strong><\/strong><strong>DIN 625 61802-2RS1<\/strong><\/td>\n<\/tr>\n<\/tbody>\n<\/table>\n<p>&nbsp;<\/p>\n","protected":false},"excerpt":{"rendered":"<p>Embout usin\u00e9e en nylon ou poly\u00e9thyl\u00e8ne avec douille pour roulement \u00e0 billes rigide.<\/p>\n<p>Ils conviennent au transport de charges l\u00e9g\u00e8res.<\/p>\n<p>Secteurs d&rsquo;application possibles : Logistique, A\u00e9roports, Fruits et L\u00e9gumes, Pharmaceutique<\/p>\n","protected":false},"featured_media":17892,"comment_status":"closed","ping_status":"closed","template":"","meta":[],"product_brand":[],"product_cat":[770],"product_tag":[],"class_list":{"0":"post-3724","1":"product","2":"type-product","3":"status-publish","4":"has-post-thumbnail","6":"product_cat-serie-legere-fr","8":"first","9":"instock","10":"shipping-taxable","11":"product-type-simple"},"_links":{"self":[{"href":"https:\/\/eurotransis.com\/fr\/wp-json\/wp\/v2\/product\/3724","targetHints":{"allow":["GET"]}}],"collection":[{"href":"https:\/\/eurotransis.com\/fr\/wp-json\/wp\/v2\/product"}],"about":[{"href":"https:\/\/eurotransis.com\/fr\/wp-json\/wp\/v2\/types\/product"}],"replies":[{"embeddable":true,"href":"https:\/\/eurotransis.com\/fr\/wp-json\/wp\/v2\/comments?post=3724"}],"wp:featuredmedia":[{"embeddable":true,"href":"https:\/\/eurotransis.com\/fr\/wp-json\/wp\/v2\/media\/17892"}],"wp:attachment":[{"href":"https:\/\/eurotransis.com\/fr\/wp-json\/wp\/v2\/media?parent=3724"}],"wp:term":[{"taxonomy":"product_brand","embeddable":true,"href":"https:\/\/eurotransis.com\/fr\/wp-json\/wp\/v2\/product_brand?post=3724"},{"taxonomy":"product_cat","embeddable":true,"href":"https:\/\/eurotransis.com\/fr\/wp-json\/wp\/v2\/product_cat?post=3724"},{"taxonomy":"product_tag","embeddable":true,"href":"https:\/\/eurotransis.com\/fr\/wp-json\/wp\/v2\/product_tag?post=3724"}],"curies":[{"name":"wp","href":"https:\/\/api.w.org\/{rel}","templated":true}]}}