{"id":3727,"date":"2016-04-25T11:30:09","date_gmt":"2016-04-25T11:30:09","guid":{"rendered":"http:\/\/eurotransis.com\/fr\/tienda\/sin%20categorizar\/mesa-giratoria-de-acumulacion\/"},"modified":"2024-10-09T13:23:11","modified_gmt":"2024-10-09T11:23:11","slug":"table-tournante-accumulation","status":"publish","type":"product","link":"https:\/\/eurotransis.com\/fr\/boutique\/fabricant-convoyeurs-rouleaux-fr\/tables-tournantes-fr\/table-tournante-accumulation\/","title":{"rendered":"Table tournante d&rsquo;accumulation"},"content":{"rendered":"<p>Les tables rotatives sont principalement utilis\u00e9es dans les changements de direction dans les lignes de production o\u00f9 il est n\u00e9cessaire de maintenir la direction d&rsquo;avancement de la charge. Sa structure permet une installation \u00e0 bord de n&rsquo;importe quelle configuration de convoyeur, qu&rsquo;il s&rsquo;agisse de rouleaux, de cha\u00eenes ou de tout type de transfert ou de levage.<\/p>\n<p>En fonction de sa fonctionnalit\u00e9, nous diff\u00e9rencions :<\/p>\n<ul>\n<li>Tables tournantes manuelles<\/li>\n<li>Tables tournantes motoris\u00e9es<\/li>\n<\/ul>\n<p>Les tables tournantes se caract\u00e9risent par leur rotation \u00e0 l&rsquo;aide d&rsquo;un roulement axial avec une capacit\u00e9 de charge et un nombre de man\u0153uvres \u00e9lev\u00e9s, une r\u00e9sistance minimale \u00e0 la rotation et \u00e0 l&rsquo;arr\u00eat-d\u00e9marrage, une hauteur de la plateforme tournante d&rsquo;environ 200 mm, un r\u00e9glage en hauteur, une unit\u00e9 d&rsquo;entra\u00eenement externe facilitant les t\u00e2ches de maintenance pr\u00e9ventive et avec des dimensions personnalisables en fonction des sp\u00e9cifications de charge.<\/p>\n<p><strong>Donn\u00e9es n\u00e9cessaires pour proposer\u00a0:<\/strong><\/p>\n<ul>\n<li>Secteur tournage<\/li>\n<li>Diam\u00e8tre du disque sup\u00e9rieur<\/li>\n<li>Dimensions du produit \u00e0 transporter (Hauteur, largeur et longueur)<\/li>\n<li>Poids du produit \u00e0 transporter (Kg)<\/li>\n<li>Hauteur de la plateforme tournante (mm)<\/li>\n<li>Hauteur du guides lat\u00e9raux (mm)<\/li>\n<li>Finition RAL : partie fixe et partie mobile<\/li>\n<li>Motor\u00e9ducteur pour rotation (kW)<\/li>\n<li>Donn\u00e9es suppl\u00e9mentaires<\/li>\n<\/ul>\n","protected":false},"excerpt":{"rendered":"<p>Les tables rotatives sont principalement utilis\u00e9es dans les changements de direction dans les lignes de production o\u00f9 il est n\u00e9cessaire de maintenir la direction d&rsquo;avancement de la charge. Sa structure permet une installation \u00e0 bord de n&rsquo;importe quelle configuration de convoyeur, qu&rsquo;il s&rsquo;agisse de rouleaux, de cha\u00eenes ou de tout type de transfert ou de &hellip; <a href=\"https:\/\/eurotransis.com\/fr\/boutique\/fabricant-convoyeurs-rouleaux-fr\/tables-tournantes-fr\/table-tournante-accumulation\/\">Voir plus<\/a><\/p>\n","protected":false},"featured_media":14963,"comment_status":"closed","ping_status":"closed","template":"","meta":[],"product_brand":[],"product_cat":[582,600],"product_tag":[],"class_list":{"0":"post-3727","1":"product","2":"type-product","3":"status-publish","4":"has-post-thumbnail","6":"product_cat-tables-tournantes-fr","7":"product_cat-tableau-d-accumulation-de-produits-fr","9":"first","10":"instock","11":"shipping-taxable","12":"product-type-simple"},"_links":{"self":[{"href":"https:\/\/eurotransis.com\/fr\/wp-json\/wp\/v2\/product\/3727","targetHints":{"allow":["GET"]}}],"collection":[{"href":"https:\/\/eurotransis.com\/fr\/wp-json\/wp\/v2\/product"}],"about":[{"href":"https:\/\/eurotransis.com\/fr\/wp-json\/wp\/v2\/types\/product"}],"replies":[{"embeddable":true,"href":"https:\/\/eurotransis.com\/fr\/wp-json\/wp\/v2\/comments?post=3727"}],"wp:featuredmedia":[{"embeddable":true,"href":"https:\/\/eurotransis.com\/fr\/wp-json\/wp\/v2\/media\/14963"}],"wp:attachment":[{"href":"https:\/\/eurotransis.com\/fr\/wp-json\/wp\/v2\/media?parent=3727"}],"wp:term":[{"taxonomy":"product_brand","embeddable":true,"href":"https:\/\/eurotransis.com\/fr\/wp-json\/wp\/v2\/product_brand?post=3727"},{"taxonomy":"product_cat","embeddable":true,"href":"https:\/\/eurotransis.com\/fr\/wp-json\/wp\/v2\/product_cat?post=3727"},{"taxonomy":"product_tag","embeddable":true,"href":"https:\/\/eurotransis.com\/fr\/wp-json\/wp\/v2\/product_tag?post=3727"}],"curies":[{"name":"wp","href":"https:\/\/api.w.org\/{rel}","templated":true}]}}