{"id":3733,"date":"2016-04-25T11:22:14","date_gmt":"2016-04-25T11:22:14","guid":{"rendered":"http:\/\/eurotransis.com\/fr\/tienda\/sin%20categorizar\/transferencia-para-perfiles\/"},"modified":"2024-10-10T07:44:09","modified_gmt":"2024-10-10T05:44:09","slug":"transfert-pour-profils","status":"publish","type":"product","link":"https:\/\/eurotransis.com\/fr\/boutique\/fabricant-convoyeurs-rouleaux-fr\/transfert-fr\/transfert-pour-profils\/","title":{"rendered":"Transfert pour profils"},"content":{"rendered":"<p>Les transferts s&rsquo;appliquent au transport de marchandises entre diff\u00e9rents itin\u00e9raires de transport lorsqu&rsquo;il est n\u00e9cessaire de changer l&rsquo;adresse de l&rsquo;objet transport\u00e9.<\/p>\n<p>Selon le type de mat\u00e9riel de r\u00e9ception et de collecte des transferts, on peut diff\u00e9rencier :<\/p>\n<ul>\n<li>Transfert par cha\u00eene-rouleaux.<\/li>\n<li>Transfert par courroie crant\u00e9e-rouleaux.<\/li>\n<li>Transfert par courroie ronde-rouleaux.<\/li>\n<li>Transfert par cha\u00eene-cha\u00eene.<\/li>\n<\/ul>\n<p>Roltia con\u00e7oit, fabrique et commercialise une large gamme de transferts adapt\u00e9s \u00e0 une multitude d&rsquo;applications dans les syst\u00e8mes de manutention et de palettisation. Leur conception se caract\u00e9rise par leur disponibilit\u00e9 pour des charges l\u00e9g\u00e8res et lourdes, le levage m\u00e9canique pneumatique ou motoris\u00e9, la stabilit\u00e9 de la charge en levage, la fabrication en acier peint, zingu\u00e9 ou inoxydable, entre autres.<\/p>\n<p><strong>Donn\u00e9es n\u00e9cessaires pour proposer\u00a0:<\/strong><\/p>\n<ul>\n<li>Longueur (mm)<\/li>\n<li>Largeur utile (mm)<\/li>\n<li>Hauteur de travail (mm)<\/li>\n<li>Vitesse de transport<\/li>\n<li>Nombre de succursales<\/li>\n<li>Dimensions du produit \u00e0 transporter (Hauteur, largeur et longueur)<\/li>\n<li>Poids du produit \u00e0 transporter (Kg)<\/li>\n<li>Donn\u00e9es suppl\u00e9mentaires<\/li>\n<\/ul>\n","protected":false},"excerpt":{"rendered":"<p>Les transferts s&rsquo;appliquent au transport de marchandises entre diff\u00e9rents itin\u00e9raires de transport lorsqu&rsquo;il est n\u00e9cessaire de changer l&rsquo;adresse de l&rsquo;objet transport\u00e9. Selon le type de mat\u00e9riel de r\u00e9ception et de collecte des transferts, on peut diff\u00e9rencier : Transfert par cha\u00eene-rouleaux. Transfert par courroie crant\u00e9e-rouleaux. Transfert par courroie ronde-rouleaux. Transfert par cha\u00eene-cha\u00eene. Roltia con\u00e7oit, fabrique et &hellip; <a href=\"https:\/\/eurotransis.com\/fr\/boutique\/fabricant-convoyeurs-rouleaux-fr\/transfert-fr\/transfert-pour-profils\/\">Voir plus<\/a><\/p>\n","protected":false},"featured_media":14842,"comment_status":"closed","ping_status":"closed","template":"","meta":[],"product_brand":[],"product_cat":[630],"product_tag":[],"class_list":{"0":"post-3733","1":"product","2":"type-product","3":"status-publish","4":"has-post-thumbnail","6":"product_cat-transfert-fr","8":"first","9":"instock","10":"shipping-taxable","11":"product-type-simple"},"_links":{"self":[{"href":"https:\/\/eurotransis.com\/fr\/wp-json\/wp\/v2\/product\/3733","targetHints":{"allow":["GET"]}}],"collection":[{"href":"https:\/\/eurotransis.com\/fr\/wp-json\/wp\/v2\/product"}],"about":[{"href":"https:\/\/eurotransis.com\/fr\/wp-json\/wp\/v2\/types\/product"}],"replies":[{"embeddable":true,"href":"https:\/\/eurotransis.com\/fr\/wp-json\/wp\/v2\/comments?post=3733"}],"wp:featuredmedia":[{"embeddable":true,"href":"https:\/\/eurotransis.com\/fr\/wp-json\/wp\/v2\/media\/14842"}],"wp:attachment":[{"href":"https:\/\/eurotransis.com\/fr\/wp-json\/wp\/v2\/media?parent=3733"}],"wp:term":[{"taxonomy":"product_brand","embeddable":true,"href":"https:\/\/eurotransis.com\/fr\/wp-json\/wp\/v2\/product_brand?post=3733"},{"taxonomy":"product_cat","embeddable":true,"href":"https:\/\/eurotransis.com\/fr\/wp-json\/wp\/v2\/product_cat?post=3733"},{"taxonomy":"product_tag","embeddable":true,"href":"https:\/\/eurotransis.com\/fr\/wp-json\/wp\/v2\/product_tag?post=3733"}],"curies":[{"name":"wp","href":"https:\/\/api.w.org\/{rel}","templated":true}]}}