{"id":3738,"date":"2016-04-25T11:16:02","date_gmt":"2016-04-25T11:16:02","guid":{"rendered":"http:\/\/eurotransis.com\/fr\/tienda\/sin%20categorizar\/curva-motorizada-de-45o\/"},"modified":"2024-10-07T14:41:20","modified_gmt":"2024-10-07T12:41:20","slug":"courbe-motorisee-45","status":"publish","type":"product","link":"https:\/\/eurotransis.com\/fr\/boutique\/fabricant-convoyeurs-rouleaux-fr\/convoyeurs-courbes-a-rouleaux-fr\/courbes-motorisees-fr\/courbe-motorisee-45\/","title":{"rendered":"Courbe motoris\u00e9e \u00e0 45\u00ba"},"content":{"rendered":"<p>Nos convoyeurs sont con\u00e7us pour faciliter le flux continu de mat\u00e9riaux et de produits dans les environnements industriels, optimisant ainsi les processus de production et de logistique.<\/p>\n<p>Nous utilisons toujours des mat\u00e9riaux de premi\u00e8re qualit\u00e9 et des technologies de pointe pour garantir la durabilit\u00e9 et la fiabilit\u00e9 de nos convoyeurs et courbes motoris\u00e9es. Pour y parvenir, l\u2019\u00e9quipe d\u2019experts en ing\u00e9nierie travaille en \u00e9troite collaboration avec le client pour comprendre ses besoins et proposer des solutions qui d\u00e9passent ses attentes.<\/p>\n<p><strong>Donn\u00e9es n\u00e9cessaires pour proposer\u00a0:<\/strong><\/p>\n<ul>\n<li>Secteur de la courbe<\/li>\n<li>Largeur nominal (mm)<\/li>\n<li>Hauteur de transport d&rsquo;entr\u00e9e (mm)<\/li>\n<li>Hauteur de transport en sortie (mm)<\/li>\n<li>Pas moyen entre centres des rouleaux<\/li>\n<li>Vitesse fixe (m\u00e8tres\/minute)<\/li>\n<li>Motor\u00e9ducteur (kW)<\/li>\n<li>Rayon int\u00e9rieur courbe (mm)<\/li>\n<li>Position de travail<\/li>\n<li>Dimensions du produit \u00e0 transporter (Hauteur, largeur et longueur)<\/li>\n<li>Poids du produit \u00e0 transporter (kg)<\/li>\n<li>Autres informations compl\u00e9mentaires<\/li>\n<\/ul>\n","protected":false},"excerpt":{"rendered":"<p>Nos convoyeurs sont con\u00e7us pour faciliter le flux continu de mat\u00e9riaux et de produits dans les environnements industriels, optimisant ainsi les processus de production et de logistique. Nous utilisons toujours des mat\u00e9riaux de premi\u00e8re qualit\u00e9 et des technologies de pointe pour garantir la durabilit\u00e9 et la fiabilit\u00e9 de nos convoyeurs et courbes motoris\u00e9es. Pour y &hellip; <a href=\"https:\/\/eurotransis.com\/fr\/boutique\/fabricant-convoyeurs-rouleaux-fr\/convoyeurs-courbes-a-rouleaux-fr\/courbes-motorisees-fr\/courbe-motorisee-45\/\">Voir plus<\/a><\/p>\n","protected":false},"featured_media":14607,"comment_status":"closed","ping_status":"closed","template":"","meta":[],"product_brand":[],"product_cat":[619],"product_tag":[],"class_list":{"0":"post-3738","1":"product","2":"type-product","3":"status-publish","4":"has-post-thumbnail","6":"product_cat-courbes-motorisees-fr","8":"first","9":"instock","10":"shipping-taxable","11":"product-type-simple"},"_links":{"self":[{"href":"https:\/\/eurotransis.com\/fr\/wp-json\/wp\/v2\/product\/3738","targetHints":{"allow":["GET"]}}],"collection":[{"href":"https:\/\/eurotransis.com\/fr\/wp-json\/wp\/v2\/product"}],"about":[{"href":"https:\/\/eurotransis.com\/fr\/wp-json\/wp\/v2\/types\/product"}],"replies":[{"embeddable":true,"href":"https:\/\/eurotransis.com\/fr\/wp-json\/wp\/v2\/comments?post=3738"}],"wp:featuredmedia":[{"embeddable":true,"href":"https:\/\/eurotransis.com\/fr\/wp-json\/wp\/v2\/media\/14607"}],"wp:attachment":[{"href":"https:\/\/eurotransis.com\/fr\/wp-json\/wp\/v2\/media?parent=3738"}],"wp:term":[{"taxonomy":"product_brand","embeddable":true,"href":"https:\/\/eurotransis.com\/fr\/wp-json\/wp\/v2\/product_brand?post=3738"},{"taxonomy":"product_cat","embeddable":true,"href":"https:\/\/eurotransis.com\/fr\/wp-json\/wp\/v2\/product_cat?post=3738"},{"taxonomy":"product_tag","embeddable":true,"href":"https:\/\/eurotransis.com\/fr\/wp-json\/wp\/v2\/product_tag?post=3738"}],"curies":[{"name":"wp","href":"https:\/\/api.w.org\/{rel}","templated":true}]}}