{"id":3742,"date":"2016-04-25T10:58:36","date_gmt":"2016-04-25T10:58:36","guid":{"rendered":"http:\/\/eurotransis.com\/fr\/tienda\/sin%20categorizar\/curva-de-gravedad-de-45o\/"},"modified":"2024-10-07T11:27:31","modified_gmt":"2024-10-07T09:27:31","slug":"courbe-de-gravite-45","status":"publish","type":"product","link":"https:\/\/eurotransis.com\/fr\/boutique\/fabricant-convoyeurs-rouleaux-fr\/convoyeurs-courbes-a-rouleaux-fr\/courbes-de-gravite-fr\/courbe-de-gravite-45\/","title":{"rendered":"Courbe de gravit\u00e9 \u00e0 45\u00ba"},"content":{"rendered":"<p>Nos convoyeurs sont con\u00e7us pour faciliter le flux continu de mat\u00e9riaux et de produits dans les environnements industriels, optimisant ainsi les processus de production et de logistique.<\/p>\n<p>Pour les changements de direction des flux de transport, Roltia a la capacit\u00e9 de fabriquer aussi bien des courbes \u00e0 gravit\u00e9 que des courbes \u00e0 galets, des courbes \u00e0 rouleaux coniques ou des courbes \u00e0 rouleaux cylindriques simples, doubles et triples, avec des largeurs de 150 mm \u00e0 1500 mm et avec rouleaux coniques en polyamide haute r\u00e9sistance, cylindrique en m\u00e9tal ou en PVC.<\/p>\n<p><strong>Donn\u00e9es n\u00e9cessaires pour proposer\u00a0:<\/strong><\/p>\n<ul>\n<li>Secteur de la courbe<\/li>\n<li>Largeur nominal (mm)<\/li>\n<li>Hauteur de transport d&rsquo;entr\u00e9e (mm)<\/li>\n<li>Hauteur de transport en sortie (mm)<\/li>\n<li>Pas moyen entre centres des rouleaux<\/li>\n<li>Rayon int\u00e9rieur courbe (mm)<\/li>\n<li>Position de travail<\/li>\n<li>Dimensions du produit \u00e0 transporter (Hauteur, largeur et longueur)<\/li>\n<li>Poids du produit \u00e0 transporter (kg)<\/li>\n<li>Rails lat\u00e9raux (Oui\/Non)<\/li>\n<li>But\u00e9e finale (Oui\/Non)<\/li>\n<li>Finition (RAL\/Zingu\u00e9\/Inox)<\/li>\n<li>Autres informations compl\u00e9mentaires<\/li>\n<\/ul>\n","protected":false},"excerpt":{"rendered":"<p>Nos convoyeurs sont con\u00e7us pour faciliter le flux continu de mat\u00e9riaux et de produits dans les environnements industriels, optimisant ainsi les processus de production et de logistique. Pour les changements de direction des flux de transport, Roltia a la capacit\u00e9 de fabriquer aussi bien des courbes \u00e0 gravit\u00e9 que des courbes \u00e0 galets, des courbes &hellip; <a href=\"https:\/\/eurotransis.com\/fr\/boutique\/fabricant-convoyeurs-rouleaux-fr\/convoyeurs-courbes-a-rouleaux-fr\/courbes-de-gravite-fr\/courbe-de-gravite-45\/\">Voir plus<\/a><\/p>\n","protected":false},"featured_media":15004,"comment_status":"closed","ping_status":"closed","template":"","meta":[],"product_brand":[],"product_cat":[614],"product_tag":[],"class_list":{"0":"post-3742","1":"product","2":"type-product","3":"status-publish","4":"has-post-thumbnail","6":"product_cat-courbes-de-gravite-fr","8":"first","9":"instock","10":"shipping-taxable","11":"product-type-simple"},"_links":{"self":[{"href":"https:\/\/eurotransis.com\/fr\/wp-json\/wp\/v2\/product\/3742","targetHints":{"allow":["GET"]}}],"collection":[{"href":"https:\/\/eurotransis.com\/fr\/wp-json\/wp\/v2\/product"}],"about":[{"href":"https:\/\/eurotransis.com\/fr\/wp-json\/wp\/v2\/types\/product"}],"replies":[{"embeddable":true,"href":"https:\/\/eurotransis.com\/fr\/wp-json\/wp\/v2\/comments?post=3742"}],"wp:featuredmedia":[{"embeddable":true,"href":"https:\/\/eurotransis.com\/fr\/wp-json\/wp\/v2\/media\/15004"}],"wp:attachment":[{"href":"https:\/\/eurotransis.com\/fr\/wp-json\/wp\/v2\/media?parent=3742"}],"wp:term":[{"taxonomy":"product_brand","embeddable":true,"href":"https:\/\/eurotransis.com\/fr\/wp-json\/wp\/v2\/product_brand?post=3742"},{"taxonomy":"product_cat","embeddable":true,"href":"https:\/\/eurotransis.com\/fr\/wp-json\/wp\/v2\/product_cat?post=3742"},{"taxonomy":"product_tag","embeddable":true,"href":"https:\/\/eurotransis.com\/fr\/wp-json\/wp\/v2\/product_tag?post=3742"}],"curies":[{"name":"wp","href":"https:\/\/api.w.org\/{rel}","templated":true}]}}