{"id":3771,"date":"2016-04-25T10:19:42","date_gmt":"2016-04-25T10:19:42","guid":{"rendered":"http:\/\/eurotransis.com\/fr\/tienda\/sin%20categorizar\/transportador-tretacadenas\/"},"modified":"2024-10-08T08:15:27","modified_gmt":"2024-10-08T06:15:27","slug":"convoyeur-tetrachaines","status":"publish","type":"product","link":"https:\/\/eurotransis.com\/fr\/boutique\/fabricant-convoyeurs-rouleaux-fr\/convoyeurs-a-chaine-fr\/convoyeur-tetrachaines\/","title":{"rendered":"Convoyeur de t\u00e9tracha\u00eenes"},"content":{"rendered":"<p>Forts de plusieurs ann\u00e9es d\u2019exp\u00e9rience dans la fabrication de convoyeurs industriels, nous avons d\u00e9velopp\u00e9 une solide exp\u00e9rience dans la fabrication de convoyeurs \u00e0 cha\u00eenes. \u00c0 cette fin, l\u2019\u00e9quipe d\u2019ing\u00e9nieurs hautement qualifi\u00e9s et sp\u00e9cialis\u00e9s utilise ses connaissances et son exp\u00e9rience pour garantir la qualit\u00e9 et la fiabilit\u00e9 de chaque convoyeur que nous produisons.<\/p>\n<p>Nos convoyeurs \u00e0 cha\u00eene sont con\u00e7us pour le d\u00e9placement fluide et s\u00fbr des mat\u00e9riaux et des produits dans des environnements industriels exigeants. Ils constituent une solution polyvalente et r\u00e9sistante qui offre une capacit\u00e9 de chargement sup\u00e9rieure et transporte des mat\u00e9riaux lourds sur de longues distances.<\/p>\n<p>De plus, ils sont largement utilis\u00e9s dans une vari\u00e9t\u00e9 de secteurs, notamment l\u2019industrie agroalimentaire, l\u2019automobile, la logistique, entre autres. Id\u00e9al pour le d\u00e9placement de palettes et de charges lourdes. Fabrication modulaire normalis\u00e9e en acier peint s\u00e9ch\u00e9 \u00e0 190\u00ba ou en acier inoxydable. Syst\u00e8me d&rsquo;accumulation pas \u00e0 pas avec cha\u00eene d&rsquo;accumulation sp\u00e9ciale.<\/p>\n<p><strong>Donn\u00e9es n\u00e9cessaires pour proposer:<\/strong><\/p>\n<ul>\n<li>Longueur de l&rsquo;\u00e9quipement (mm)<\/li>\n<li>Passage entre centres de rouleaux<\/li>\n<li>Nombre de branches de la cha\u00eene<\/li>\n<li>Hauteur de travail (mm)<\/li>\n<li>Vitesse fixe (m\u00e8tres\/minute)<\/li>\n<li>Motor\u00e9ducteur (kW)<\/li>\n<li>Dimensions du produit \u00e0 transporter (Hauteur, largeur et longueur)<\/li>\n<li>Poids du produit \u00e0 transporter (kg)<\/li>\n<li>Autres informations compl\u00e9mentaires<\/li>\n<\/ul>\n","protected":false},"excerpt":{"rendered":"<p>Forts de plusieurs ann\u00e9es d\u2019exp\u00e9rience dans la fabrication de convoyeurs industriels, nous avons d\u00e9velopp\u00e9 une solide exp\u00e9rience dans la fabrication de convoyeurs \u00e0 cha\u00eenes. \u00c0 cette fin, l\u2019\u00e9quipe d\u2019ing\u00e9nieurs hautement qualifi\u00e9s et sp\u00e9cialis\u00e9s utilise ses connaissances et son exp\u00e9rience pour garantir la qualit\u00e9 et la fiabilit\u00e9 de chaque convoyeur que nous produisons. Nos convoyeurs \u00e0 &hellip; <a href=\"https:\/\/eurotransis.com\/fr\/boutique\/fabricant-convoyeurs-rouleaux-fr\/convoyeurs-a-chaine-fr\/convoyeur-tetrachaines\/\">Voir plus<\/a><\/p>\n","protected":false},"featured_media":14615,"comment_status":"closed","ping_status":"closed","template":"","meta":[],"product_brand":[],"product_cat":[547],"product_tag":[],"class_list":{"0":"post-3771","1":"product","2":"type-product","3":"status-publish","4":"has-post-thumbnail","6":"product_cat-convoyeurs-a-chaine-fr","8":"first","9":"instock","10":"shipping-taxable","11":"product-type-simple"},"_links":{"self":[{"href":"https:\/\/eurotransis.com\/fr\/wp-json\/wp\/v2\/product\/3771","targetHints":{"allow":["GET"]}}],"collection":[{"href":"https:\/\/eurotransis.com\/fr\/wp-json\/wp\/v2\/product"}],"about":[{"href":"https:\/\/eurotransis.com\/fr\/wp-json\/wp\/v2\/types\/product"}],"replies":[{"embeddable":true,"href":"https:\/\/eurotransis.com\/fr\/wp-json\/wp\/v2\/comments?post=3771"}],"wp:featuredmedia":[{"embeddable":true,"href":"https:\/\/eurotransis.com\/fr\/wp-json\/wp\/v2\/media\/14615"}],"wp:attachment":[{"href":"https:\/\/eurotransis.com\/fr\/wp-json\/wp\/v2\/media?parent=3771"}],"wp:term":[{"taxonomy":"product_brand","embeddable":true,"href":"https:\/\/eurotransis.com\/fr\/wp-json\/wp\/v2\/product_brand?post=3771"},{"taxonomy":"product_cat","embeddable":true,"href":"https:\/\/eurotransis.com\/fr\/wp-json\/wp\/v2\/product_cat?post=3771"},{"taxonomy":"product_tag","embeddable":true,"href":"https:\/\/eurotransis.com\/fr\/wp-json\/wp\/v2\/product_tag?post=3771"}],"curies":[{"name":"wp","href":"https:\/\/api.w.org\/{rel}","templated":true}]}}