{"id":3782,"date":"2016-04-25T10:13:33","date_gmt":"2016-04-25T10:13:33","guid":{"rendered":"http:\/\/eurotransis.com\/fr\/tienda\/sin%20categorizar\/transportador-de-rodillos-motorizados-para-palets\/"},"modified":"2025-07-29T14:12:58","modified_gmt":"2025-07-29T12:12:58","slug":"convoyeur-commande-a-rouleaux-pour-palettes","status":"publish","type":"product","link":"https:\/\/eurotransis.com\/fr\/boutique\/fabricant-convoyeurs-rouleaux-fr\/convoyeurs-droits-a-rouleaux-fr\/convoyeurs-a-rouleaux-commandes-fr\/commande-transport-lourd-fr\/convoyeur-commande-a-rouleaux-pour-palettes\/","title":{"rendered":"Convoyeur \u00e0 rouleaux motoris\u00e9s pour palettes"},"content":{"rendered":"<p>Nos convoyeurs sont con\u00e7us pour faciliter le flux continu de mat\u00e9riaux et de produits dans les environnements industriels, optimisant ainsi les processus de production et de logistique.<\/p>\n<p>Les convoyeurs motoris\u00e9s sont adapt\u00e9s aux besoins sp\u00e9cifiques de chaque client pour faciliter le transport et l&rsquo;accumulation de charges l\u00e9g\u00e8res et lourdes.<\/p>\n<p>Selon la transmission utilis\u00e9e pour entra\u00eener les rouleaux, on peut les diff\u00e9rencier par leur syst\u00e8me de transmission par boucles ferm\u00e9es, boucles \u00e0 cha\u00eene, boucles de ceinture plates, rondes, dent\u00e9es ou Poly-V, syst\u00e8me de transmission par \u00e9l\u00e9ment tangentiel, cha\u00eene tangentielle, courroie plate, ronde ou dent\u00e9e tangentielle.<\/p>\n<p><strong>Donn\u00e9es n\u00e9cessaires pour proposer\u00a0:<\/strong><\/p>\n<ul>\n<li>Largeur utile (mm)<\/li>\n<li>Longueur (mm)<\/li>\n<li>Hauteur de transport (mm)<\/li>\n<li>Dimensions du produit \u00e0 transporter (Hauteur, largeur et longueur)<\/li>\n<li>Poids du produit \u00e0 transporter (kg)<\/li>\n<li>Vitesse souhait\u00e9e (m\u00e8tres\/minute)<\/li>\n<li>Rails lat\u00e9raux (Oui\/Non)<\/li>\n<li>But\u00e9e finale (Oui\/Non)<\/li>\n<li>Finition (RAL\/Zingu\u00e9\/Inox)<\/li>\n<li>Autres informations compl\u00e9mentaires<\/li>\n<\/ul>\n","protected":false},"excerpt":{"rendered":"<p>Nos convoyeurs sont con\u00e7us pour faciliter le flux continu de mat\u00e9riaux et de produits dans les environnements industriels, optimisant ainsi les processus de production et de logistique. Les convoyeurs motoris\u00e9s sont adapt\u00e9s aux besoins sp\u00e9cifiques de chaque client pour faciliter le transport et l&rsquo;accumulation de charges l\u00e9g\u00e8res et lourdes. Selon la transmission utilis\u00e9e pour entra\u00eener &hellip; <a href=\"https:\/\/eurotransis.com\/fr\/boutique\/fabricant-convoyeurs-rouleaux-fr\/convoyeurs-droits-a-rouleaux-fr\/convoyeurs-a-rouleaux-commandes-fr\/commande-transport-lourd-fr\/convoyeur-commande-a-rouleaux-pour-palettes\/\">Voir plus<\/a><\/p>\n","protected":false},"featured_media":13063,"comment_status":"closed","ping_status":"closed","template":"","meta":[],"product_brand":[],"product_cat":[633],"product_tag":[],"class_list":{"0":"post-3782","1":"product","2":"type-product","3":"status-publish","4":"has-post-thumbnail","6":"product_cat-commande-transport-lourd-fr","8":"first","9":"instock","10":"shipping-taxable","11":"product-type-simple"},"_links":{"self":[{"href":"https:\/\/eurotransis.com\/fr\/wp-json\/wp\/v2\/product\/3782","targetHints":{"allow":["GET"]}}],"collection":[{"href":"https:\/\/eurotransis.com\/fr\/wp-json\/wp\/v2\/product"}],"about":[{"href":"https:\/\/eurotransis.com\/fr\/wp-json\/wp\/v2\/types\/product"}],"replies":[{"embeddable":true,"href":"https:\/\/eurotransis.com\/fr\/wp-json\/wp\/v2\/comments?post=3782"}],"wp:featuredmedia":[{"embeddable":true,"href":"https:\/\/eurotransis.com\/fr\/wp-json\/wp\/v2\/media\/13063"}],"wp:attachment":[{"href":"https:\/\/eurotransis.com\/fr\/wp-json\/wp\/v2\/media?parent=3782"}],"wp:term":[{"taxonomy":"product_brand","embeddable":true,"href":"https:\/\/eurotransis.com\/fr\/wp-json\/wp\/v2\/product_brand?post=3782"},{"taxonomy":"product_cat","embeddable":true,"href":"https:\/\/eurotransis.com\/fr\/wp-json\/wp\/v2\/product_cat?post=3782"},{"taxonomy":"product_tag","embeddable":true,"href":"https:\/\/eurotransis.com\/fr\/wp-json\/wp\/v2\/product_tag?post=3782"}],"curies":[{"name":"wp","href":"https:\/\/api.w.org\/{rel}","templated":true}]}}