{"id":3796,"date":"2016-04-25T09:59:48","date_gmt":"2016-04-25T09:59:48","guid":{"rendered":"http:\/\/eurotransis.com\/fr\/tienda\/sin%20categorizar\/mesa-de-bolas-transportadoras\/"},"modified":"2024-10-10T11:12:10","modified_gmt":"2024-10-10T09:12:10","slug":"tables-a-boules-transporteuses","status":"publish","type":"product","link":"https:\/\/eurotransis.com\/fr\/boutique\/fabricant-convoyeurs-rouleaux-fr\/autres-solutions-fr\/table-a-billes-fr\/tables-a-boules-transporteuses\/","title":{"rendered":"Tables \u00e0 boules transporteuses"},"content":{"rendered":"<p>En tant que fabricants sp\u00e9cialis\u00e9s, nous sommes fiers d&rsquo;offrir des produits de haute qualit\u00e9 tels que des tables transporteuses \u00e0 billes, con\u00e7ues pour r\u00e9pondre aux besoins, faciliter le flux continu de mat\u00e9riaux et de produits, en optimisant les processus de production et de logistique.<\/p>\n<p>Nous utilisons toujours des mat\u00e9riaux de premi\u00e8re qualit\u00e9 et des technologies de pointe pour garantir la durabilit\u00e9 et la fiabilit\u00e9 de nos produits. Pour y parvenir, l\u2019\u00e9quipe d\u2019experts en ing\u00e9nierie travaille en \u00e9troite collaboration avec le client pour comprendre ses besoins et proposer des solutions qui d\u00e9passent ses attentes.<\/p>\n<p><strong>Donn\u00e9es n\u00e9cessaires pour proposer\u00a0:<\/strong><\/p>\n<ul>\n<li>Longueur (mm)<\/li>\n<li>Largeur utile (mm)<\/li>\n<li>Billes de diam\u00e8tre dw<\/li>\n<li>Diam\u00e8tre du corps D<\/li>\n<li>Diam\u00e8tre d&rsquo;appui D1<\/li>\n<li>Hauteur totale H<\/li>\n<li>Hauteur au-dessus de la surface d&rsquo;appui<\/li>\n<li>Dimensions du produit \u00e0 transporter (Hauteur, largeur et longueur)<\/li>\n<li>Poids du produit \u00e0 transporter<\/li>\n<li>Guides lat\u00e9raux (Oui\/Non)<\/li>\n<li>Donn\u00e9es suppl\u00e9mentaires<\/li>\n<\/ul>\n","protected":false},"excerpt":{"rendered":"<p>En tant que fabricants sp\u00e9cialis\u00e9s, nous sommes fiers d&rsquo;offrir des produits de haute qualit\u00e9 tels que des tables transporteuses \u00e0 billes, con\u00e7ues pour r\u00e9pondre aux besoins, faciliter le flux continu de mat\u00e9riaux et de produits, en optimisant les processus de production et de logistique. Nous utilisons toujours des mat\u00e9riaux de premi\u00e8re qualit\u00e9 et des technologies &hellip; <a href=\"https:\/\/eurotransis.com\/fr\/boutique\/fabricant-convoyeurs-rouleaux-fr\/autres-solutions-fr\/table-a-billes-fr\/tables-a-boules-transporteuses\/\">Voir plus<\/a><\/p>\n","protected":false},"featured_media":17156,"comment_status":"closed","ping_status":"closed","template":"","meta":[],"product_brand":[],"product_cat":[602,584],"product_tag":[],"class_list":{"0":"post-3796","1":"product","2":"type-product","3":"status-publish","4":"has-post-thumbnail","6":"product_cat-table-a-billes-fr","7":"product_cat-autres-solutions-fr","9":"first","10":"instock","11":"shipping-taxable","12":"product-type-simple"},"_links":{"self":[{"href":"https:\/\/eurotransis.com\/fr\/wp-json\/wp\/v2\/product\/3796","targetHints":{"allow":["GET"]}}],"collection":[{"href":"https:\/\/eurotransis.com\/fr\/wp-json\/wp\/v2\/product"}],"about":[{"href":"https:\/\/eurotransis.com\/fr\/wp-json\/wp\/v2\/types\/product"}],"replies":[{"embeddable":true,"href":"https:\/\/eurotransis.com\/fr\/wp-json\/wp\/v2\/comments?post=3796"}],"wp:featuredmedia":[{"embeddable":true,"href":"https:\/\/eurotransis.com\/fr\/wp-json\/wp\/v2\/media\/17156"}],"wp:attachment":[{"href":"https:\/\/eurotransis.com\/fr\/wp-json\/wp\/v2\/media?parent=3796"}],"wp:term":[{"taxonomy":"product_brand","embeddable":true,"href":"https:\/\/eurotransis.com\/fr\/wp-json\/wp\/v2\/product_brand?post=3796"},{"taxonomy":"product_cat","embeddable":true,"href":"https:\/\/eurotransis.com\/fr\/wp-json\/wp\/v2\/product_cat?post=3796"},{"taxonomy":"product_tag","embeddable":true,"href":"https:\/\/eurotransis.com\/fr\/wp-json\/wp\/v2\/product_tag?post=3796"}],"curies":[{"name":"wp","href":"https:\/\/api.w.org\/{rel}","templated":true}]}}