{"id":3806,"date":"2016-04-25T09:45:08","date_gmt":"2016-04-25T09:45:08","guid":{"rendered":"http:\/\/eurotransis.com\/fr\/tienda\/sin%20categorizar\/extensible-de-rodillos-metalicos\/"},"modified":"2024-10-09T07:38:50","modified_gmt":"2024-10-09T05:38:50","slug":"convoyeur-extensible-rouleaux-acier","status":"publish","type":"product","link":"https:\/\/eurotransis.com\/fr\/boutique\/fabricant-convoyeurs-rouleaux-fr\/convoyeurs-extensibles-fr\/extensible-rouleaux-fr\/convoyeur-extensible-rouleaux-acier\/","title":{"rendered":"Convoyeur extensible \u00e0 rouleaux en acier"},"content":{"rendered":"<p>Les convoyeurs extensibles sont utilis\u00e9s de mani\u00e8re optimale pour les points de l&rsquo;installation o\u00f9 nous ne pouvons pas disposer d&rsquo;un convoyeur fixe ou avec des points de chargement et de d\u00e9chargement variables. La famille de ces convoyeurs est class\u00e9e comme suit :<\/p>\n<ul>\n<li>Convoyeur extensible \u00e0 rouleaux en acier<\/li>\n<li>Convoyeur extensible \u00e0 rouleaux en PVC<\/li>\n<li>Convoyeur extensible \u00e0 galets en acier<\/li>\n<li>Convoyeur extensible \u00e0 galets en PVC<\/li>\n<\/ul>\n<p><em>*Disponibilit\u00e9 : Convoyeur extensible motoris\u00e9 \u00e0 rouleaux m\u00e9tallique <\/em><\/p>\n<p>Les convoyeurs extensibles \u00e0 rouleaux constituent une solution polyvalente et hautement fonctionnelle pour optimiser le flux de mat\u00e9riaux l\u00e9gers sur une ligne de production. Ces convoyeurs sont constitu\u00e9s d&rsquo;une s\u00e9rie de rouleaux connect\u00e9s qui permettent une extension ou une r\u00e9traction en fonction des besoins de charge et de l&rsquo;espace disponible dans l&rsquo;usine.<\/p>\n<p>Ils sont fabriqu\u00e9s \u00e0 l&rsquo;aide de rouleaux durables en acier ou en PVC, garantissant leur solidit\u00e9 et leurs performances fiables dans des environnements industriels exigeants.<\/p>\n<p>Longueurs standardis\u00e9es \u00e0 2300 mm \u2013 3700 mm \u2013 5000 mm \u00e9tendues. En tenant compte du fait qu&rsquo;en joignant les plaques, nous pouvons obtenir des longueurs sup\u00e9rieures \u00e0 celles indiqu\u00e9es.<\/p>\n<p><strong>Donn\u00e9es n\u00e9cessaires pour proposer\u00a0:<\/strong><\/p>\n<ul>\n<li>Longueur ouverte (mm)<\/li>\n<li>Longueur ferm\u00e9e (mm)<\/li>\n<li>Largeur (mm)<\/li>\n<li>Rouleaux (Zingu\u00e9\/PVC\/Inoxydable)<\/li>\n<li>Hauteur de travail (580-800 mm \/ 750-1 150 mm)<\/li>\n<li>Autres informations compl\u00e9mentaires<\/li>\n<\/ul>\n","protected":false},"excerpt":{"rendered":"<p>Les convoyeurs extensibles sont utilis\u00e9s de mani\u00e8re optimale pour les points de l&rsquo;installation o\u00f9 nous ne pouvons pas disposer d&rsquo;un convoyeur fixe ou avec des points de chargement et de d\u00e9chargement variables. La famille de ces convoyeurs est class\u00e9e comme suit : Convoyeur extensible \u00e0 rouleaux en acier Convoyeur extensible \u00e0 rouleaux en PVC Convoyeur &hellip; <a href=\"https:\/\/eurotransis.com\/fr\/boutique\/fabricant-convoyeurs-rouleaux-fr\/convoyeurs-extensibles-fr\/extensible-rouleaux-fr\/convoyeur-extensible-rouleaux-acier\/\">Voir plus<\/a><\/p>\n","protected":false},"featured_media":14700,"comment_status":"closed","ping_status":"closed","template":"","meta":[],"product_brand":[],"product_cat":[568],"product_tag":[],"class_list":{"0":"post-3806","1":"product","2":"type-product","3":"status-publish","4":"has-post-thumbnail","6":"product_cat-extensible-rouleaux-fr","8":"first","9":"instock","10":"shipping-taxable","11":"product-type-simple"},"_links":{"self":[{"href":"https:\/\/eurotransis.com\/fr\/wp-json\/wp\/v2\/product\/3806","targetHints":{"allow":["GET"]}}],"collection":[{"href":"https:\/\/eurotransis.com\/fr\/wp-json\/wp\/v2\/product"}],"about":[{"href":"https:\/\/eurotransis.com\/fr\/wp-json\/wp\/v2\/types\/product"}],"replies":[{"embeddable":true,"href":"https:\/\/eurotransis.com\/fr\/wp-json\/wp\/v2\/comments?post=3806"}],"wp:featuredmedia":[{"embeddable":true,"href":"https:\/\/eurotransis.com\/fr\/wp-json\/wp\/v2\/media\/14700"}],"wp:attachment":[{"href":"https:\/\/eurotransis.com\/fr\/wp-json\/wp\/v2\/media?parent=3806"}],"wp:term":[{"taxonomy":"product_brand","embeddable":true,"href":"https:\/\/eurotransis.com\/fr\/wp-json\/wp\/v2\/product_brand?post=3806"},{"taxonomy":"product_cat","embeddable":true,"href":"https:\/\/eurotransis.com\/fr\/wp-json\/wp\/v2\/product_cat?post=3806"},{"taxonomy":"product_tag","embeddable":true,"href":"https:\/\/eurotransis.com\/fr\/wp-json\/wp\/v2\/product_tag?post=3806"}],"curies":[{"name":"wp","href":"https:\/\/api.w.org\/{rel}","templated":true}]}}