{"id":3814,"date":"2016-04-25T09:37:25","date_gmt":"2016-04-25T09:37:25","guid":{"rendered":"http:\/\/eurotransis.com\/fr\/tienda\/sin%20categorizar\/retorno\/"},"modified":"2024-10-21T09:18:47","modified_gmt":"2024-10-21T07:18:47","slug":"lignes-de-retour","status":"publish","type":"product","link":"https:\/\/eurotransis.com\/fr\/boutique\/fabricant-convoyeurs-rouleaux-fr\/installations-fr\/lignes-de-retour\/","title":{"rendered":"Lignes de retour"},"content":{"rendered":"<p>En tant qu&rsquo;industrie auxiliaire dans les secteurs de la manutention, de la palettisation et des mines, Roltia s&rsquo;est sp\u00e9cialis\u00e9e dans la fabrication de produits en s\u00e9rie tels que convoyeurs \u00e0 rouleaux, convoyeurs \u00e0 bande, convoyeurs \u00e0 cha\u00eene, convoyeurs \u00e0 mailles, convoyeurs \u00e0 charni\u00e8res, transferts et autres accessoires tels que tables tournantes, tables \u00e9l\u00e9vatrices, picking, chariots mobiles, entre autres.<\/p>\n<p>Toute la fabrication est r\u00e9alis\u00e9e selon les sp\u00e9cifications, tol\u00e9rances et conception requises par la directive 2006\/42\/CE relative aux machines et selon les directives de qualit\u00e9 UNE-EN ISO 9001:2015.<\/p>\n","protected":false},"excerpt":{"rendered":"<p>En tant qu&rsquo;industrie auxiliaire dans les secteurs de la manutention, de la palettisation et des mines, Roltia s&rsquo;est sp\u00e9cialis\u00e9e dans la fabrication de produits en s\u00e9rie tels que convoyeurs \u00e0 rouleaux, convoyeurs \u00e0 bande, convoyeurs \u00e0 cha\u00eene, convoyeurs \u00e0 mailles, convoyeurs \u00e0 charni\u00e8res, transferts et autres accessoires tels que tables tournantes, tables \u00e9l\u00e9vatrices, picking, chariots &hellip; <a href=\"https:\/\/eurotransis.com\/fr\/boutique\/fabricant-convoyeurs-rouleaux-fr\/installations-fr\/lignes-de-retour\/\">Voir plus<\/a><\/p>\n","protected":false},"featured_media":16860,"comment_status":"closed","ping_status":"closed","template":"","meta":[],"product_brand":[],"product_cat":[580],"product_tag":[],"class_list":{"0":"post-3814","1":"product","2":"type-product","3":"status-publish","4":"has-post-thumbnail","6":"product_cat-installations-fr","8":"first","9":"instock","10":"shipping-taxable","11":"product-type-simple"},"_links":{"self":[{"href":"https:\/\/eurotransis.com\/fr\/wp-json\/wp\/v2\/product\/3814","targetHints":{"allow":["GET"]}}],"collection":[{"href":"https:\/\/eurotransis.com\/fr\/wp-json\/wp\/v2\/product"}],"about":[{"href":"https:\/\/eurotransis.com\/fr\/wp-json\/wp\/v2\/types\/product"}],"replies":[{"embeddable":true,"href":"https:\/\/eurotransis.com\/fr\/wp-json\/wp\/v2\/comments?post=3814"}],"wp:featuredmedia":[{"embeddable":true,"href":"https:\/\/eurotransis.com\/fr\/wp-json\/wp\/v2\/media\/16860"}],"wp:attachment":[{"href":"https:\/\/eurotransis.com\/fr\/wp-json\/wp\/v2\/media?parent=3814"}],"wp:term":[{"taxonomy":"product_brand","embeddable":true,"href":"https:\/\/eurotransis.com\/fr\/wp-json\/wp\/v2\/product_brand?post=3814"},{"taxonomy":"product_cat","embeddable":true,"href":"https:\/\/eurotransis.com\/fr\/wp-json\/wp\/v2\/product_cat?post=3814"},{"taxonomy":"product_tag","embeddable":true,"href":"https:\/\/eurotransis.com\/fr\/wp-json\/wp\/v2\/product_tag?post=3814"}],"curies":[{"name":"wp","href":"https:\/\/api.w.org\/{rel}","templated":true}]}}