{"id":4758,"date":"2016-07-22T08:47:03","date_gmt":"2016-07-22T08:47:04","guid":{"rendered":"http:\/\/eurotransis.com\/fr\/tienda\/rouleaux\/serie-em-520-copiar\/"},"modified":"2024-10-14T08:58:24","modified_gmt":"2024-10-14T06:58:24","slug":"rouleau-serie-em-522","status":"publish","type":"product","link":"https:\/\/eurotransis.com\/fr\/boutique\/rouleaux-fr\/rouleaux-pour-convoyeurs-commandes-fr\/rouleaux-legers-series-commandes\/transmission-par-chaine-fr\/pignon-metallique-fr\/rouleau-serie-em-522\/","title":{"rendered":"Rouleau s\u00e9rie EM-522"},"content":{"rendered":"<table style=\"height: 201px\" width=\"1275\">\n<tbody>\n<tr>\n<td style=\"text-align: center;width: 459px\" colspan=\"4\"><strong>\u00d8 TUBE<\/strong><\/td>\n<td style=\"text-align: center;width: 588px\" colspan=\"2\"><strong>\u00d8 AXE<\/strong><\/td>\n<\/tr>\n<tr>\n<td style=\"width: 195px\"><strong>(mm)<\/strong><\/td>\n<td style=\"width: 87px\"><strong>ST<\/strong><\/td>\n<td style=\"width: 111px\"><strong>STI<\/strong><\/td>\n<td style=\"width: 66px\"><strong>N<\/strong><\/td>\n<td style=\"width: 308px\"><b>8<\/b><\/td>\n<td style=\"width: 280px\"><strong>10<\/strong><\/td>\n<\/tr>\n<tr>\n<td style=\"width: 195px\"><strong>30&#215;1.5<\/strong><\/td>\n<td style=\"width: 87px\">SI<\/td>\n<td style=\"width: 111px\">SI<\/td>\n<td style=\"width: 66px\">SI<\/td>\n<td style=\"width: 308px\">SI<\/td>\n<td style=\"width: 280px\">SI<\/td>\n<\/tr>\n<tr>\n<td style=\"width: 459px\" colspan=\"4\">\n<p><strong><img loading=\"lazy\" decoding=\"async\" class=\"size-full wp-image-926 alignleft\" src=\"https:\/\/eurotransis.com\/wp-content\/uploads\/2016\/04\/cabezal.png\" alt=\"cabezal\" width=\"101\" height=\"72\" \/><\/strong><\/p>\n<p><strong>Embout\u00a0m\u00e9tallique soud\u00e9\u00a0<\/strong><\/td>\n<td style=\"width: 588px\" colspan=\"2\">\n<p><strong><img loading=\"lazy\" decoding=\"async\" class=\"size-full wp-image-819 alignleft\" src=\"https:\/\/eurotransis.com\/wp-content\/uploads\/2016\/04\/rodillos-traccionados.png\" alt=\"rodillos traccionados\" width=\"100\" height=\"72\" srcset=\"https:\/\/eurotransis.com\/wp-content\/uploads\/2016\/04\/rodillos-traccionados.png 100w, https:\/\/eurotransis.com\/wp-content\/uploads\/2016\/04\/rodillos-traccionados-64x46.png 64w\" sizes=\"auto, (max-width: 100px) 100vw, 100px\" \/>Simple<\/strong><\/p>\n<p><strong>Z12- 3\/8&Prime;\u00a0<\/strong><\/td>\n<\/tr>\n<tr>\n<td style=\"width: 459px\" colspan=\"4\">\n<p><strong><strong><img loading=\"lazy\" decoding=\"async\" class=\"size-full wp-image-815 alignleft\" src=\"https:\/\/eurotransis.com\/wp-content\/uploads\/2016\/04\/aplicacion.png\" alt=\"aplicacion\" width=\"100\" height=\"75\" srcset=\"https:\/\/eurotransis.com\/wp-content\/uploads\/2016\/04\/aplicacion.png 100w, https:\/\/eurotransis.com\/wp-content\/uploads\/2016\/04\/aplicacion-64x48.png 64w\" sizes=\"auto, (max-width: 100px) 100vw, 100px\" \/><\/strong><\/strong><\/p>\n<p><strong>Soud\u00e9\u00a0<\/strong><\/p>\n<p><strong>\u00a0<\/strong><\/td>\n<td style=\"width: 588px\" colspan=\"2\"><strong><img loading=\"lazy\" decoding=\"async\" class=\"size-full wp-image-930 alignleft\" src=\"https:\/\/eurotransis.com\/wp-content\/uploads\/2016\/04\/fuerza.png\" alt=\"fuerza\" width=\"100\" height=\"72\" srcset=\"https:\/\/eurotransis.com\/wp-content\/uploads\/2016\/04\/fuerza.png 100w, https:\/\/eurotransis.com\/wp-content\/uploads\/2016\/04\/fuerza-64x46.png 64w\" sizes=\"auto, (max-width: 100px) 100vw, 100px\" \/>Selon le type<\/strong><\/td>\n<\/tr>\n<\/tbody>\n<\/table>\n<p>&nbsp;<\/p>\n","protected":false},"excerpt":{"rendered":"<p>Le rouleau de convoyeur Roltia EM-522 est un rouleau entra\u00een\u00e9 avec un pignon simple en acier Z-12 3\/8&Prime;. Con\u00e7u pour fonctionner en accumulation et transmission par cha\u00eene selon la norme DIN-8187. Il est fabriqu\u00e9 en tube \u00d830 d&rsquo;acier.<\/p>\n","protected":false},"featured_media":12748,"comment_status":"open","ping_status":"closed","template":"","meta":[],"product_brand":[],"product_cat":[683],"product_tag":[],"class_list":{"0":"post-4758","1":"product","2":"type-product","3":"status-publish","4":"has-post-thumbnail","6":"product_cat-pignon-metallique-fr","8":"first","9":"instock","10":"shipping-taxable","11":"product-type-simple"},"_links":{"self":[{"href":"https:\/\/eurotransis.com\/fr\/wp-json\/wp\/v2\/product\/4758","targetHints":{"allow":["GET"]}}],"collection":[{"href":"https:\/\/eurotransis.com\/fr\/wp-json\/wp\/v2\/product"}],"about":[{"href":"https:\/\/eurotransis.com\/fr\/wp-json\/wp\/v2\/types\/product"}],"replies":[{"embeddable":true,"href":"https:\/\/eurotransis.com\/fr\/wp-json\/wp\/v2\/comments?post=4758"}],"wp:featuredmedia":[{"embeddable":true,"href":"https:\/\/eurotransis.com\/fr\/wp-json\/wp\/v2\/media\/12748"}],"wp:attachment":[{"href":"https:\/\/eurotransis.com\/fr\/wp-json\/wp\/v2\/media?parent=4758"}],"wp:term":[{"taxonomy":"product_brand","embeddable":true,"href":"https:\/\/eurotransis.com\/fr\/wp-json\/wp\/v2\/product_brand?post=4758"},{"taxonomy":"product_cat","embeddable":true,"href":"https:\/\/eurotransis.com\/fr\/wp-json\/wp\/v2\/product_cat?post=4758"},{"taxonomy":"product_tag","embeddable":true,"href":"https:\/\/eurotransis.com\/fr\/wp-json\/wp\/v2\/product_tag?post=4758"}],"curies":[{"name":"wp","href":"https:\/\/api.w.org\/{rel}","templated":true}]}}