{"id":4762,"date":"2016-07-22T09:06:27","date_gmt":"2016-07-22T09:06:28","guid":{"rendered":"http:\/\/eurotransis.com\/fr\/tienda\/rouleaux\/serie-em-522-copiar\/"},"modified":"2024-09-26T10:56:32","modified_gmt":"2024-09-26T08:56:32","slug":"rouleau-serie-em-523","status":"publish","type":"product","link":"https:\/\/eurotransis.com\/fr\/boutique\/rouleaux-fr\/rouleaux-pour-convoyeurs-commandes-fr\/rouleaux-legers-series-commandes\/transmission-par-chaine-fr\/pignon-metallique-fr\/rouleau-serie-em-523\/","title":{"rendered":"Rouleau s\u00e9rie EM-523"},"content":{"rendered":"<table style=\"height: 201px\" width=\"1275\">\n<tbody>\n<tr>\n<td style=\"text-align: center;width: 479px\" colspan=\"4\"><strong>\u00d8 TUBE<\/strong><\/td>\n<td style=\"text-align: center;width: 594px\" colspan=\"2\"><strong>\u00d8 AXE<\/strong><\/td>\n<\/tr>\n<tr>\n<td style=\"width: 204px\"><strong>(mm)<\/strong><\/td>\n<td style=\"width: 90px\"><strong>ST<\/strong><\/td>\n<td style=\"width: 116px\"><strong>STI<\/strong><\/td>\n<td style=\"width: 69px\"><strong>N<\/strong><\/td>\n<td style=\"width: 291px\"><b>8<\/b><\/td>\n<td style=\"width: 303px\"><strong>10<\/strong><\/td>\n<\/tr>\n<tr>\n<td style=\"width: 204px\"><strong>30&#215;1.5<\/strong><\/td>\n<td style=\"width: 90px\">SI<\/td>\n<td style=\"width: 116px\">SI<\/td>\n<td style=\"width: 69px\">SI<\/td>\n<td style=\"width: 291px\">SI<\/td>\n<td style=\"width: 303px\">SI<\/td>\n<\/tr>\n<tr>\n<td style=\"width: 479px\" colspan=\"4\">\n<p><strong><img loading=\"lazy\" decoding=\"async\" class=\"size-full wp-image-926 alignleft\" src=\"https:\/\/eurotransis.com\/wp-content\/uploads\/2016\/04\/cabezal.png\" alt=\"cabezal\" width=\"101\" height=\"72\" \/><\/strong><\/p>\n<p><strong>Embout\u00a0m\u00e9tallique <strong>emmanch\u00e9\u00a0<\/strong><\/strong><\/td>\n<td style=\"width: 594px\" colspan=\"2\">\n<p><strong><img loading=\"lazy\" decoding=\"async\" class=\"size-full wp-image-819 alignleft\" src=\"https:\/\/eurotransis.com\/wp-content\/uploads\/2016\/04\/rodillos-traccionados.png\" alt=\"rodillos traccionados\" width=\"100\" height=\"72\" srcset=\"https:\/\/eurotransis.com\/wp-content\/uploads\/2016\/04\/rodillos-traccionados.png 100w, https:\/\/eurotransis.com\/wp-content\/uploads\/2016\/04\/rodillos-traccionados-64x46.png 64w\" sizes=\"auto, (max-width: 100px) 100vw, 100px\" \/>Double<\/strong><\/p>\n<p><strong>Z12- 3\/8&Prime;\u00a0<\/strong><\/td>\n<\/tr>\n<tr>\n<td style=\"width: 479px\" colspan=\"4\">\n<p><strong>Fixe<\/strong><strong><strong><img loading=\"lazy\" decoding=\"async\" class=\"size-full wp-image-815 alignleft\" src=\"https:\/\/eurotransis.com\/wp-content\/uploads\/2016\/04\/aplicacion.png\" alt=\"aplicacion\" width=\"100\" height=\"75\" srcset=\"https:\/\/eurotransis.com\/wp-content\/uploads\/2016\/04\/aplicacion.png 100w, https:\/\/eurotransis.com\/wp-content\/uploads\/2016\/04\/aplicacion-64x48.png 64w\" sizes=\"auto, (max-width: 100px) 100vw, 100px\" \/><\/strong><\/strong><\/p>\n<p><strong>\u00a0<\/strong><\/td>\n<td style=\"width: 594px\" colspan=\"2\">\n<p><strong><img loading=\"lazy\" decoding=\"async\" class=\"size-full wp-image-930 alignleft\" src=\"https:\/\/eurotransis.com\/wp-content\/uploads\/2016\/04\/fuerza.png\" alt=\"fuerza\" width=\"100\" height=\"72\" srcset=\"https:\/\/eurotransis.com\/wp-content\/uploads\/2016\/04\/fuerza.png 100w, https:\/\/eurotransis.com\/wp-content\/uploads\/2016\/04\/fuerza-64x46.png 64w\" sizes=\"auto, (max-width: 100px) 100vw, 100px\" \/>EM-523 FIXE\u00a0 \u00a0 \u00a0 \u00a0 \u00a0 \u00a0 \u2013 10 daN\/Embout<\/strong><\/p>\n<p><strong>EM-524 FRICTION \u2013 10 daN\/Embout<\/strong><\/p>\n<p><strong>EM-525 WELDED\u00a0\u00a0 \u2013 40 daN\/Embout<\/strong><\/td>\n<\/tr>\n<\/tbody>\n<\/table>\n<p>&nbsp;<\/p>\n","protected":false},"excerpt":{"rendered":"<p>Le rouleau convoyeur Roltia EM-523 est un rouleau entra\u00een\u00e9 avec un pignon double en acier Z-12 3\/8&Prime; pour deux cha\u00eenes simples. Le pignon, fix\u00e9 au tube, permet une transmission par cha\u00eene selon la norme DIN-8187. Il est fabriqu\u00e9 en tube d&rsquo;acier \u00d830.<\/p>\n","protected":false},"featured_media":12739,"comment_status":"open","ping_status":"closed","template":"","meta":[],"product_brand":[],"product_cat":[683],"product_tag":[],"class_list":{"0":"post-4762","1":"product","2":"type-product","3":"status-publish","4":"has-post-thumbnail","6":"product_cat-pignon-metallique-fr","8":"first","9":"instock","10":"shipping-taxable","11":"product-type-simple"},"_links":{"self":[{"href":"https:\/\/eurotransis.com\/fr\/wp-json\/wp\/v2\/product\/4762","targetHints":{"allow":["GET"]}}],"collection":[{"href":"https:\/\/eurotransis.com\/fr\/wp-json\/wp\/v2\/product"}],"about":[{"href":"https:\/\/eurotransis.com\/fr\/wp-json\/wp\/v2\/types\/product"}],"replies":[{"embeddable":true,"href":"https:\/\/eurotransis.com\/fr\/wp-json\/wp\/v2\/comments?post=4762"}],"wp:featuredmedia":[{"embeddable":true,"href":"https:\/\/eurotransis.com\/fr\/wp-json\/wp\/v2\/media\/12739"}],"wp:attachment":[{"href":"https:\/\/eurotransis.com\/fr\/wp-json\/wp\/v2\/media?parent=4762"}],"wp:term":[{"taxonomy":"product_brand","embeddable":true,"href":"https:\/\/eurotransis.com\/fr\/wp-json\/wp\/v2\/product_brand?post=4762"},{"taxonomy":"product_cat","embeddable":true,"href":"https:\/\/eurotransis.com\/fr\/wp-json\/wp\/v2\/product_cat?post=4762"},{"taxonomy":"product_tag","embeddable":true,"href":"https:\/\/eurotransis.com\/fr\/wp-json\/wp\/v2\/product_tag?post=4762"}],"curies":[{"name":"wp","href":"https:\/\/api.w.org\/{rel}","templated":true}]}}