{"id":4779,"date":"2016-07-22T11:08:16","date_gmt":"2016-07-22T11:08:17","guid":{"rendered":"http:\/\/eurotransis.com\/fr\/tienda\/rouleaux\/serie-em-510-copiar\/"},"modified":"2025-08-12T07:57:11","modified_gmt":"2025-08-12T05:57:11","slug":"serie-em-512","status":"publish","type":"product","link":"https:\/\/eurotransis.com\/fr\/boutique\/rouleaux-fr\/rouleaux-pour-convoyeurs-commandes-fr\/serie-lourde-fr\/traccion-por-cadena-con-pinon-soldado-fr\/serie-em-512\/","title":{"rendered":"Rouleau s\u00e9rie EM-512"},"content":{"rendered":"<table style=\"height: 201px\" width=\"1275\">\n<tbody>\n<tr>\n<td style=\"text-align: center\" colspan=\"3\"><strong>\u00d8 TUBE<\/strong><\/td>\n<td style=\"text-align: center\" colspan=\"2\"><b>\u00d8 AXE\u00a0<\/b><\/td>\n<\/tr>\n<tr>\n<td><strong>\u00d8 (mm)<\/strong><\/td>\n<td><strong>ST<\/strong><\/td>\n<td><strong>STI<\/strong><\/td>\n<td><b>20<\/b><\/td>\n<td><strong>25<\/strong><\/td>\n<\/tr>\n<tr>\n<td><strong>89&#215;3<\/strong><\/td>\n<td>SI<\/td>\n<td>SI<\/td>\n<td>SI<\/td>\n<td>SI<\/td>\n<\/tr>\n<tr>\n<td><strong>108&#215;3<\/strong><\/td>\n<td>SI<\/td>\n<td>SI<\/td>\n<td>SI<\/td>\n<td>SI<\/td>\n<\/tr>\n<tr>\n<td><strong>133&#215;3<\/strong><\/td>\n<td>SI<\/td>\n<td>SI<\/td>\n<td>SI<\/td>\n<td>SI<\/td>\n<\/tr>\n<tr>\n<td colspan=\"3\"><strong><img loading=\"lazy\" decoding=\"async\" class=\"size-full wp-image-926 alignleft\" src=\"https:\/\/eurotransis.com\/wp-content\/uploads\/2016\/04\/cabezal.png\" alt=\"cabezal\" width=\"101\" height=\"72\" \/><\/strong><\/p>\n<p id=\"tw-target-text\" class=\"tw-data-text vk_txt tw-ta tw-text-small\" dir=\"ltr\" data-placeholder=\"Translation\"><strong><span lang=\"fr\">Embout acier F-114<\/span><\/strong><\/p>\n<p class=\"tw-data-text vk_txt tw-ta tw-text-small\" dir=\"ltr\" data-placeholder=\"Translation\"><strong><span lang=\"fr\">Embout soud\u00e9<\/span><\/strong><\/p>\n<\/td>\n<td colspan=\"2\">\n<p>\u00a0<strong><strong><img loading=\"lazy\" decoding=\"async\" class=\"size-full wp-image-819 alignleft\" src=\"https:\/\/eurotransis.com\/wp-content\/uploads\/2016\/04\/rodillos-traccionados.png\" alt=\"rodillos traccionados\" width=\"100\" height=\"72\" srcset=\"https:\/\/eurotransis.com\/wp-content\/uploads\/2016\/04\/rodillos-traccionados.png 100w, https:\/\/eurotransis.com\/wp-content\/uploads\/2016\/04\/rodillos-traccionados-64x46.png 64w\" sizes=\"auto, (max-width: 100px) 100vw, 100px\" \/><\/strong><\/strong><strong>Double<\/strong><\/p>\n<p><strong>Z13 &#8211; 3\/4&Prime;<br \/>\n<\/strong><\/td>\n<\/tr>\n<tr>\n<td colspan=\"3\"><strong><img loading=\"lazy\" decoding=\"async\" class=\"size-full wp-image-815 alignleft\" src=\"https:\/\/eurotransis.com\/wp-content\/uploads\/2016\/04\/aplicacion.png\" alt=\"aplicacion\" width=\"100\" height=\"75\" srcset=\"https:\/\/eurotransis.com\/wp-content\/uploads\/2016\/04\/aplicacion.png 100w, https:\/\/eurotransis.com\/wp-content\/uploads\/2016\/04\/aplicacion-64x48.png 64w\" sizes=\"auto, (max-width: 100px) 100vw, 100px\" \/>Palettisation<br \/>\n<\/strong><\/td>\n<td colspan=\"2\"><strong><strong><img loading=\"lazy\" decoding=\"async\" class=\"size-full wp-image-930 alignleft\" src=\"https:\/\/eurotransis.com\/wp-content\/uploads\/2016\/04\/fuerza.png\" alt=\"fuerza\" width=\"100\" height=\"72\" srcset=\"https:\/\/eurotransis.com\/wp-content\/uploads\/2016\/04\/fuerza.png 100w, https:\/\/eurotransis.com\/wp-content\/uploads\/2016\/04\/fuerza-64x46.png 64w\" sizes=\"auto, (max-width: 100px) 100vw, 100px\" \/><\/strong><\/strong><\/p>\n<p id=\"tw-target-text\" class=\"tw-data-text vk_txt tw-ta tw-text-medium\" dir=\"ltr\" data-placeholder=\"Translation\"><strong>Selon le type<\/strong><\/p>\n<p><strong>\u00a0<\/strong><\/td>\n<\/tr>\n<\/tbody>\n<\/table>\n<p>&nbsp;<\/p>\n","protected":false},"excerpt":{"rendered":"<p id=\"tw-target-text\" class=\"tw-data-text vk_txt tw-ta tw-text-small\" dir=\"ltr\" data-placeholder=\"Translation\">Le rouleau convoyeur Roltia EM-512 est un rouleau entra\u00een\u00e9 avec un pignon double en acier Z-13 3\/4\u201d, pour deux cha\u00eenes simples. Le pignon, soud\u00e9 au tube, permet une transmission par cha\u00eene selon la norme DIN-8187. Il est fabriqu\u00e9 dans des diam\u00e8tres de tubes allant de \u00d889 \u00e0 \u00d8133, en acier.<\/p>\n","protected":false},"featured_media":12719,"comment_status":"open","ping_status":"closed","template":"","meta":[],"product_brand":[],"product_cat":[519],"product_tag":[],"class_list":{"0":"post-4779","1":"product","2":"type-product","3":"status-publish","4":"has-post-thumbnail","6":"product_cat-traccion-por-cadena-con-pinon-soldado-fr","8":"first","9":"instock","10":"shipping-taxable","11":"product-type-simple"},"_links":{"self":[{"href":"https:\/\/eurotransis.com\/fr\/wp-json\/wp\/v2\/product\/4779","targetHints":{"allow":["GET"]}}],"collection":[{"href":"https:\/\/eurotransis.com\/fr\/wp-json\/wp\/v2\/product"}],"about":[{"href":"https:\/\/eurotransis.com\/fr\/wp-json\/wp\/v2\/types\/product"}],"replies":[{"embeddable":true,"href":"https:\/\/eurotransis.com\/fr\/wp-json\/wp\/v2\/comments?post=4779"}],"wp:featuredmedia":[{"embeddable":true,"href":"https:\/\/eurotransis.com\/fr\/wp-json\/wp\/v2\/media\/12719"}],"wp:attachment":[{"href":"https:\/\/eurotransis.com\/fr\/wp-json\/wp\/v2\/media?parent=4779"}],"wp:term":[{"taxonomy":"product_brand","embeddable":true,"href":"https:\/\/eurotransis.com\/fr\/wp-json\/wp\/v2\/product_brand?post=4779"},{"taxonomy":"product_cat","embeddable":true,"href":"https:\/\/eurotransis.com\/fr\/wp-json\/wp\/v2\/product_cat?post=4779"},{"taxonomy":"product_tag","embeddable":true,"href":"https:\/\/eurotransis.com\/fr\/wp-json\/wp\/v2\/product_tag?post=4779"}],"curies":[{"name":"wp","href":"https:\/\/api.w.org\/{rel}","templated":true}]}}