{"id":5086,"date":"2016-08-05T05:24:41","date_gmt":"2016-08-05T05:24:41","guid":{"rendered":"http:\/\/eurotransis.com\/tienda\/sin%20categorizar\/gerbeur-palettes\/"},"modified":"2025-08-11T13:44:25","modified_gmt":"2025-08-11T11:44:25","slug":"empileur-de-palettes","status":"publish","type":"product","link":"https:\/\/eurotransis.com\/fr\/boutique\/fabricant-convoyeurs-rouleaux-fr\/autres-solutions-fr\/empileur-de-palettes-fr\/empileur-de-palettes\/","title":{"rendered":"Adaptation du Distributeur pour Empiler des Palettes"},"content":{"rendered":"<p>Nous utilisons toujours des mat\u00e9riaux de premi\u00e8re qualit\u00e9 et des technologies de pointe pour garantir la durabilit\u00e9 et la fiabilit\u00e9 de nos gerbeurs. Pour y parvenir, l\u2019\u00e9quipe d\u2019experts en ing\u00e9nierie travaille en \u00e9troite collaboration avec le client pour comprendre ses besoins et proposer des solutions qui d\u00e9passent ses attentes.<\/p>\n<p><strong>Envoyez toutes les donn\u00e9es n\u00e9cessaires pour effectuer une analyse par le bureau technique:<\/strong><\/p>\n<ul>\n<li>Le plan du layout est n\u00e9cessaire<\/li>\n<li>Nombre maximum de palettes<\/li>\n<li>Format et dimensions de la palette<\/li>\n<li>Sortie de la palette (Arri\u00e8re\/Lat\u00e9rale)<\/li>\n<li>Direction de manutention de la palette<\/li>\n<li>Hauteur de travail<\/li>\n<li>Finition (parties fixes peintes RAL)<\/li>\n<li>Donn\u00e9es suppl\u00e9mentaires<\/li>\n<\/ul>\n","protected":false},"excerpt":{"rendered":"<p>Nous utilisons toujours des mat\u00e9riaux de premi\u00e8re qualit\u00e9 et des technologies de pointe pour garantir la durabilit\u00e9 et la fiabilit\u00e9 de nos gerbeurs. Pour y parvenir, l\u2019\u00e9quipe d\u2019experts en ing\u00e9nierie travaille en \u00e9troite collaboration avec le client pour comprendre ses besoins et proposer des solutions qui d\u00e9passent ses attentes. Envoyez toutes les donn\u00e9es n\u00e9cessaires pour &hellip; <a href=\"https:\/\/eurotransis.com\/fr\/boutique\/fabricant-convoyeurs-rouleaux-fr\/autres-solutions-fr\/empileur-de-palettes-fr\/empileur-de-palettes\/\">Voir plus<\/a><\/p>\n","protected":false},"featured_media":15236,"comment_status":"closed","ping_status":"closed","template":"","meta":[],"product_brand":[],"product_cat":[689,584],"product_tag":[],"class_list":{"0":"post-5086","1":"product","2":"type-product","3":"status-publish","4":"has-post-thumbnail","6":"product_cat-empileur-de-palettes-fr","7":"product_cat-autres-solutions-fr","9":"first","10":"instock","11":"shipping-taxable","12":"product-type-simple"},"_links":{"self":[{"href":"https:\/\/eurotransis.com\/fr\/wp-json\/wp\/v2\/product\/5086","targetHints":{"allow":["GET"]}}],"collection":[{"href":"https:\/\/eurotransis.com\/fr\/wp-json\/wp\/v2\/product"}],"about":[{"href":"https:\/\/eurotransis.com\/fr\/wp-json\/wp\/v2\/types\/product"}],"replies":[{"embeddable":true,"href":"https:\/\/eurotransis.com\/fr\/wp-json\/wp\/v2\/comments?post=5086"}],"wp:featuredmedia":[{"embeddable":true,"href":"https:\/\/eurotransis.com\/fr\/wp-json\/wp\/v2\/media\/15236"}],"wp:attachment":[{"href":"https:\/\/eurotransis.com\/fr\/wp-json\/wp\/v2\/media?parent=5086"}],"wp:term":[{"taxonomy":"product_brand","embeddable":true,"href":"https:\/\/eurotransis.com\/fr\/wp-json\/wp\/v2\/product_brand?post=5086"},{"taxonomy":"product_cat","embeddable":true,"href":"https:\/\/eurotransis.com\/fr\/wp-json\/wp\/v2\/product_cat?post=5086"},{"taxonomy":"product_tag","embeddable":true,"href":"https:\/\/eurotransis.com\/fr\/wp-json\/wp\/v2\/product_tag?post=5086"}],"curies":[{"name":"wp","href":"https:\/\/api.w.org\/{rel}","templated":true}]}}