{"id":5146,"date":"2016-08-08T08:52:36","date_gmt":"2016-08-08T08:52:36","guid":{"rendered":"http:\/\/eurotransis.com\/tienda\/sin%20categorizar\/mezzanines-ascenseur\/"},"modified":"2024-10-10T10:00:37","modified_gmt":"2024-10-10T08:00:37","slug":"ascenseur","status":"publish","type":"product","link":"https:\/\/eurotransis.com\/fr\/boutique\/fabricant-convoyeurs-rouleaux-fr\/autres-solutions-fr\/elevateurs-fr\/ascenseur\/","title":{"rendered":"Ascenseur"},"content":{"rendered":"<p>Nos \u00e9l\u00e9vateurs sont con\u00e7us pour faciliter le flux continu de mat\u00e9riaux et de produits dans les environnements industriels, en optimisant les processus de production et de logistique.<\/p>\n<p>Nous utilisons toujours des mat\u00e9riaux de premi\u00e8re qualit\u00e9 et des technologies de pointe pour garantir la durabilit\u00e9 et la fiabilit\u00e9 de nos ascenseurs. Pour y parvenir, l\u2019\u00e9quipe d\u2019experts en ing\u00e9nierie travaille en \u00e9troite collaboration avec le client pour comprendre ses besoins et proposer des solutions qui d\u00e9passent ses attentes.<\/p>\n<p><strong>Donn\u00e9es n\u00e9cessaires pour proposer\u00a0:<\/strong><\/p>\n<ul>\n<li>Longueur (mm)<\/li>\n<li>Largeur utile (mm)<\/li>\n<li>Hauteur d&rsquo;entr\u00e9e (mm)<\/li>\n<li>Hauteur de sortie (mm)<\/li>\n<li>Dimensions du produit \u00e0 transporter (Hauteur, largeur et longueur)<\/li>\n<li>Charge \u00e0 transporter (Kgs)<\/li>\n<li>Vitesse nominale fixe<\/li>\n<li>Finition (peint RAL\/inox)<\/li>\n<li>Guides lat\u00e9raux (Oui\/Non)<\/li>\n<li>But\u00e9e final (Oui\/Non)<\/li>\n<li>Donn\u00e9es suppl\u00e9mentaires<\/li>\n<\/ul>\n","protected":false},"excerpt":{"rendered":"<p>Nos \u00e9l\u00e9vateurs sont con\u00e7us pour faciliter le flux continu de mat\u00e9riaux et de produits dans les environnements industriels, en optimisant les processus de production et de logistique. Nous utilisons toujours des mat\u00e9riaux de premi\u00e8re qualit\u00e9 et des technologies de pointe pour garantir la durabilit\u00e9 et la fiabilit\u00e9 de nos ascenseurs. Pour y parvenir, l\u2019\u00e9quipe d\u2019experts &hellip; <a href=\"https:\/\/eurotransis.com\/fr\/boutique\/fabricant-convoyeurs-rouleaux-fr\/autres-solutions-fr\/elevateurs-fr\/ascenseur\/\">Voir plus<\/a><\/p>\n","protected":false},"featured_media":14692,"comment_status":"closed","ping_status":"closed","template":"","meta":[],"product_brand":[],"product_cat":[597],"product_tag":[],"class_list":{"0":"post-5146","1":"product","2":"type-product","3":"status-publish","4":"has-post-thumbnail","6":"product_cat-elevateurs-fr","8":"first","9":"instock","10":"shipping-taxable","11":"product-type-simple"},"_links":{"self":[{"href":"https:\/\/eurotransis.com\/fr\/wp-json\/wp\/v2\/product\/5146","targetHints":{"allow":["GET"]}}],"collection":[{"href":"https:\/\/eurotransis.com\/fr\/wp-json\/wp\/v2\/product"}],"about":[{"href":"https:\/\/eurotransis.com\/fr\/wp-json\/wp\/v2\/types\/product"}],"replies":[{"embeddable":true,"href":"https:\/\/eurotransis.com\/fr\/wp-json\/wp\/v2\/comments?post=5146"}],"wp:featuredmedia":[{"embeddable":true,"href":"https:\/\/eurotransis.com\/fr\/wp-json\/wp\/v2\/media\/14692"}],"wp:attachment":[{"href":"https:\/\/eurotransis.com\/fr\/wp-json\/wp\/v2\/media?parent=5146"}],"wp:term":[{"taxonomy":"product_brand","embeddable":true,"href":"https:\/\/eurotransis.com\/fr\/wp-json\/wp\/v2\/product_brand?post=5146"},{"taxonomy":"product_cat","embeddable":true,"href":"https:\/\/eurotransis.com\/fr\/wp-json\/wp\/v2\/product_cat?post=5146"},{"taxonomy":"product_tag","embeddable":true,"href":"https:\/\/eurotransis.com\/fr\/wp-json\/wp\/v2\/product_tag?post=5146"}],"curies":[{"name":"wp","href":"https:\/\/api.w.org\/{rel}","templated":true}]}}