{"id":5715,"date":"2017-06-12T14:40:23","date_gmt":"2017-06-12T14:40:23","guid":{"rendered":"http:\/\/eurotransis.com\/fr\/tienda\/composants\/accessoires-pour-minirail-mc-copiar\/"},"modified":"2025-07-11T09:40:22","modified_gmt":"2025-07-11T07:40:22","slug":"serie-mc-35-mini-rail-renforce","status":"publish","type":"product","link":"https:\/\/eurotransis.com\/fr\/boutique\/composants-du-rouleau-fr\/accessoires-fr\/minirail-fr\/serie-mc-35-mini-rail-renforce\/","title":{"rendered":"S\u00e9rie MC-35 Mini-rail renforc\u00e9"},"content":{"rendered":"<p>&nbsp;<\/p>\n<table border=\"0\" cellspacing=\"0\">\n<colgroup width=\"85\"><\/colgroup>\n<colgroup width=\"122\"><\/colgroup>\n<colgroup width=\"100\"><\/colgroup>\n<colgroup width=\"101\"><\/colgroup>\n<tbody>\n<tr>\n<td style=\"width: 1289px\" colspan=\"4\" align=\"center\" valign=\"middle\" height=\"24\"><span style=\"color: #000000\">MC-35<\/span><\/td>\n<\/tr>\n<tr>\n<td style=\"width: 228px\" align=\"center\" valign=\"bottom\" height=\"18\"><span style=\"color: #000000\">TYPE<\/span><\/td>\n<td style=\"width: 370px\" align=\"center\" valign=\"bottom\"><span style=\"color: #000000\">\u00d8 (mm)<\/span><\/td>\n<td style=\"width: 286px\" align=\"center\" valign=\"bottom\"><span style=\"color: #000000\">PAS (mm)<\/span><\/td>\n<td style=\"width: 405px\" align=\"center\" valign=\"bottom\"><span style=\"color: #000000\">CHARGE (daN)<\/span><\/td>\n<\/tr>\n<tr>\n<td style=\"width: 228px\" align=\"center\" valign=\"bottom\" height=\"18\"><span style=\"color: #000000\">MC-35<\/span><\/td>\n<td style=\"width: 370px\" align=\"center\" valign=\"bottom\"><span style=\"color: #000000\">32<\/span><\/td>\n<td style=\"width: 286px\" align=\"center\" valign=\"bottom\"><span style=\"color: #000000\">35.7<\/span><\/td>\n<td style=\"width: 405px\" align=\"center\" valign=\"bottom\"><span style=\"color: #000000\">19<\/span><\/td>\n<\/tr>\n<tr>\n<td style=\"width: 228px\" align=\"center\" valign=\"bottom\" height=\"18\"><span style=\"color: #000000\">MC-35 ALE<\/span><\/td>\n<td style=\"width: 370px\" align=\"center\" valign=\"bottom\"><span style=\"color: #000000\">23.5 PROFIL 35<\/span><\/td>\n<td style=\"width: 286px\" align=\"center\" valign=\"bottom\"><span style=\"color: #000000\">35.7<\/span><\/td>\n<td style=\"width: 405px\" align=\"center\" valign=\"bottom\"><span style=\"color: #000000\">19<\/span><\/td>\n<\/tr>\n<tr>\n<td style=\"width: 598px\" colspan=\"2\" rowspan=\"2\" align=\"center\" valign=\"top\" height=\"93\"><span style=\"color: #000000\"> <img loading=\"lazy\" decoding=\"async\" class=\" wp-image-18764 alignleft\" src=\"https:\/\/eurotransis.com\/wp-content\/uploads\/2017\/06\/MINICARRIL-EMC-35-150x150.png\" alt=\"\" width=\"146\" height=\"146\" srcset=\"https:\/\/eurotransis.com\/wp-content\/uploads\/2017\/06\/MINICARRIL-EMC-35-150x150.png 150w, https:\/\/eurotransis.com\/wp-content\/uploads\/2017\/06\/MINICARRIL-EMC-35-100x100.png 100w\" sizes=\"auto, (max-width: 146px) 100vw, 146px\" \/>MC-35<\/span><\/td>\n<td style=\"width: 691px\" colspan=\"2\" rowspan=\"2\" align=\"center\" valign=\"top\"><span style=\"color: #000000\"> <img loading=\"lazy\" decoding=\"async\" class=\" wp-image-18756 alignleft\" src=\"https:\/\/eurotransis.com\/wp-content\/uploads\/2017\/06\/MINICARRIL-EMC-35-ALE-150x150.png\" alt=\"\" width=\"158\" height=\"158\" srcset=\"https:\/\/eurotransis.com\/wp-content\/uploads\/2017\/06\/MINICARRIL-EMC-35-ALE-150x150.png 150w, https:\/\/eurotransis.com\/wp-content\/uploads\/2017\/06\/MINICARRIL-EMC-35-ALE-100x100.png 100w\" sizes=\"auto, (max-width: 158px) 100vw, 158px\" \/>MC-35-ALE<\/span><\/td>\n<\/tr>\n<\/tbody>\n<\/table>\n<table style=\"width: 100%\">\n<tbody>\n<tr>\n<td style=\"text-align: center\"><strong>TYPE<\/strong><\/td>\n<td style=\"text-align: center\"><strong>S\u00c9RIE<\/strong><\/td>\n<\/tr>\n<tr>\n<td><img loading=\"lazy\" decoding=\"async\" class=\"size-full wp-image-5701 alignleft\" src=\"https:\/\/eurotransis.com\/wp-content\/uploads\/2017\/06\/conector_sin_tope_mc35_c1.jpg\" alt=\"conector_sin_tope_mc35_c1\" width=\"200\" height=\"200\" srcset=\"https:\/\/eurotransis.com\/wp-content\/uploads\/2017\/06\/conector_sin_tope_mc35_c1.jpg 200w, https:\/\/eurotransis.com\/wp-content\/uploads\/2017\/06\/conector_sin_tope_mc35_c1-100x100.jpg 100w, https:\/\/eurotransis.com\/wp-content\/uploads\/2017\/06\/conector_sin_tope_mc35_c1-64x64.jpg 64w\" sizes=\"auto, (max-width: 200px) 100vw, 200px\" \/> <img loading=\"lazy\" decoding=\"async\" class=\"alignleft wp-image-18768\" src=\"https:\/\/eurotransis.com\/wp-content\/uploads\/2017\/06\/CONECTOR-SIN-TOPE-300x267.jpg\" alt=\"\" width=\"184\" height=\"163\" srcset=\"https:\/\/eurotransis.com\/wp-content\/uploads\/2017\/06\/CONECTOR-SIN-TOPE-300x267.jpg 300w, https:\/\/eurotransis.com\/wp-content\/uploads\/2017\/06\/CONECTOR-SIN-TOPE-64x57.jpg 64w, https:\/\/eurotransis.com\/wp-content\/uploads\/2017\/06\/CONECTOR-SIN-TOPE.jpg 338w\" sizes=\"auto, (max-width: 184px) 100vw, 184px\" \/>CONNECTEUR SANS BUT\u00c9E<\/td>\n<td>MC35-C1<\/td>\n<\/tr>\n<tr>\n<td><img loading=\"lazy\" decoding=\"async\" class=\"size-full wp-image-5669 alignleft\" src=\"https:\/\/eurotransis.com\/wp-content\/uploads\/2017\/06\/conector_con_tope_bajo_mc35_c2.jpg\" alt=\"conector_con_tope_bajo_mc35_c2\" width=\"200\" height=\"200\" srcset=\"https:\/\/eurotransis.com\/wp-content\/uploads\/2017\/06\/conector_con_tope_bajo_mc35_c2.jpg 200w, https:\/\/eurotransis.com\/wp-content\/uploads\/2017\/06\/conector_con_tope_bajo_mc35_c2-100x100.jpg 100w, https:\/\/eurotransis.com\/wp-content\/uploads\/2017\/06\/conector_con_tope_bajo_mc35_c2-64x64.jpg 64w\" sizes=\"auto, (max-width: 200px) 100vw, 200px\" \/><img loading=\"lazy\" decoding=\"async\" class=\"alignleft wp-image-18772\" src=\"https:\/\/eurotransis.com\/wp-content\/uploads\/2017\/06\/CONECTOR-CON-TOPE-BAJO-300x241.jpg\" alt=\"\" width=\"174\" height=\"139\" srcset=\"https:\/\/eurotransis.com\/wp-content\/uploads\/2017\/06\/CONECTOR-CON-TOPE-BAJO-300x241.jpg 300w, https:\/\/eurotransis.com\/wp-content\/uploads\/2017\/06\/CONECTOR-CON-TOPE-BAJO-64x51.jpg 64w, https:\/\/eurotransis.com\/wp-content\/uploads\/2017\/06\/CONECTOR-CON-TOPE-BAJO.jpg 379w\" sizes=\"auto, (max-width: 174px) 100vw, 174px\" \/>CONNECTEUR AVEC BUT\u00c9E BAS<\/td>\n<td>MC35-C2<\/td>\n<\/tr>\n<tr>\n<td><img loading=\"lazy\" decoding=\"async\" class=\"size-full wp-image-5661 alignleft\" src=\"https:\/\/eurotransis.com\/wp-content\/uploads\/2017\/06\/conector_con_tope_alto_mc35_c3.jpg\" alt=\"conector_con_tope_alto_mc35_c3\" width=\"200\" height=\"200\" srcset=\"https:\/\/eurotransis.com\/wp-content\/uploads\/2017\/06\/conector_con_tope_alto_mc35_c3.jpg 200w, https:\/\/eurotransis.com\/wp-content\/uploads\/2017\/06\/conector_con_tope_alto_mc35_c3-100x100.jpg 100w, https:\/\/eurotransis.com\/wp-content\/uploads\/2017\/06\/conector_con_tope_alto_mc35_c3-64x64.jpg 64w\" sizes=\"auto, (max-width: 200px) 100vw, 200px\" \/><img loading=\"lazy\" decoding=\"async\" class=\"alignleft wp-image-18776\" src=\"https:\/\/eurotransis.com\/wp-content\/uploads\/2017\/06\/CONECTOR-CON-TOPE-ALTO-300x239.jpg\" alt=\"\" width=\"168\" height=\"134\" srcset=\"https:\/\/eurotransis.com\/wp-content\/uploads\/2017\/06\/CONECTOR-CON-TOPE-ALTO-300x239.jpg 300w, https:\/\/eurotransis.com\/wp-content\/uploads\/2017\/06\/CONECTOR-CON-TOPE-ALTO-64x51.jpg 64w, https:\/\/eurotransis.com\/wp-content\/uploads\/2017\/06\/CONECTOR-CON-TOPE-ALTO.jpg 395w\" sizes=\"auto, (max-width: 168px) 100vw, 168px\" \/>CONNECTEUR AVEC BUT\u00c9E HAUTE<\/td>\n<td>MC35-C3<\/td>\n<\/tr>\n<tr>\n<td><img loading=\"lazy\" decoding=\"async\" class=\"size-full wp-image-5693 alignleft\" src=\"https:\/\/eurotransis.com\/wp-content\/uploads\/2017\/06\/conector_puente_rail_mc35_c4.jpg\" alt=\"conector_puente_rail_mc35_c4\" width=\"200\" height=\"200\" srcset=\"https:\/\/eurotransis.com\/wp-content\/uploads\/2017\/06\/conector_puente_rail_mc35_c4.jpg 200w, https:\/\/eurotransis.com\/wp-content\/uploads\/2017\/06\/conector_puente_rail_mc35_c4-100x100.jpg 100w, https:\/\/eurotransis.com\/wp-content\/uploads\/2017\/06\/conector_puente_rail_mc35_c4-64x64.jpg 64w\" sizes=\"auto, (max-width: 200px) 100vw, 200px\" \/> <img loading=\"lazy\" decoding=\"async\" class=\"alignleft wp-image-18780\" src=\"https:\/\/eurotransis.com\/wp-content\/uploads\/2017\/06\/CONECTOR-PUENTE-RAIL-300x271.png\" alt=\"\" width=\"165\" height=\"149\" srcset=\"https:\/\/eurotransis.com\/wp-content\/uploads\/2017\/06\/CONECTOR-PUENTE-RAIL-300x271.png 300w, https:\/\/eurotransis.com\/wp-content\/uploads\/2017\/06\/CONECTOR-PUENTE-RAIL-64x58.png 64w, https:\/\/eurotransis.com\/wp-content\/uploads\/2017\/06\/CONECTOR-PUENTE-RAIL.png 346w\" sizes=\"auto, (max-width: 165px) 100vw, 165px\" \/>CONNECTEUR PONT RAIL<\/td>\n<td>MC35-C4<\/td>\n<\/tr>\n<tr>\n<td><img loading=\"lazy\" decoding=\"async\" class=\"size-full wp-image-5685 alignleft\" src=\"https:\/\/eurotransis.com\/wp-content\/uploads\/2017\/06\/conector_puente_mc35_c5.jpg\" alt=\"conector_puente_mc35_c5\" width=\"200\" height=\"200\" srcset=\"https:\/\/eurotransis.com\/wp-content\/uploads\/2017\/06\/conector_puente_mc35_c5.jpg 200w, https:\/\/eurotransis.com\/wp-content\/uploads\/2017\/06\/conector_puente_mc35_c5-100x100.jpg 100w, https:\/\/eurotransis.com\/wp-content\/uploads\/2017\/06\/conector_puente_mc35_c5-64x64.jpg 64w\" sizes=\"auto, (max-width: 200px) 100vw, 200px\" \/><img loading=\"lazy\" decoding=\"async\" class=\"alignleft wp-image-18784\" src=\"https:\/\/eurotransis.com\/wp-content\/uploads\/2017\/06\/CONECTOR-PUENTE-300x247.png\" alt=\"\" width=\"165\" height=\"135\" srcset=\"https:\/\/eurotransis.com\/wp-content\/uploads\/2017\/06\/CONECTOR-PUENTE-300x247.png 300w, https:\/\/eurotransis.com\/wp-content\/uploads\/2017\/06\/CONECTOR-PUENTE-64x53.png 64w, https:\/\/eurotransis.com\/wp-content\/uploads\/2017\/06\/CONECTOR-PUENTE.png 388w\" sizes=\"auto, (max-width: 165px) 100vw, 165px\" \/>CONNECTEUR PONT<\/td>\n<td>MC35-C5<\/td>\n<\/tr>\n<tr>\n<td><img loading=\"lazy\" decoding=\"async\" class=\"size-full wp-image-5677 alignleft\" src=\"https:\/\/eurotransis.com\/wp-content\/uploads\/2017\/06\/conector_intermedio_mc35_c6.jpg\" alt=\"conector_intermedio_mc35_c6\" width=\"200\" height=\"200\" srcset=\"https:\/\/eurotransis.com\/wp-content\/uploads\/2017\/06\/conector_intermedio_mc35_c6.jpg 200w, https:\/\/eurotransis.com\/wp-content\/uploads\/2017\/06\/conector_intermedio_mc35_c6-100x100.jpg 100w, https:\/\/eurotransis.com\/wp-content\/uploads\/2017\/06\/conector_intermedio_mc35_c6-64x64.jpg 64w\" sizes=\"auto, (max-width: 200px) 100vw, 200px\" \/><img loading=\"lazy\" decoding=\"async\" class=\"alignleft wp-image-18788\" src=\"https:\/\/eurotransis.com\/wp-content\/uploads\/2017\/06\/CONECTOR-INTERMEDIO-300x283.jpg\" alt=\"\" width=\"164\" height=\"154\" srcset=\"https:\/\/eurotransis.com\/wp-content\/uploads\/2017\/06\/CONECTOR-INTERMEDIO-300x283.jpg 300w, https:\/\/eurotransis.com\/wp-content\/uploads\/2017\/06\/CONECTOR-INTERMEDIO-64x60.jpg 64w, https:\/\/eurotransis.com\/wp-content\/uploads\/2017\/06\/CONECTOR-INTERMEDIO.jpg 339w\" sizes=\"auto, (max-width: 164px) 100vw, 164px\" \/>CONNECTEUR INTERM\u00c9DIAIRE<\/td>\n<td>MC35-C6<\/td>\n<\/tr>\n<\/tbody>\n<\/table>\n<p>&nbsp;<\/p>\n","protected":false},"excerpt":{"rendered":"<div>Les minirails ont diverses applications qui am\u00e9liorent l&rsquo;efficacit\u00e9 et la polyvalence du syst\u00e8me de transport de produits petits et l\u00e9gers, une meilleure distribution dans des espaces r\u00e9duits, des convoyeurs d&rsquo;accumulation, des syst\u00e8mes de classification, entre autres.<\/div>\n<div id=\"itsthetable\"><\/div>\n","protected":false},"featured_media":18758,"comment_status":"closed","ping_status":"closed","template":"","meta":[],"product_brand":[],"product_cat":[816],"product_tag":[],"class_list":{"0":"post-5715","1":"product","2":"type-product","3":"status-publish","4":"has-post-thumbnail","6":"product_cat-minirail-fr","8":"first","9":"instock","10":"shipping-taxable","11":"product-type-simple"},"_links":{"self":[{"href":"https:\/\/eurotransis.com\/fr\/wp-json\/wp\/v2\/product\/5715","targetHints":{"allow":["GET"]}}],"collection":[{"href":"https:\/\/eurotransis.com\/fr\/wp-json\/wp\/v2\/product"}],"about":[{"href":"https:\/\/eurotransis.com\/fr\/wp-json\/wp\/v2\/types\/product"}],"replies":[{"embeddable":true,"href":"https:\/\/eurotransis.com\/fr\/wp-json\/wp\/v2\/comments?post=5715"}],"wp:featuredmedia":[{"embeddable":true,"href":"https:\/\/eurotransis.com\/fr\/wp-json\/wp\/v2\/media\/18758"}],"wp:attachment":[{"href":"https:\/\/eurotransis.com\/fr\/wp-json\/wp\/v2\/media?parent=5715"}],"wp:term":[{"taxonomy":"product_brand","embeddable":true,"href":"https:\/\/eurotransis.com\/fr\/wp-json\/wp\/v2\/product_brand?post=5715"},{"taxonomy":"product_cat","embeddable":true,"href":"https:\/\/eurotransis.com\/fr\/wp-json\/wp\/v2\/product_cat?post=5715"},{"taxonomy":"product_tag","embeddable":true,"href":"https:\/\/eurotransis.com\/fr\/wp-json\/wp\/v2\/product_tag?post=5715"}],"curies":[{"name":"wp","href":"https:\/\/api.w.org\/{rel}","templated":true}]}}