{"id":4498,"date":"2016-03-31T07:36:16","date_gmt":"2016-03-31T07:36:16","guid":{"rendered":"http:\/\/eurotransis.com\/pt-pt\/empresa\/"},"modified":"2024-09-02T07:32:02","modified_gmt":"2024-09-02T05:32:02","slug":"conocenos","status":"publish","type":"page","link":"https:\/\/eurotransis.com\/pt-pt\/conocenos\/","title":{"rendered":"Conhe\u00e7a-nos"},"content":{"rendered":"<section class=\"block-text\">\n    <div class=\"container-xl\">\n        \n                    <div class=\"title\">Roltia<\/div>\n        \n                    <div class=\"text\"><p>A Roltia \u00e9 uma empresa metalomec\u00e2nica com mais de 30 anos de experi\u00eancia internacional no mundo da manuten\u00e7\u00e3o e minera\u00e7\u00e3o. Ao longo destes anos temos procurado crescer profissionalmente rumo a novos mercados para conhecer em primeira m\u00e3o as novas tecnologias do setor e melhorar o servi\u00e7o t\u00e9cnico, produtivo e de design dos nossos produtos.<\/p>\n<\/div>\n            <\/div>\n<\/section>\n\n<div class=\"block-counters\">\n    <div class=\"container-xl\">\n        <div class=\"wrap-counters\">\n                            <div class=\"item-counter\">\n                    <div class=\"data-counter\">\n                                                <span class=\"data counter_effect\" data-count=\"12\">0<\/span><span class=\"suffix\">mil m\u00b2<\/span>\n                    <\/div>\n                    <span class=\"description\">de instala\u00e7\u00f5es<\/span>\n                <\/div>\n                            <div class=\"item-counter\">\n                    <div class=\"data-counter\">\n                                                <span class=\"prefix\">+<\/span><span class=\"data counter_effect\" data-count=\"30\">0<\/span>\n                    <\/div>\n                    <span class=\"description\">anos de experiencia<\/span>\n                <\/div>\n                            <div class=\"item-counter\">\n                    <div class=\"data-counter\">\n                                                <span class=\"prefix\">+<\/span><span class=\"data counter_effect\" data-count=\"60\">0<\/span>\n                    <\/div>\n                    <span class=\"description\">profissionais qualificados<\/span>\n                <\/div>\n                    <\/div>\n    <\/div>\n<\/div>\n\n\n<section class=\"block-media-and-text-2-equal-column closed\">\n    <div class=\"container-xl wrap-media-and-text-2-equal-column\">\n        <div class=\"wrap_text \">\n                            <div class=\"titles\">\n                    <div class=\"title\"><p>Roltia em + 55 paises<\/p> <\/div>\n                <\/div>\n            \n                            <div class=\"excerpt show\">\n                    <p>O crescimento internacional da Roltia, atualmente presente em mais de 30 pa\u00edses, permite-nos oferecer os nossos produtos em diversas geografias, e adaptar-nos \u00e0s necessidades espec\u00edficas de cada mercado. Nosso alcance internacional \u00e9 um reflexo do nosso compromisso cont\u00ednuo com a excel\u00eancia e a satisfa\u00e7\u00e3o do cliente.<\/p>\n\n                                    <\/div>\n                    <\/div>\n\n        <figure class=\"  standar\">\n        <img loading=\"lazy\" decoding=\"async\" width=\"500\" height=\"281\" src=\"https:\/\/eurotransis.com\/wp-content\/uploads\/2024\/08\/experiencia-500x292-copia-2.png\" class=\"standar\" alt=\"\" srcset=\"https:\/\/eurotransis.com\/wp-content\/uploads\/2024\/08\/experiencia-500x292-copia-2.png 500w, https:\/\/eurotransis.com\/wp-content\/uploads\/2024\/08\/experiencia-500x292-copia-2-64x36.png 64w, https:\/\/eurotransis.com\/wp-content\/uploads\/2024\/08\/experiencia-500x292-copia-2-300x169.png 300w\" sizes=\"auto, (max-width: 500px) 100vw, 500px\" \/>\n    <\/figure>\n    <\/div>\n<\/section>\n\n\n<section class=\"block-media-and-text-2-equal-column closed\">\n    <div class=\"container-xl wrap-media-and-text-2-equal-column\">\n        <div class=\"wrap_text left\">\n                            <div class=\"titles\">\n                    <div class=\"title\"><p>12.000\u202fm\u00b2\u2028de instala\u00e7\u00f5es<\/p> <\/div>\n                <\/div>\n            \n                            <div class=\"excerpt show\">\n                    <p>Nossas instala\u00e7\u00f5es, sediadas em C\u00f3rdoba, contam com uma \u00e1rea de 12.000m\u00b2 dotadas de processos produtivos automatizados que nos permitem fabricar grandes s\u00e9ries de produtos, tanto standarizados quanto solicitados por cada cliente de forma totalmente personalizada.<\/p>\n\n                                    <\/div>\n                    <\/div>\n\n        <figure class=\" left standar\">\n        <img loading=\"lazy\" decoding=\"async\" width=\"588\" height=\"343\" src=\"https:\/\/eurotransis.com\/wp-content\/uploads\/2024\/03\/instalaciones.jpg\" class=\"standar\" alt=\"\" srcset=\"https:\/\/eurotransis.com\/wp-content\/uploads\/2024\/03\/instalaciones.jpg 588w, https:\/\/eurotransis.com\/wp-content\/uploads\/2024\/03\/instalaciones-500x292.jpg 500w, https:\/\/eurotransis.com\/wp-content\/uploads\/2024\/03\/instalaciones-64x37.jpg 64w, https:\/\/eurotransis.com\/wp-content\/uploads\/2024\/03\/instalaciones-300x175.jpg 300w\" sizes=\"auto, (max-width: 588px) 100vw, 588px\" \/>\n    <\/figure>\n    <\/div>\n<\/section>\n\n\n<section class=\"block-media-and-text-2-equal-column closed\">\n    <div class=\"container-xl wrap-media-and-text-2-equal-column\">\n        <div class=\"wrap_text \">\n                            <div class=\"titles\">\n                    <div class=\"title\"><p>Equipa humana +60 trabalhadores<\/p> <\/div>\n                <\/div>\n            \n                            <div class=\"excerpt show\">\n                    <p>A nossa dedica\u00e7\u00e3o \u00e0 excel\u00eancia e o compromisso com a satisfa\u00e7\u00e3o do cliente refletem-se n\u00e3o s\u00f3 nos nossos produtos e servi\u00e7os, mas tamb\u00e9m na nossa equipa multidisciplinar, s\u00f3lida e empenhada, composta por profissionais que defendem os nossos valores como qualidade, inova\u00e7\u00e3o, efici\u00eancia e gest\u00e3o para aumentar a rentabilidade das empresas.<\/p>\n\n                                    <\/div>\n                    <\/div>\n\n        <figure class=\"  standar\">\n        <img loading=\"lazy\" decoding=\"async\" width=\"588\" height=\"343\" src=\"https:\/\/eurotransis.com\/wp-content\/uploads\/2024\/03\/profesionales-cualificados.jpg\" class=\"standar\" alt=\"\" srcset=\"https:\/\/eurotransis.com\/wp-content\/uploads\/2024\/03\/profesionales-cualificados.jpg 588w, https:\/\/eurotransis.com\/wp-content\/uploads\/2024\/03\/profesionales-cualificados-500x292.jpg 500w, https:\/\/eurotransis.com\/wp-content\/uploads\/2024\/03\/profesionales-cualificados-64x37.jpg 64w, https:\/\/eurotransis.com\/wp-content\/uploads\/2024\/03\/profesionales-cualificados-300x175.jpg 300w\" sizes=\"auto, (max-width: 588px) 100vw, 588px\" \/>\n    <\/figure>\n    <\/div>\n<\/section>\n\n\n<section class=\"block-text-icon\">\n    <div class=\"container-xl\">\n        <div class=\"wrap-text-icon\">\n            <div class=\"text-content\">\n                                    <div class=\"title\">Criterios de qualidade<\/div>\n                \n                                    <div class=\"text\"><p>Com o objetivo de ir ao encontro dos compromissos e expectativas dos nossos clientes e da necessidade de adapta\u00e7\u00e3o aos requisitos legais, na Roltia desenhamos uma Pol\u00edtica de Qualidade baseada na Norma UNE-EN ISO 9001:2015.<\/p>\n<p>Nossa pol\u00edtica de qualidade \u00e9 regida por diretrizes com o compromisso de implementar sistema de Gest\u00e3o da Qualidade e mant\u00ea-lo atualizado e atualizado, conscientizando e capacitando nossa equipe para manter um rigoroso controle de qualidade, cumprir prazos de entrega, oferecer suporte t\u00e9cnico personalizado e buscar a melhoria cont\u00ednua em todos nossos servi\u00e7os.<\/p><\/div>\n                            <\/div>\n            <div class=\"certification-icons\">\n                                                            <div class=\"certification-icon\">\n                            <img loading=\"lazy\" decoding=\"async\" width=\"150\" height=\"140\" src=\"https:\/\/eurotransis.com\/wp-content\/uploads\/2024\/03\/OCA-Global-e1772628065690-150x140.png\" class=\"attachment-thumbnail size-thumbnail\" alt=\"\" \/>\n                        <\/div>\n                                                                                <div class=\"certification-icon\">\n                            <img loading=\"lazy\" decoding=\"async\" width=\"150\" height=\"150\" src=\"https:\/\/eurotransis.com\/wp-content\/uploads\/2024\/03\/ATEX-150x150.png\" class=\"attachment-thumbnail size-thumbnail\" alt=\"\" srcset=\"https:\/\/eurotransis.com\/wp-content\/uploads\/2024\/03\/ATEX-150x150.png 150w, https:\/\/eurotransis.com\/wp-content\/uploads\/2024\/03\/ATEX-100x100.png 100w, https:\/\/eurotransis.com\/wp-content\/uploads\/2024\/03\/ATEX-64x64.png 64w, https:\/\/eurotransis.com\/wp-content\/uploads\/2024\/03\/ATEX.png 167w\" sizes=\"auto, (max-width: 150px) 100vw, 150px\" \/>\n                        <\/div>\n                                                <\/div>\n        <\/div>\n    <\/div>\n<\/section>","protected":false},"excerpt":{"rendered":"","protected":false},"author":1,"featured_media":11622,"parent":0,"menu_order":0,"comment_status":"closed","ping_status":"closed","template":"templates\/bg-header-page.blade.php","meta":{"footnotes":""},"class_list":["post-4498","page","type-page","status-publish","has-post-thumbnail","hentry"],"_links":{"self":[{"href":"https:\/\/eurotransis.com\/pt-pt\/wp-json\/wp\/v2\/pages\/4498","targetHints":{"allow":["GET"]}}],"collection":[{"href":"https:\/\/eurotransis.com\/pt-pt\/wp-json\/wp\/v2\/pages"}],"about":[{"href":"https:\/\/eurotransis.com\/pt-pt\/wp-json\/wp\/v2\/types\/page"}],"author":[{"embeddable":true,"href":"https:\/\/eurotransis.com\/pt-pt\/wp-json\/wp\/v2\/users\/1"}],"replies":[{"embeddable":true,"href":"https:\/\/eurotransis.com\/pt-pt\/wp-json\/wp\/v2\/comments?post=4498"}],"version-history":[{"count":5,"href":"https:\/\/eurotransis.com\/pt-pt\/wp-json\/wp\/v2\/pages\/4498\/revisions"}],"predecessor-version":[{"id":15488,"href":"https:\/\/eurotransis.com\/pt-pt\/wp-json\/wp\/v2\/pages\/4498\/revisions\/15488"}],"wp:featuredmedia":[{"embeddable":true,"href":"https:\/\/eurotransis.com\/pt-pt\/wp-json\/wp\/v2\/media\/11622"}],"wp:attachment":[{"href":"https:\/\/eurotransis.com\/pt-pt\/wp-json\/wp\/v2\/media?parent=4498"}],"curies":[{"name":"wp","href":"https:\/\/api.w.org\/{rel}","templated":true}]}}