{"id":4507,"date":"2016-04-01T07:59:39","date_gmt":"2016-04-01T07:59:39","guid":{"rendered":"http:\/\/eurotransis.com\/pt-pt\/politica-de-cookies\/"},"modified":"2024-03-21T12:15:59","modified_gmt":"2024-03-21T11:15:59","slug":"politica-de-cookies","status":"publish","type":"page","link":"https:\/\/eurotransis.com\/pt-pt\/politica-de-cookies\/","title":{"rendered":"Politica de Cookies"},"content":{"rendered":"\n<div class=\"wp-block-group container-xl is-layout-constrained wp-block-group-is-layout-constrained\">\n<p style=\"text-align: justify;\">Infromamos que a nossa p\u00e1gina web utiliza cookies para analisar a navega\u00e7\u00e3o dos usu\u00e1rios. Se continuar a navegar, consideramos o uso aceitado.<\/p>\n<p style=\"text-align: justify;\">Os cookies s\u00e3o uns arquivos que se instalam no equipamento desde o acesso \u00e0 nossa p\u00e1gina web com a finalidade que se descrevem na p\u00e1gina.<\/p>\n<p style=\"text-align: justify;\">A aplica\u00e7\u00e3o que utilizamos para obter e analizar a informa\u00e7\u00e3o da navega\u00e7\u00e3o \u00e9: Google Analytics: <a href=\"http:\/\/www.google.com\/analytics\/\" target=\"_blank\" rel=\"noopener\">www.google.com\/analytics\/<\/a> e <a href=\"http:\/\/www.google.es\/intl\/es\/analytics\/privacyoverview.html\" target=\"_blank\" rel=\"noopener\">http:\/\/www.google.es\/intl\/es\/analytics\/privacyoverview.html<\/a><\/p>\n<p style=\"text-align: justify;\">Esta aplica\u00e7\u00e3o foi desenvolvida pelo Google, que nos presta o servi\u00e7o de an\u00e1lise da audiencia da nossa p\u00e1gina. Esta empresa pode utilizar estes dados para melhorar os seus pr\u00f3prios servi\u00e7os e oferecer servi\u00e7os a outras empresas. Pode conhecer estes otros usos desde os enlaces indicados.<\/p>\n<p style=\"text-align: justify;\">Esta ferramenta n\u00e3o obt\u00eam dados dos nomes ou apelidos dos usuarios nem da dire\u00e7\u00e3o postal desde onde se conectam. A informa\u00e7\u00e3o que obtem est\u00e1 relacionada por exemplo com o n\u00famero de p\u00e1ginas visitas, o idioma, rede social onde se aplicam noticias, da cidade que est\u00e1 assinalada na dire\u00e7\u00e3o IP desde que acedam os usuarios, o n\u00famero de usuarios que nos visitam, a frequencia e a reincidencia das visitas, o tempo de visita, o navegador que utilizam, o tipo de terminal desde que se realiza a visita.<\/p>\n<p style=\"text-align: justify;\">Esta informa\u00e7\u00e3o utilizamos para melhorar a nossa p\u00e1gina, detetar novas necesidades e valorizar as melhoras a introduzir com a finalidade de prestar um servi\u00e7o melhor aos usuarios que nos visitam.<\/p>\n<p style=\"text-align: justify;\">Para permitir, conhecer, bloquear ou eliminar as cookies instaladas no equipamento, pode faze-lo mediante da configura\u00e7\u00e3o das op\u00e7\u00f5es do navegador instalado no seu computador.<\/p>\n<\/div>\n","protected":false},"excerpt":{"rendered":"<p>Infromamos que a nossa p\u00e1gina web utiliza cookies para analisar a navega\u00e7\u00e3o dos usu\u00e1rios. Se continuar a navegar, consideramos o uso aceitado. Os cookies s\u00e3o uns arquivos que se instalam no equipamento desde o acesso \u00e0 nossa p\u00e1gina web com a finalidade que se descrevem na p\u00e1gina. A aplica\u00e7\u00e3o que utilizamos para obter e analizar &hellip; <a href=\"https:\/\/eurotransis.com\/pt-pt\/politica-de-cookies\/\">Veja mais<\/a><\/p>\n","protected":false},"author":1,"featured_media":0,"parent":0,"menu_order":0,"comment_status":"closed","ping_status":"closed","template":"","meta":{"footnotes":""},"class_list":["post-4507","page","type-page","status-publish","hentry"],"_links":{"self":[{"href":"https:\/\/eurotransis.com\/pt-pt\/wp-json\/wp\/v2\/pages\/4507","targetHints":{"allow":["GET"]}}],"collection":[{"href":"https:\/\/eurotransis.com\/pt-pt\/wp-json\/wp\/v2\/pages"}],"about":[{"href":"https:\/\/eurotransis.com\/pt-pt\/wp-json\/wp\/v2\/types\/page"}],"author":[{"embeddable":true,"href":"https:\/\/eurotransis.com\/pt-pt\/wp-json\/wp\/v2\/users\/1"}],"replies":[{"embeddable":true,"href":"https:\/\/eurotransis.com\/pt-pt\/wp-json\/wp\/v2\/comments?post=4507"}],"version-history":[{"count":1,"href":"https:\/\/eurotransis.com\/pt-pt\/wp-json\/wp\/v2\/pages\/4507\/revisions"}],"predecessor-version":[{"id":12209,"href":"https:\/\/eurotransis.com\/pt-pt\/wp-json\/wp\/v2\/pages\/4507\/revisions\/12209"}],"wp:attachment":[{"href":"https:\/\/eurotransis.com\/pt-pt\/wp-json\/wp\/v2\/media?parent=4507"}],"curies":[{"name":"wp","href":"https:\/\/api.w.org\/{rel}","templated":true}]}}