{"id":8259,"date":"2018-06-14T15:06:27","date_gmt":"2018-06-14T15:06:27","guid":{"rendered":"https:\/\/eurotransis.com\/?page_id=8259"},"modified":"2024-03-21T12:16:36","modified_gmt":"2024-03-21T11:16:36","slug":"politica-de-privacidade","status":"publish","type":"page","link":"https:\/\/eurotransis.com\/pt-pt\/politica-de-privacidade\/","title":{"rendered":"Pol\u00edtica de privacidade"},"content":{"rendered":"\n<div class=\"wp-block-group container-xl is-layout-constrained wp-block-group-is-layout-constrained\">\n<p style=\"text-align: justify;\"><strong>AVISO LEGAL: Recolha de dados na p\u00e1gina WEB (LSSICE + LOPD)<\/strong><\/p>\n<p style=\"text-align: justify;\">&#8220;Em cumprimento com o Regulamento Geral de Prote\u00e7\u00e3o de Dados (UE) 2016\/679 do Parlamento Europeu e do Concelho de 27 de abril de 2016 e a lei org\u00e2nica 3\/2018 de 5 de Dezembro de Prote\u00e7\u00e3o de Dados Pessoais e da Garantia dos Direitos Digitais informamos que os dados por Vs. proporcionados ser\u00e3o objeto de tratamento por parte da Roltia Intralogistics SL com NIF B14562987, com domic\u00edlio em CABRA (CORDOBA), C.P. 14940, CARRETERA CASTRO DEL RIO N\u00ba 26, APART. 196, com a finalidade de prestar-lhes o servi\u00e7o solicitado e\/ou contratado, realizar a fatura\u00e7\u00e3o do mesmo.<\/p>\n<p style=\"text-align: justify;\">A base legal para o tratamento dos seus dados \u00e9 a execu\u00e7\u00e3o do servi\u00e7o por vo\u00e7\u00eas contratado e\/ou solicitado.<\/p>\n<p style=\"text-align: justify;\">A oferta prespetiva de produtos e servi\u00e7os est\u00e1 baseada no consentimento que se solicita, sem que em nenhum caso a retirada desse consentimento condicione a execu\u00e7\u00e3o do contrato.<\/p>\n<p style=\"text-align: justify;\">Os dados proporcionados v\u00e3o ser conservados enquanto se mantenha a rela\u00e7\u00e3o comercial durante os anos necess\u00e1rios para cumprir com as obriga\u00e7\u00f5es legais. Os dados n\u00e3o seram cedidos a terceiros salvo em casos em que exista uma obriga\u00e7\u00e3o legal.<\/p>\n<p style=\"text-align: justify;\">Vo\u00e7\u00eas tem direito de obter confirma\u00e7\u00e3o sobre si Roltia Intralogistics SL, estamos a tratar dos dados pessoais e por tanto tem o direito de exercer os seus direitos de acesso, retifica\u00e7\u00e3o, limita\u00e7\u00e3o do tratamento, portabilidade, oposi\u00e7\u00e3o ao tratamento e suspens\u00e3o dos seus dados como o direito a apresentar uma reclama\u00e7\u00e3o \u00e0 Autoridade de Control por escrito \u00e0 dire\u00e7\u00e3o de postal mensionada acima ou para ets@eurotransis.com pondo uma c\u00f3pia do DNI em ambos os casos.<\/p>\n<p style=\"text-align: justify;\">Assim mesmo solicitamos a sua autoriza\u00e7\u00e3o para oferecer-lhe produtos e servi\u00e7os relacionados com os solicitados, prestados e\/ou comercializados por a nossa entidade e poder dessa forma fideliza-lo como cliente<\/p>\n<p style=\"text-align: justify;\">[ ] Sim<\/p>\n<p style=\"text-align: justify;\">[ ] N\u00e3o<\/p>\n<\/div>\n","protected":false},"excerpt":{"rendered":"<p>AVISO LEGAL: Recolha de dados na p\u00e1gina WEB (LSSICE + LOPD) &#8220;Em cumprimento com o Regulamento Geral de Prote\u00e7\u00e3o de Dados (UE) 2016\/679 do Parlamento Europeu e do Concelho de 27 de abril de 2016 e a lei org\u00e2nica 3\/2018 de 5 de Dezembro de Prote\u00e7\u00e3o de Dados Pessoais e da Garantia dos Direitos Digitais &hellip; <a href=\"https:\/\/eurotransis.com\/pt-pt\/politica-de-privacidade\/\">Veja mais<\/a><\/p>\n","protected":false},"author":1,"featured_media":0,"parent":0,"menu_order":0,"comment_status":"closed","ping_status":"closed","template":"","meta":{"footnotes":""},"class_list":["post-8259","page","type-page","status-publish","hentry"],"_links":{"self":[{"href":"https:\/\/eurotransis.com\/pt-pt\/wp-json\/wp\/v2\/pages\/8259","targetHints":{"allow":["GET"]}}],"collection":[{"href":"https:\/\/eurotransis.com\/pt-pt\/wp-json\/wp\/v2\/pages"}],"about":[{"href":"https:\/\/eurotransis.com\/pt-pt\/wp-json\/wp\/v2\/types\/page"}],"author":[{"embeddable":true,"href":"https:\/\/eurotransis.com\/pt-pt\/wp-json\/wp\/v2\/users\/1"}],"replies":[{"embeddable":true,"href":"https:\/\/eurotransis.com\/pt-pt\/wp-json\/wp\/v2\/comments?post=8259"}],"version-history":[{"count":1,"href":"https:\/\/eurotransis.com\/pt-pt\/wp-json\/wp\/v2\/pages\/8259\/revisions"}],"predecessor-version":[{"id":12210,"href":"https:\/\/eurotransis.com\/pt-pt\/wp-json\/wp\/v2\/pages\/8259\/revisions\/12210"}],"wp:attachment":[{"href":"https:\/\/eurotransis.com\/pt-pt\/wp-json\/wp\/v2\/media?parent=8259"}],"curies":[{"name":"wp","href":"https:\/\/api.w.org\/{rel}","templated":true}]}}