{"id":14851,"date":"2024-08-07T14:27:23","date_gmt":"2024-08-07T12:27:24","guid":{"rendered":"https:\/\/eurotransis.com\/?post_type=product&#038;p=14851"},"modified":"2024-10-10T13:02:54","modified_gmt":"2024-10-10T11:02:54","slug":"transportadores-multidirecionais-feixes-copia","status":"publish","type":"product","link":"https:\/\/eurotransis.com\/pt-pt\/loja\/fabricante-transportadores-rolos-pt\/outras-solucoes-pt\/transportadores-de-roldanas-pt\/transportadores-multidirecionais-feixes-copia\/","title":{"rendered":"Transportadores de rolos unidirecionais"},"content":{"rendered":"<p>Como fabricantes especializados, temos orgulho de oferecer produtos de alta qualidade, como mesas transportadoras de roldanas, que s\u00e3o projetadas para atender \u00e0s necessidades, facilitar o fluxo cont\u00ednuo de materiais e produtos, otimizando os processos produtivos e log\u00edsticos.<\/p>\n<p>Utilizamos sempre materiais de primeira qualidade e tecnologias de ponta para garantir a durabilidade e confiabilidade de nossos produtos. Para isso, a equipe de especialistas em engenharia trabalha em estreita colabora\u00e7\u00e3o com o cliente para entender suas necessidades e oferecer solu\u00e7\u00f5es que superem suas expectativas.<\/p>\n<p><strong>Dados necess\u00e1rios para oferecer:<\/strong><\/p>\n<ul>\n<li>Comprimento (mm)<\/li>\n<li>Largura total da tabela (mm)<\/li>\n<li>Di\u00e2metro da polia<\/li>\n<li>Passagem longitudinal entre rolos<\/li>\n<li>Passagem transversal entre rolos:<\/li>\n<li>altura de trabalho (mm)<\/li>\n<li>Dimens\u00f5es do produto a ser transportado (Altura, largura e comprimento)<\/li>\n<li>Peso do produto a ser transportado<\/li>\n<li>Grades laterais (Sim\/N\u00e3o)<\/li>\n<li>Parada final (Sim\/N\u00e3o)<\/li>\n<li>Dados adicionais<\/li>\n<\/ul>\n","protected":false},"excerpt":{"rendered":"<p>Como fabricantes especializados, temos orgulho de oferecer produtos de alta qualidade, como mesas transportadoras de roldanas, que s\u00e3o projetadas para atender \u00e0s necessidades, facilitar o fluxo cont\u00ednuo de materiais e produtos, otimizando os processos produtivos e log\u00edsticos. Utilizamos sempre materiais de primeira qualidade e tecnologias de ponta para garantir a durabilidade e confiabilidade de nossos &hellip; <a href=\"https:\/\/eurotransis.com\/pt-pt\/loja\/fabricante-transportadores-rolos-pt\/outras-solucoes-pt\/transportadores-de-roldanas-pt\/transportadores-multidirecionais-feixes-copia\/\">Veja mais<\/a><\/p>\n","protected":false},"featured_media":15082,"comment_status":"closed","ping_status":"closed","template":"","meta":[],"product_brand":[],"product_cat":[605],"product_tag":[],"class_list":{"0":"post-14851","1":"product","2":"type-product","3":"status-publish","4":"has-post-thumbnail","6":"product_cat-transportadores-de-roldanas-pt","8":"first","9":"instock","10":"shipping-taxable","11":"product-type-simple"},"_links":{"self":[{"href":"https:\/\/eurotransis.com\/pt-pt\/wp-json\/wp\/v2\/product\/14851","targetHints":{"allow":["GET"]}}],"collection":[{"href":"https:\/\/eurotransis.com\/pt-pt\/wp-json\/wp\/v2\/product"}],"about":[{"href":"https:\/\/eurotransis.com\/pt-pt\/wp-json\/wp\/v2\/types\/product"}],"replies":[{"embeddable":true,"href":"https:\/\/eurotransis.com\/pt-pt\/wp-json\/wp\/v2\/comments?post=14851"}],"wp:featuredmedia":[{"embeddable":true,"href":"https:\/\/eurotransis.com\/pt-pt\/wp-json\/wp\/v2\/media\/15082"}],"wp:attachment":[{"href":"https:\/\/eurotransis.com\/pt-pt\/wp-json\/wp\/v2\/media?parent=14851"}],"wp:term":[{"taxonomy":"product_brand","embeddable":true,"href":"https:\/\/eurotransis.com\/pt-pt\/wp-json\/wp\/v2\/product_brand?post=14851"},{"taxonomy":"product_cat","embeddable":true,"href":"https:\/\/eurotransis.com\/pt-pt\/wp-json\/wp\/v2\/product_cat?post=14851"},{"taxonomy":"product_tag","embeddable":true,"href":"https:\/\/eurotransis.com\/pt-pt\/wp-json\/wp\/v2\/product_tag?post=14851"}],"curies":[{"name":"wp","href":"https:\/\/api.w.org\/{rel}","templated":true}]}}