{"id":16142,"date":"2024-08-22T08:19:44","date_gmt":"2024-08-22T06:19:44","guid":{"rendered":"https:\/\/eurotransis.com\/tienda\/sin%20categor\u00eda\/banda-modular\/"},"modified":"2024-10-09T10:59:54","modified_gmt":"2024-10-09T08:59:54","slug":"transportador-correia-modular","status":"publish","type":"product","link":"https:\/\/eurotransis.com\/pt-pt\/loja\/fabricante-transportadores-rolos-pt\/tapete-modular-pt\/transportador-correia-modular\/","title":{"rendered":"Transportador de correia modular"},"content":{"rendered":"<p>Como fabricantes especializados, temos orgulho de oferecer transportadores de correia modulares de alta qualidade. Estes transportadores s\u00e3o projetados para se adaptarem a uma ampla variedade de aplica\u00e7\u00f5es como movimenta\u00e7\u00e3o de produtos aliment\u00edcios, garrafas, latas, entre outras.<\/p>\n<p>Nossa equipe de engenheiros altamente qualificados possui a experi\u00eancia e o conhecimento necess\u00e1rios para projetar e fabricar transportadores de correia modulares que atendam \u00e0s necessidades de carga, velocidade e espa\u00e7o dispon\u00edvel de suas instala\u00e7\u00f5es.<\/p>\n<p>Esses transportadores podem ser projetados em m\u00f3dulos retos ou curvos de at\u00e9 180\u00ba, com esquadrias em a\u00e7o pintado, zincado ou inox, regulagem de altura, instala\u00e7\u00e3o de batentes, desviadores e outros tipos de acess\u00f3rios, corrim\u00e3os simples e duplos com regulagem horizontal e de altura .<\/p>\n<p><strong>Dados necess\u00e1rios para oferecer:<\/strong><\/p>\n<ul>\n<li>Comprimento (mm)<\/li>\n<li>Largura de banda nominal (mm9<\/li>\n<li>Altura de transporte (mm)<\/li>\n<li>Velocidade de transporte<\/li>\n<li>Dimens\u00f5es do produto a ser transportado (Altura, largura e comprimento)<\/li>\n<li>Peso do produto a transportar (Kg)<\/li>\n<li>Tipo de malha modular (Eurobelt\/Forbo). Alguma especifica\u00e7\u00e3o?<\/li>\n<li>Faixa alimentar (Sim\/N\u00e3o)<\/li>\n<li>Acabamento (Pintado RAL\/Inox)<\/li>\n<li>Grades laterais (Sim\/N\u00e3o)<\/li>\n<li>Parada final (Sim\/N\u00e3o)<\/li>\n<li>Dados adicionais<\/li>\n<\/ul>\n","protected":false},"excerpt":{"rendered":"<p>Como fabricantes especializados, temos orgulho de oferecer transportadores de correia modulares de alta qualidade. Estes transportadores s\u00e3o projetados para se adaptarem a uma ampla variedade de aplica\u00e7\u00f5es como movimenta\u00e7\u00e3o de produtos aliment\u00edcios, garrafas, latas, entre outras. Nossa equipe de engenheiros altamente qualificados possui a experi\u00eancia e o conhecimento necess\u00e1rios para projetar e fabricar transportadores de &hellip; <a href=\"https:\/\/eurotransis.com\/pt-pt\/loja\/fabricante-transportadores-rolos-pt\/tapete-modular-pt\/transportador-correia-modular\/\">Veja mais<\/a><\/p>\n","protected":false},"featured_media":17161,"comment_status":"closed","ping_status":"closed","template":"","meta":[],"product_brand":[],"product_cat":[541],"product_tag":[],"class_list":{"0":"post-16142","1":"product","2":"type-product","3":"status-publish","4":"has-post-thumbnail","6":"product_cat-tapete-modular-pt","8":"first","9":"instock","10":"shipping-taxable","11":"product-type-simple"},"_links":{"self":[{"href":"https:\/\/eurotransis.com\/pt-pt\/wp-json\/wp\/v2\/product\/16142","targetHints":{"allow":["GET"]}}],"collection":[{"href":"https:\/\/eurotransis.com\/pt-pt\/wp-json\/wp\/v2\/product"}],"about":[{"href":"https:\/\/eurotransis.com\/pt-pt\/wp-json\/wp\/v2\/types\/product"}],"replies":[{"embeddable":true,"href":"https:\/\/eurotransis.com\/pt-pt\/wp-json\/wp\/v2\/comments?post=16142"}],"wp:featuredmedia":[{"embeddable":true,"href":"https:\/\/eurotransis.com\/pt-pt\/wp-json\/wp\/v2\/media\/17161"}],"wp:attachment":[{"href":"https:\/\/eurotransis.com\/pt-pt\/wp-json\/wp\/v2\/media?parent=16142"}],"wp:term":[{"taxonomy":"product_brand","embeddable":true,"href":"https:\/\/eurotransis.com\/pt-pt\/wp-json\/wp\/v2\/product_brand?post=16142"},{"taxonomy":"product_cat","embeddable":true,"href":"https:\/\/eurotransis.com\/pt-pt\/wp-json\/wp\/v2\/product_cat?post=16142"},{"taxonomy":"product_tag","embeddable":true,"href":"https:\/\/eurotransis.com\/pt-pt\/wp-json\/wp\/v2\/product_tag?post=16142"}],"curies":[{"name":"wp","href":"https:\/\/api.w.org\/{rel}","templated":true}]}}