{"id":16158,"date":"2024-05-02T14:34:17","date_gmt":"2024-05-02T12:34:17","guid":{"rendered":"https:\/\/eurotransis.com\/tienda\/sin%20categor\u00eda\/mesa-de-minicarriles\/"},"modified":"2024-10-10T10:52:45","modified_gmt":"2024-10-10T08:52:45","slug":"mini-mesa-de-trilho","status":"publish","type":"product","link":"https:\/\/eurotransis.com\/pt-pt\/loja\/fabricante-transportadores-rolos-pt\/outras-solucoes-pt\/mesas-de-acumulacao-produto-pt\/mini-mesa-de-trilho\/","title":{"rendered":"Mini mesa de trilho"},"content":{"rendered":"<p>Como fabricantes especializados, temos orgulho em oferecer mesas de acumula\u00e7\u00e3o de produtos de alta qualidade, projetadas para atender \u00e0s necessidades, facilitando o fluxo cont\u00ednuo de materiais e produtos em ambientes industriais, otimizando os processos produtivos e log\u00edsticos.<\/p>\n<p>Utilizamos sempre materiais de primeira qualidade e tecnologias de ponta para garantir a durabilidade e confiabilidade de nossos produtos. Para isso, a equipe de especialistas em engenharia trabalha em estreita colabora\u00e7\u00e3o com o cliente para entender suas necessidades e oferecer solu\u00e7\u00f5es que superem suas expectativas.<\/p>\n<p><strong>Dados necess\u00e1rios para oferecer:<\/strong><\/p>\n<ul>\n<li>Largura \u00fatil (mm)<\/li>\n<li>Comprimento (mm)<\/li>\n<li>Altura de transporte (mm)<\/li>\n<li>Dimens\u00f5es do produto a ser transportado (Altura, largura e comprimento)<\/li>\n<li>Carga necess\u00e1ria (kg)<\/li>\n<li>Corrim\u00e3os (Sim\/N\u00e3o)<\/li>\n<li>Parada final (Sim\/N\u00e3o)<\/li>\n<li>Outras informa\u00e7\u00f5es adicionais<\/li>\n<\/ul>\n","protected":false},"excerpt":{"rendered":"<p>Como fabricantes especializados, temos orgulho em oferecer mesas de acumula\u00e7\u00e3o de produtos de alta qualidade, projetadas para atender \u00e0s necessidades, facilitando o fluxo cont\u00ednuo de materiais e produtos em ambientes industriais, otimizando os processos produtivos e log\u00edsticos. Utilizamos sempre materiais de primeira qualidade e tecnologias de ponta para garantir a durabilidade e confiabilidade de nossos &hellip; <a href=\"https:\/\/eurotransis.com\/pt-pt\/loja\/fabricante-transportadores-rolos-pt\/outras-solucoes-pt\/mesas-de-acumulacao-produto-pt\/mini-mesa-de-trilho\/\">Veja mais<\/a><\/p>\n","protected":false},"featured_media":15074,"comment_status":"closed","ping_status":"closed","template":"","meta":[],"product_brand":[],"product_cat":[599],"product_tag":[],"class_list":{"0":"post-16158","1":"product","2":"type-product","3":"status-publish","4":"has-post-thumbnail","6":"product_cat-mesas-de-acumulacao-produto-pt","8":"first","9":"instock","10":"shipping-taxable","11":"product-type-simple"},"_links":{"self":[{"href":"https:\/\/eurotransis.com\/pt-pt\/wp-json\/wp\/v2\/product\/16158","targetHints":{"allow":["GET"]}}],"collection":[{"href":"https:\/\/eurotransis.com\/pt-pt\/wp-json\/wp\/v2\/product"}],"about":[{"href":"https:\/\/eurotransis.com\/pt-pt\/wp-json\/wp\/v2\/types\/product"}],"replies":[{"embeddable":true,"href":"https:\/\/eurotransis.com\/pt-pt\/wp-json\/wp\/v2\/comments?post=16158"}],"wp:featuredmedia":[{"embeddable":true,"href":"https:\/\/eurotransis.com\/pt-pt\/wp-json\/wp\/v2\/media\/15074"}],"wp:attachment":[{"href":"https:\/\/eurotransis.com\/pt-pt\/wp-json\/wp\/v2\/media?parent=16158"}],"wp:term":[{"taxonomy":"product_brand","embeddable":true,"href":"https:\/\/eurotransis.com\/pt-pt\/wp-json\/wp\/v2\/product_brand?post=16158"},{"taxonomy":"product_cat","embeddable":true,"href":"https:\/\/eurotransis.com\/pt-pt\/wp-json\/wp\/v2\/product_cat?post=16158"},{"taxonomy":"product_tag","embeddable":true,"href":"https:\/\/eurotransis.com\/pt-pt\/wp-json\/wp\/v2\/product_tag?post=16158"}],"curies":[{"name":"wp","href":"https:\/\/api.w.org\/{rel}","templated":true}]}}