{"id":16553,"date":"2016-04-25T10:12:24","date_gmt":"2016-04-25T10:12:24","guid":{"rendered":"https:\/\/eurotransis.com\/tienda\/sem%20categoria\/transportador-de-rodillos-cuadrados\/"},"modified":"2024-10-09T07:54:21","modified_gmt":"2024-10-09T05:54:21","slug":"transportador-rolo-quadrado","status":"publish","type":"product","link":"https:\/\/eurotransis.com\/pt-pt\/loja\/fabricante-transportadores-rolos-pt\/transportadores-rolos-direitos-pt\/transportador-de-rolos-motorizado-pt\/transporte-ligeiro-2\/transportador-rolo-quadrado\/","title":{"rendered":"Transportador de rolos quadrados"},"content":{"rendered":"<p>Nossos transportadores s\u00e3o projetados para facilitar o fluxo cont\u00ednuo de materiais e produtos em ambientes industriais, otimizando os processos produtivos e log\u00edsticos.<\/p>\n<p>Os transportadores motorizados adaptam-se \u00e0s necessidades espec\u00edficas de cada cliente para facilitar o transporte e acumula\u00e7\u00e3o de cargas leves e pesadas.<\/p>\n<p>Dependendo da transmiss\u00e3o utilizada para acionar os roletes, podemos diferenci\u00e1-los pelo seu sistema de transmiss\u00e3o por meio de al\u00e7as fechadas, al\u00e7as de corrente, al\u00e7as planas, redondas, dentadas ou Poly-V, sistema de transmiss\u00e3o por elemento tangencial, corrente tangencial, correia plana, redonda ou tangencial dentado.<\/p>\n<p><strong>Dados necess\u00e1rios para oferecer:<\/strong><\/p>\n<ul>\n<li>Largura \u00fatil (mm)<\/li>\n<li>Comprimento (mm)<\/li>\n<li>Altura de transporte (mm)<\/li>\n<li>Dimens\u00f5es do produto a ser transportado (Altura, largura e comprimento)<\/li>\n<li>Peso do produto a ser transportado (kg)<\/li>\n<li>Velocidade necess\u00e1ria (metros\/minuto)<\/li>\n<li>Corrim\u00e3os (Sim\/N\u00e3o)<\/li>\n<li>Tope final (Sim\/N\u00e3o)<\/li>\n<li>Acabamento (RAL\/Zincado\/Inox)<\/li>\n<li>Dados adicionais<\/li>\n<\/ul>\n","protected":false},"excerpt":{"rendered":"<p>Nossos transportadores s\u00e3o projetados para facilitar o fluxo cont\u00ednuo de materiais e produtos em ambientes industriais, otimizando os processos produtivos e log\u00edsticos. Os transportadores motorizados adaptam-se \u00e0s necessidades espec\u00edficas de cada cliente para facilitar o transporte e acumula\u00e7\u00e3o de cargas leves e pesadas. Dependendo da transmiss\u00e3o utilizada para acionar os roletes, podemos diferenci\u00e1-los pelo seu &hellip; <a href=\"https:\/\/eurotransis.com\/pt-pt\/loja\/fabricante-transportadores-rolos-pt\/transportadores-rolos-direitos-pt\/transportador-de-rolos-motorizado-pt\/transporte-ligeiro-2\/transportador-rolo-quadrado\/\">Veja mais<\/a><\/p>\n","protected":false},"featured_media":13124,"comment_status":"closed","ping_status":"closed","template":"","meta":[],"product_brand":[],"product_cat":[634],"product_tag":[],"class_list":{"0":"post-16553","1":"product","2":"type-product","3":"status-publish","4":"has-post-thumbnail","6":"product_cat-transporte-ligeiro-2","8":"first","9":"instock","10":"shipping-taxable","11":"product-type-simple"},"_links":{"self":[{"href":"https:\/\/eurotransis.com\/pt-pt\/wp-json\/wp\/v2\/product\/16553","targetHints":{"allow":["GET"]}}],"collection":[{"href":"https:\/\/eurotransis.com\/pt-pt\/wp-json\/wp\/v2\/product"}],"about":[{"href":"https:\/\/eurotransis.com\/pt-pt\/wp-json\/wp\/v2\/types\/product"}],"replies":[{"embeddable":true,"href":"https:\/\/eurotransis.com\/pt-pt\/wp-json\/wp\/v2\/comments?post=16553"}],"wp:featuredmedia":[{"embeddable":true,"href":"https:\/\/eurotransis.com\/pt-pt\/wp-json\/wp\/v2\/media\/13124"}],"wp:attachment":[{"href":"https:\/\/eurotransis.com\/pt-pt\/wp-json\/wp\/v2\/media?parent=16553"}],"wp:term":[{"taxonomy":"product_brand","embeddable":true,"href":"https:\/\/eurotransis.com\/pt-pt\/wp-json\/wp\/v2\/product_brand?post=16553"},{"taxonomy":"product_cat","embeddable":true,"href":"https:\/\/eurotransis.com\/pt-pt\/wp-json\/wp\/v2\/product_cat?post=16553"},{"taxonomy":"product_tag","embeddable":true,"href":"https:\/\/eurotransis.com\/pt-pt\/wp-json\/wp\/v2\/product_tag?post=16553"}],"curies":[{"name":"wp","href":"https:\/\/api.w.org\/{rel}","templated":true}]}}