{"id":16590,"date":"2016-04-25T11:36:11","date_gmt":"2016-04-25T11:36:11","guid":{"rendered":"https:\/\/eurotransis.com\/tienda\/sem%20categoria\/dispensador-de-europalets-2\/"},"modified":"2025-08-11T12:27:30","modified_gmt":"2025-08-11T10:27:30","slug":"distribuidor-de-europaletes","status":"publish","type":"product","link":"https:\/\/eurotransis.com\/pt-pt\/loja\/fabricante-transportadores-rolos-pt\/outras-solucoes-pt\/dispensador-de-paletes-pt\/distribuidor-de-europaletes\/","title":{"rendered":"Distribuidor de europaletes"},"content":{"rendered":"<p>Os dispensadores de paletes s\u00e3o utilizados para alimentar e dosar paletes vazias em linhas de produ\u00e7\u00e3o.<\/p>\n<p>Caracterizam-se por autonomia de 16 unidades, eleva\u00e7\u00e3o mec\u00e2nica motorizada, doseamento pneum\u00e1tico, possibilidade de sele\u00e7\u00e3o do lado de carga, carregamento por empilhador ou automatizado, complemento de arma\u00e7\u00e3o de paletes para linhas automatizadas, entre outros.<\/p>\n<p><strong>Dados necess\u00e1rios para oferecer:<\/strong><\/p>\n<ul>\n<li>N\u00famero m\u00e1ximo de paletes<\/li>\n<li>Formato e dimens\u00f5es do palete<\/li>\n<li>Sa\u00edda do palete (traseira\/lateral)<\/li>\n<li>Dire\u00e7\u00e3o em que o palete ser\u00e1 manuseado<\/li>\n<li>Altura de trabalho<\/li>\n<li>Acabamento (pe\u00e7as fixas pintadas RAL)<\/li>\n<li>Dados adicionais<\/li>\n<\/ul>\n","protected":false},"excerpt":{"rendered":"<p>Os dispensadores de paletes s\u00e3o utilizados para alimentar e dosar paletes vazias em linhas de produ\u00e7\u00e3o. Caracterizam-se por autonomia de 16 unidades, eleva\u00e7\u00e3o mec\u00e2nica motorizada, doseamento pneum\u00e1tico, possibilidade de sele\u00e7\u00e3o do lado de carga, carregamento por empilhador ou automatizado, complemento de arma\u00e7\u00e3o de paletes para linhas automatizadas, entre outros. Dados necess\u00e1rios para oferecer: N\u00famero m\u00e1ximo &hellip; <a href=\"https:\/\/eurotransis.com\/pt-pt\/loja\/fabricante-transportadores-rolos-pt\/outras-solucoes-pt\/dispensador-de-paletes-pt\/distribuidor-de-europaletes\/\">Veja mais<\/a><\/p>\n","protected":false},"featured_media":13012,"comment_status":"closed","ping_status":"closed","template":"","meta":[],"product_brand":[],"product_cat":[595],"product_tag":[],"class_list":{"0":"post-16590","1":"product","2":"type-product","3":"status-publish","4":"has-post-thumbnail","6":"product_cat-dispensador-de-paletes-pt","8":"first","9":"instock","10":"shipping-taxable","11":"product-type-simple"},"_links":{"self":[{"href":"https:\/\/eurotransis.com\/pt-pt\/wp-json\/wp\/v2\/product\/16590","targetHints":{"allow":["GET"]}}],"collection":[{"href":"https:\/\/eurotransis.com\/pt-pt\/wp-json\/wp\/v2\/product"}],"about":[{"href":"https:\/\/eurotransis.com\/pt-pt\/wp-json\/wp\/v2\/types\/product"}],"replies":[{"embeddable":true,"href":"https:\/\/eurotransis.com\/pt-pt\/wp-json\/wp\/v2\/comments?post=16590"}],"wp:featuredmedia":[{"embeddable":true,"href":"https:\/\/eurotransis.com\/pt-pt\/wp-json\/wp\/v2\/media\/13012"}],"wp:attachment":[{"href":"https:\/\/eurotransis.com\/pt-pt\/wp-json\/wp\/v2\/media?parent=16590"}],"wp:term":[{"taxonomy":"product_brand","embeddable":true,"href":"https:\/\/eurotransis.com\/pt-pt\/wp-json\/wp\/v2\/product_brand?post=16590"},{"taxonomy":"product_cat","embeddable":true,"href":"https:\/\/eurotransis.com\/pt-pt\/wp-json\/wp\/v2\/product_cat?post=16590"},{"taxonomy":"product_tag","embeddable":true,"href":"https:\/\/eurotransis.com\/pt-pt\/wp-json\/wp\/v2\/product_tag?post=16590"}],"curies":[{"name":"wp","href":"https:\/\/api.w.org\/{rel}","templated":true}]}}