{"id":16617,"date":"2024-08-22T08:24:16","date_gmt":"2024-08-22T06:24:16","guid":{"rendered":"https:\/\/eurotransis.com\/tienda\/sem%20categoria\/tourneur-double-trml\/"},"modified":"2024-10-10T14:06:43","modified_gmt":"2024-10-10T12:06:43","slug":"torneiro-duplo-trml","status":"publish","type":"product","link":"https:\/\/eurotransis.com\/pt-pt\/loja\/fabricante-transportadores-rolos-pt\/outras-solucoes-pt\/torneiro-duplo-trml-pt\/torneiro-duplo-trml\/","title":{"rendered":"Torneiro duplo TRML"},"content":{"rendered":"<p>Como fabricantes especializados, temos orgulho de oferecer produtos de alta qualidade como os volteadores Duplo TRML, que s\u00e3o projetados para atender \u00e0s necessidades, facilitar o fluxo cont\u00ednuo de materiais e produtos, otimizando os processos produtivos e log\u00edsticos.<\/p>\n<p>Utilizamos sempre materiais de primeira qualidade e tecnologias de ponta para garantir a durabilidade e confiabilidade de nossos produtos. Para isso, a equipe de especialistas em engenharia trabalha em estreita colabora\u00e7\u00e3o com o cliente para entender suas necessidades e oferecer solu\u00e7\u00f5es que superem suas expectativas.<\/p>\n<p>Spinner constru\u00eddo com estrutura eletrossoldada de tubos retangulares formando uma plataforma duplo H, montado sobre um conjunto de rolamentos axiais e radiais de esferas, e localizado em repouso oculto entre os rolos.<\/p>\n","protected":false},"excerpt":{"rendered":"<p>Como fabricantes especializados, temos orgulho de oferecer produtos de alta qualidade como os volteadores Duplo TRML, que s\u00e3o projetados para atender \u00e0s necessidades, facilitar o fluxo cont\u00ednuo de materiais e produtos, otimizando os processos produtivos e log\u00edsticos. Utilizamos sempre materiais de primeira qualidade e tecnologias de ponta para garantir a durabilidade e confiabilidade de nossos &hellip; <a href=\"https:\/\/eurotransis.com\/pt-pt\/loja\/fabricante-transportadores-rolos-pt\/outras-solucoes-pt\/torneiro-duplo-trml-pt\/torneiro-duplo-trml\/\">Veja mais<\/a><\/p>\n","protected":false},"featured_media":15347,"comment_status":"closed","ping_status":"closed","template":"","meta":[],"product_brand":[],"product_cat":[703,586],"product_tag":[],"class_list":{"0":"post-16617","1":"product","2":"type-product","3":"status-publish","4":"has-post-thumbnail","6":"product_cat-torneiro-duplo-trml-pt","7":"product_cat-outras-solucoes-pt","9":"first","10":"instock","11":"shipping-taxable","12":"product-type-simple"},"_links":{"self":[{"href":"https:\/\/eurotransis.com\/pt-pt\/wp-json\/wp\/v2\/product\/16617","targetHints":{"allow":["GET"]}}],"collection":[{"href":"https:\/\/eurotransis.com\/pt-pt\/wp-json\/wp\/v2\/product"}],"about":[{"href":"https:\/\/eurotransis.com\/pt-pt\/wp-json\/wp\/v2\/types\/product"}],"replies":[{"embeddable":true,"href":"https:\/\/eurotransis.com\/pt-pt\/wp-json\/wp\/v2\/comments?post=16617"}],"wp:featuredmedia":[{"embeddable":true,"href":"https:\/\/eurotransis.com\/pt-pt\/wp-json\/wp\/v2\/media\/15347"}],"wp:attachment":[{"href":"https:\/\/eurotransis.com\/pt-pt\/wp-json\/wp\/v2\/media?parent=16617"}],"wp:term":[{"taxonomy":"product_brand","embeddable":true,"href":"https:\/\/eurotransis.com\/pt-pt\/wp-json\/wp\/v2\/product_brand?post=16617"},{"taxonomy":"product_cat","embeddable":true,"href":"https:\/\/eurotransis.com\/pt-pt\/wp-json\/wp\/v2\/product_cat?post=16617"},{"taxonomy":"product_tag","embeddable":true,"href":"https:\/\/eurotransis.com\/pt-pt\/wp-json\/wp\/v2\/product_tag?post=16617"}],"curies":[{"name":"wp","href":"https:\/\/api.w.org\/{rel}","templated":true}]}}