{"id":16700,"date":"2024-10-07T11:51:45","date_gmt":"2024-10-07T09:51:45","guid":{"rendered":"https:\/\/eurotransis.com\/tienda\/sem%20categoria\/tambor-motriz\/"},"modified":"2025-06-12T13:18:04","modified_gmt":"2025-06-12T11:18:04","slug":"tambor-de-acionamento","status":"publish","type":"product","link":"https:\/\/eurotransis.com\/pt-pt\/loja\/tambores-pt\/tambor-de-acionamento\/","title":{"rendered":"Tambor de acionamento"},"content":{"rendered":"<p>Os tambores s\u00e3o normalmente feitos de a\u00e7o carbono ou a\u00e7o inoxid\u00e1vel, dependendo de fatores como resist\u00eancia necess\u00e1ria, corros\u00e3o ambiental e carga de trabalho. Os tambores de a\u00e7o carbono s\u00e3o mais comuns devido \u00e0 sua resist\u00eancia e durabilidade, enquanto os tambores de a\u00e7o inoxid\u00e1vel s\u00e3o ideais para ambientes corrosivos.<\/p>\n<p>Podem ser classificados como tambores de cabe\u00e7a ou de tra\u00e7\u00e3o, tambores de cauda ou de avan\u00e7o, de inflex\u00e3o, de contrapeso, etc. Os tambores frontais s\u00e3o respons\u00e1veis \u200b\u200bpor fornecer tra\u00e7\u00e3o \u00e0 correia transportadora, os tambores traseiros permitem o retorno da correia e os tambores de inflex\u00e3o e contrapeso geram a tens\u00e3o adequada para o funcionamento ideal da correia.<\/p>\n<p>Al\u00e9m disso, os tambores podem possuir revestimentos especiais para melhorar seu desempenho e prolongar sua vida \u00fatil. Alguns dos revestimentos mais comuns s\u00e3o borracha vulcanizada, lisa ou listrada (losango, espinha de peixe, etc.) e dureza padr\u00e3o de 70\u00b0 Sh. Esses revestimentos podem fornecer propriedades como resist\u00eancia ao desgaste, tra\u00e7\u00e3o adicional, redu\u00e7\u00e3o de ru\u00eddo e prote\u00e7\u00e3o contra corros\u00e3o.<\/p>\n<p>Em resumo, a escolha do tipo e material apropriado do tambor, bem como a aplica\u00e7\u00e3o de revestimentos espec\u00edficos, s\u00e3o aspectos fundamentais a serem considerados para garantir a opera\u00e7\u00e3o ideal e eficiente das correias transportadoras em diversas ind\u00fastrias.<\/p>\n<ul>\n<li><strong>TUBO<\/strong>. A ponteira do tambor \u00e9 usinada em barra perfurada sem costura de a\u00e7o E355, com di\u00e2metro externo de at\u00e9 500 mm. Conforme necessidade, podem ser usinados com conicidade.<\/li>\n<\/ul>\n<ul>\n<li><strong>EIXO<\/strong>. Fabricado em a\u00e7o laminado F-114 ou ST-52.<\/li>\n<\/ul>\n<ul>\n<li><strong>CAPS<\/strong>. Fabricado em chapa de a\u00e7o cortada a laser.<\/li>\n<\/ul>\n<ul>\n<li><strong>MOYUZ PARA BUCHA. <\/strong>Mecanizado em a\u00e7o laminado F-114 ou ST-52, com dimens\u00f5es conforme bucha de fixa\u00e7\u00e3o tipo Tollok.<\/li>\n<\/ul>\n","protected":false},"excerpt":{"rendered":"<p>Tambores ou polias s\u00e3o componentes fundamentais nas correias transportadoras, pois s\u00e3o respons\u00e1veis \u200b\u200bpor transmitir o movimento e a tra\u00e7\u00e3o necess\u00e1rios ao transporte eficiente dos materiais. Existem diferentes tipos de tambores que s\u00e3o utilizados dependendo das necessidades espec\u00edficas de cada aplica\u00e7\u00e3o.<\/p>\n","protected":false},"featured_media":16529,"comment_status":"closed","ping_status":"closed","template":"","meta":[],"product_brand":[],"product_cat":[558],"product_tag":[],"class_list":{"0":"post-16700","1":"product","2":"type-product","3":"status-publish","4":"has-post-thumbnail","6":"product_cat-tambores-pt","8":"first","9":"instock","10":"shipping-taxable","11":"product-type-simple"},"_links":{"self":[{"href":"https:\/\/eurotransis.com\/pt-pt\/wp-json\/wp\/v2\/product\/16700","targetHints":{"allow":["GET"]}}],"collection":[{"href":"https:\/\/eurotransis.com\/pt-pt\/wp-json\/wp\/v2\/product"}],"about":[{"href":"https:\/\/eurotransis.com\/pt-pt\/wp-json\/wp\/v2\/types\/product"}],"replies":[{"embeddable":true,"href":"https:\/\/eurotransis.com\/pt-pt\/wp-json\/wp\/v2\/comments?post=16700"}],"wp:featuredmedia":[{"embeddable":true,"href":"https:\/\/eurotransis.com\/pt-pt\/wp-json\/wp\/v2\/media\/16529"}],"wp:attachment":[{"href":"https:\/\/eurotransis.com\/pt-pt\/wp-json\/wp\/v2\/media?parent=16700"}],"wp:term":[{"taxonomy":"product_brand","embeddable":true,"href":"https:\/\/eurotransis.com\/pt-pt\/wp-json\/wp\/v2\/product_brand?post=16700"},{"taxonomy":"product_cat","embeddable":true,"href":"https:\/\/eurotransis.com\/pt-pt\/wp-json\/wp\/v2\/product_cat?post=16700"},{"taxonomy":"product_tag","embeddable":true,"href":"https:\/\/eurotransis.com\/pt-pt\/wp-json\/wp\/v2\/product_tag?post=16700"}],"curies":[{"name":"wp","href":"https:\/\/api.w.org\/{rel}","templated":true}]}}