{"id":19638,"date":"2024-12-02T14:45:50","date_gmt":"2024-12-02T13:45:50","guid":{"rendered":"https:\/\/eurotransis.com\/tienda\/sem%20categoria\/estacion-inferior-en-v\/"},"modified":"2025-02-20T09:58:50","modified_gmt":"2025-02-20T08:58:50","slug":"suporte-inferior-em-v-pt","status":"publish","type":"product","link":"https:\/\/eurotransis.com\/pt-pt\/loja\/estacoes-pt\/inferiores-pt\/suporte-inferior-em-v-pt\/","title":{"rendered":"Suporte inferior em V"},"content":{"rendered":"<table style=\"width: 100%;border-collapse: collapse;text-align: center\">\n<tbody>\n<tr>\n<td style=\"font-weight: bold;font-size: larger;padding: 10px\" colspan=\"15\"><b>SUPORTES INFERIORES<\/b> V<\/td>\n<\/tr>\n<tr>\n<td><strong><b>LARGURA\u00a0<\/b>DE BANDA<\/strong><\/td>\n<td><strong>\u00d8 ROLO<\/strong><\/td>\n<td><strong>\u03b2<\/strong><\/td>\n<td><strong>A<\/strong><\/td>\n<td><strong>B<\/strong><\/td>\n<td><strong>C<\/strong><\/td>\n<td><strong>D<\/strong><\/td>\n<td><strong>E<\/strong><\/td>\n<td><strong>F<\/strong><\/td>\n<td><strong>G<\/strong><\/td>\n<td><strong>H<\/strong><\/td>\n<td><strong>I<\/strong><\/td>\n<td><strong>J<\/strong><\/td>\n<td><strong>K<\/strong><\/td>\n<td><strong>PESO (Kg)<\/strong><\/td>\n<\/tr>\n<tr>\n<td rowspan=\"3\">800<\/td>\n<td>89<\/td>\n<td>10\u00ba<\/td>\n<td rowspan=\"3\">1150<\/td>\n<td rowspan=\"3\">200<\/td>\n<td rowspan=\"3\">475<\/td>\n<td rowspan=\"3\">465<\/td>\n<td rowspan=\"3\">25<\/td>\n<td rowspan=\"3\">20<\/td>\n<td rowspan=\"3\">50<\/td>\n<td rowspan=\"3\">6<\/td>\n<td rowspan=\"3\">60<\/td>\n<td rowspan=\"3\">24<\/td>\n<td rowspan=\"3\">18<\/td>\n<td>18.8<\/td>\n<\/tr>\n<tr>\n<td>108<\/td>\n<td>15\u00ba<\/td>\n<td>21<\/td>\n<\/tr>\n<tr>\n<td>133<\/td>\n<td>20\u00ba<\/td>\n<td>21<\/td>\n<\/tr>\n<tr>\n<td rowspan=\"3\">1000<\/td>\n<td>89<\/td>\n<td>10\u00ba<\/td>\n<td rowspan=\"3\">1350<\/td>\n<td rowspan=\"3\">225<\/td>\n<td rowspan=\"3\">610<\/td>\n<td rowspan=\"3\">490<\/td>\n<td rowspan=\"3\">25<\/td>\n<td rowspan=\"3\">20<\/td>\n<td rowspan=\"3\">50<\/td>\n<td rowspan=\"3\">6<\/td>\n<td rowspan=\"3\">60<\/td>\n<td rowspan=\"3\">24<\/td>\n<td rowspan=\"3\">18<\/td>\n<td>20.8<\/td>\n<\/tr>\n<tr>\n<td>108<\/td>\n<td>15\u00ba<\/td>\n<td>23<\/td>\n<\/tr>\n<tr>\n<td>133<\/td>\n<td>20\u00ba<\/td>\n<td>23<\/td>\n<\/tr>\n<tr>\n<td rowspan=\"3\">1200<\/td>\n<td>108<\/td>\n<td>10\u00ba<\/td>\n<td rowspan=\"3\">1600<\/td>\n<td rowspan=\"3\">250<\/td>\n<td rowspan=\"3\">710<\/td>\n<td rowspan=\"3\">515<\/td>\n<td rowspan=\"3\">27.5<\/td>\n<td rowspan=\"3\">40<\/td>\n<td rowspan=\"3\">65<\/td>\n<td rowspan=\"3\">8<\/td>\n<td rowspan=\"3\">80<\/td>\n<td rowspan=\"3\">24<\/td>\n<td rowspan=\"3\">18<\/td>\n<td>29.8<\/td>\n<\/tr>\n<tr>\n<td>133<\/td>\n<td>15\u00ba<\/td>\n<td>32<\/td>\n<\/tr>\n<tr>\n<td>159<\/td>\n<td>20\u00ba<\/td>\n<td>32<\/td>\n<\/tr>\n<tr>\n<td rowspan=\"3\">1400<\/td>\n<td>108<\/td>\n<td>10\u00ba<\/td>\n<td rowspan=\"3\">1800<\/td>\n<td rowspan=\"3\">275<\/td>\n<td rowspan=\"3\">810<\/td>\n<td rowspan=\"3\">540<\/td>\n<td rowspan=\"3\">27.5<\/td>\n<td rowspan=\"3\">40<\/td>\n<td rowspan=\"3\">65<\/td>\n<td rowspan=\"3\">8<\/td>\n<td rowspan=\"3\">80<\/td>\n<td rowspan=\"3\">24<\/td>\n<td rowspan=\"3\">18<\/td>\n<td>32.8<\/td>\n<\/tr>\n<tr>\n<td>133<\/td>\n<td>15\u00ba<\/td>\n<td>35<\/td>\n<\/tr>\n<tr>\n<td>159<\/td>\n<td>20\u00ba<\/td>\n<td>35<\/td>\n<\/tr>\n<tr>\n<td rowspan=\"3\">1600<\/td>\n<td>108<\/td>\n<td>10\u00ba<\/td>\n<td rowspan=\"3\">2050<\/td>\n<td rowspan=\"3\">300<\/td>\n<td rowspan=\"3\">910<\/td>\n<td rowspan=\"3\">565<\/td>\n<td rowspan=\"3\">30<\/td>\n<td rowspan=\"3\">40<\/td>\n<td rowspan=\"3\">75<\/td>\n<td rowspan=\"3\">8<\/td>\n<td rowspan=\"3\">80<\/td>\n<td rowspan=\"3\">24<\/td>\n<td rowspan=\"3\">18<\/td>\n<td>37.8<\/td>\n<\/tr>\n<tr>\n<td>133<\/td>\n<td>15\u00ba<\/td>\n<td>40<\/td>\n<\/tr>\n<tr>\n<td>159<\/td>\n<td>20\u00ba<\/td>\n<td>40<\/td>\n<\/tr>\n<tr>\n<td rowspan=\"3\">1800<\/td>\n<td>108<\/td>\n<td>10\u00ba<\/td>\n<td rowspan=\"3\">2250<\/td>\n<td rowspan=\"3\">325<\/td>\n<td rowspan=\"3\">1010<\/td>\n<td rowspan=\"3\">590<\/td>\n<td rowspan=\"3\">30<\/td>\n<td rowspan=\"3\">40<\/td>\n<td rowspan=\"3\">75<\/td>\n<td rowspan=\"3\">8<\/td>\n<td rowspan=\"3\">80<\/td>\n<td rowspan=\"3\">24<\/td>\n<td rowspan=\"3\">18<\/td>\n<td>40.8<\/td>\n<\/tr>\n<tr>\n<td>133<\/td>\n<td>15\u00ba<\/td>\n<td>43<\/td>\n<\/tr>\n<tr>\n<td>159<\/td>\n<td>20\u00ba<\/td>\n<td>43<\/td>\n<\/tr>\n<tr>\n<td rowspan=\"3\">2000<\/td>\n<td>108<\/td>\n<td>10\u00ba<\/td>\n<td rowspan=\"3\">2500<\/td>\n<td rowspan=\"3\">325<\/td>\n<td rowspan=\"3\">1110<\/td>\n<td rowspan=\"3\">615<\/td>\n<td rowspan=\"3\">30<\/td>\n<td rowspan=\"3\">40<\/td>\n<td rowspan=\"3\">75<\/td>\n<td rowspan=\"3\">8<\/td>\n<td rowspan=\"3\">80<\/td>\n<td rowspan=\"3\">24<\/td>\n<td rowspan=\"3\">18<\/td>\n<td>43.8<\/td>\n<\/tr>\n<tr>\n<td>133<\/td>\n<td>15\u00ba<\/td>\n<td>46<\/td>\n<\/tr>\n<tr>\n<td>159<\/td>\n<td>20\u00ba<\/td>\n<td>46<\/td>\n<\/tr>\n<\/tbody>\n<\/table>\n<table style=\"margin-left: auto;margin-right: auto;margin-top: 2%\">\n<tbody>\n<tr>\n<td style=\"font-weight: bold;font-size: larger;padding: 10px;background: #bbd1ea\">Notas<\/td>\n<\/tr>\n<tr>\n<td>Dimens\u00f5es\u00a0en mm<\/td>\n<\/tr>\n<tr>\n<td>Peso sem rolos. Valores m\u00e1x. e m\u00edn. indicativo das combina\u00e7\u00f5es poss\u00edveis entre \u00e2ngulos e rolos.<\/td>\n<\/tr>\n<\/tbody>\n<\/table>\n<p>&nbsp;<\/p>\n","protected":false},"excerpt":{"rendered":"<p>Fabricado conforme medidas padr\u00e3o DIN 22107 e ISO 1537, em chapa de a\u00e7o carbono preto cortada a laser, dobrada e soldada. Sob consulta pode ser fabricado com outras medidas ou algum tratamento superficial como zincagem, pintado, etc.<\/p>\n","protected":false},"featured_media":22120,"comment_status":"closed","ping_status":"closed","template":"","meta":[],"product_brand":[],"product_cat":[792,175],"product_tag":[],"class_list":{"0":"post-19638","1":"product","2":"type-product","3":"status-publish","4":"has-post-thumbnail","6":"product_cat-inferiores-pt","7":"product_cat-estacoes-pt","9":"first","10":"instock","11":"shipping-taxable","12":"product-type-simple"},"_links":{"self":[{"href":"https:\/\/eurotransis.com\/pt-pt\/wp-json\/wp\/v2\/product\/19638","targetHints":{"allow":["GET"]}}],"collection":[{"href":"https:\/\/eurotransis.com\/pt-pt\/wp-json\/wp\/v2\/product"}],"about":[{"href":"https:\/\/eurotransis.com\/pt-pt\/wp-json\/wp\/v2\/types\/product"}],"replies":[{"embeddable":true,"href":"https:\/\/eurotransis.com\/pt-pt\/wp-json\/wp\/v2\/comments?post=19638"}],"wp:featuredmedia":[{"embeddable":true,"href":"https:\/\/eurotransis.com\/pt-pt\/wp-json\/wp\/v2\/media\/22120"}],"wp:attachment":[{"href":"https:\/\/eurotransis.com\/pt-pt\/wp-json\/wp\/v2\/media?parent=19638"}],"wp:term":[{"taxonomy":"product_brand","embeddable":true,"href":"https:\/\/eurotransis.com\/pt-pt\/wp-json\/wp\/v2\/product_brand?post=19638"},{"taxonomy":"product_cat","embeddable":true,"href":"https:\/\/eurotransis.com\/pt-pt\/wp-json\/wp\/v2\/product_cat?post=19638"},{"taxonomy":"product_tag","embeddable":true,"href":"https:\/\/eurotransis.com\/pt-pt\/wp-json\/wp\/v2\/product_tag?post=19638"}],"curies":[{"name":"wp","href":"https:\/\/api.w.org\/{rel}","templated":true}]}}