{"id":19712,"date":"2024-12-03T18:47:14","date_gmt":"2024-12-03T17:47:14","guid":{"rendered":"https:\/\/eurotransis.com\/tienda\/sem%20categoria\/supports-superieurs-auge-auto-centreurs-fr\/"},"modified":"2025-02-20T14:41:35","modified_gmt":"2025-02-20T13:41:35","slug":"suportes-superiores-artesa-autocentradas-pt","status":"publish","type":"product","link":"https:\/\/eurotransis.com\/pt-pt\/loja\/estacoes-pt\/superiores-pt-pt\/suportes-superiores-artesa-autocentradas-pt\/","title":{"rendered":"Suportes superiores em artesa autocentradas"},"content":{"rendered":"<table style=\"width: 100%;border-collapse: collapse;text-align: center\">\n<tbody>\n<tr style=\"height: 28px\">\n<td style=\"font-weight: bold;font-size: larger;padding: 10px;height: 28px\" colspan=\"8\"><b>SUPORTES SUPERIORES EM ARTESA AUTOCENTRADAS<\/b><\/td>\n<\/tr>\n<tr style=\"height: 24px\">\n<td style=\"height: 24px\"><strong><b>LARGURA\u00a0<\/b>DE BANDA<\/strong><\/td>\n<td style=\"height: 24px\"><strong>\u00d8 <b>ROLO<\/b><\/strong><\/td>\n<td style=\"height: 24px\"><strong>\u03b2<\/strong><\/td>\n<td style=\"height: 24px\"><strong>A<\/strong><\/td>\n<td style=\"height: 24px\"><strong>B<\/strong><\/td>\n<td style=\"height: 24px\"><strong>C<\/strong><\/td>\n<td style=\"height: 24px\"><strong>D<\/strong><\/td>\n<td style=\"height: 24px\"><strong>PESO (Kg)<\/strong><\/td>\n<\/tr>\n<tr style=\"height: 24px\">\n<td style=\"height: 48px\" rowspan=\"2\">400<\/td>\n<td style=\"height: 24px\">63.5<\/td>\n<td style=\"height: 48px\" rowspan=\"2\">20\u00b0 30\u00b0<\/td>\n<td style=\"height: 48px\" rowspan=\"2\">700<\/td>\n<td style=\"height: 48px\" rowspan=\"2\">640<\/td>\n<td style=\"height: 48px\" rowspan=\"2\">170<\/td>\n<td style=\"height: 24px\">107<\/td>\n<td style=\"height: 24px\">17.8<\/td>\n<\/tr>\n<tr style=\"height: 24px\">\n<td style=\"height: 24px\">89<\/td>\n<td style=\"height: 24px\">120<\/td>\n<td style=\"height: 24px\">19.3<\/td>\n<\/tr>\n<tr style=\"height: 24px\">\n<td style=\"height: 48px\" rowspan=\"2\">500<\/td>\n<td style=\"height: 24px\">63.5<\/td>\n<td style=\"height: 48px\" rowspan=\"2\">20\u00b0 30\u00b0<\/td>\n<td style=\"height: 48px\" rowspan=\"2\">800<\/td>\n<td style=\"height: 48px\" rowspan=\"2\">740<\/td>\n<td style=\"height: 48px\" rowspan=\"2\">210<\/td>\n<td style=\"height: 24px\">107<\/td>\n<td style=\"height: 24px\">21<\/td>\n<\/tr>\n<tr style=\"height: 24px\">\n<td style=\"height: 24px\">89<\/td>\n<td style=\"height: 24px\">120<\/td>\n<td style=\"height: 24px\">22.2<\/td>\n<\/tr>\n<tr style=\"height: 24px\">\n<td style=\"height: 48px\" rowspan=\"2\">650<\/td>\n<td style=\"height: 24px\">63.5<\/td>\n<td style=\"height: 48px\" rowspan=\"2\">20\u00b0 30\u00b0<\/td>\n<td style=\"height: 48px\" rowspan=\"2\">950<\/td>\n<td style=\"height: 48px\" rowspan=\"2\">890<\/td>\n<td style=\"height: 48px\" rowspan=\"2\">260<\/td>\n<td style=\"height: 24px\">112<\/td>\n<td style=\"height: 24px\">27.5<\/td>\n<\/tr>\n<tr style=\"height: 24px\">\n<td style=\"height: 24px\">89<\/td>\n<td style=\"height: 24px\">125<\/td>\n<td style=\"height: 24px\">28.7<\/td>\n<\/tr>\n<tr style=\"height: 24px\">\n<td style=\"height: 48px\" rowspan=\"2\">800<\/td>\n<td style=\"height: 24px\">89<\/td>\n<td style=\"height: 48px\" rowspan=\"2\">20\u00b0 30\u00b0<\/td>\n<td style=\"height: 48px\" rowspan=\"2\">1150<\/td>\n<td style=\"height: 48px\" rowspan=\"2\">1090<\/td>\n<td style=\"height: 48px\" rowspan=\"2\">325<\/td>\n<td style=\"height: 24px\">120<\/td>\n<td style=\"height: 24px\">31.50<\/td>\n<\/tr>\n<tr style=\"height: 24px\">\n<td style=\"height: 24px\">108<\/td>\n<td style=\"height: 24px\">135<\/td>\n<td style=\"height: 24px\">32.5<\/td>\n<\/tr>\n<tr style=\"height: 24px\">\n<td style=\"height: 72px\" rowspan=\"3\">1000<\/td>\n<td style=\"height: 24px\">89<\/td>\n<td style=\"height: 72px\" rowspan=\"3\">20\u00b0 30\u00b0 45\u00b0<\/td>\n<td style=\"height: 72px\" rowspan=\"3\">1350<\/td>\n<td style=\"height: 72px\" rowspan=\"3\">1290<\/td>\n<td style=\"height: 72px\" rowspan=\"3\">390<\/td>\n<td style=\"height: 24px\">125<\/td>\n<td style=\"height: 24px\">32.5<\/td>\n<\/tr>\n<tr style=\"height: 24px\">\n<td style=\"height: 24px\">108<\/td>\n<td style=\"height: 24px\">135<\/td>\n<td style=\"height: 24px\">35.4<\/td>\n<\/tr>\n<tr style=\"height: 24px\">\n<td style=\"height: 24px\">133<\/td>\n<td style=\"height: 24px\">150<\/td>\n<td style=\"height: 24px\">36.7<\/td>\n<\/tr>\n<tr style=\"height: 24px\">\n<td style=\"height: 72px\" rowspan=\"3\">1200<\/td>\n<td style=\"height: 24px\">108<\/td>\n<td style=\"height: 72px\" rowspan=\"3\">20\u00b0 30\u00b0 45\u00b0<\/td>\n<td style=\"height: 72px\" rowspan=\"3\">1600<\/td>\n<td style=\"height: 72px\" rowspan=\"3\">1540<\/td>\n<td style=\"height: 72px\" rowspan=\"3\">475<\/td>\n<td style=\"height: 24px\">140<\/td>\n<td style=\"height: 24px\">36.7<\/td>\n<\/tr>\n<tr style=\"height: 24px\">\n<td style=\"height: 24px\">133<\/td>\n<td style=\"height: 24px\">155<\/td>\n<td style=\"height: 24px\">52.9<\/td>\n<\/tr>\n<tr style=\"height: 24px\">\n<td style=\"height: 24px\">159<\/td>\n<td style=\"height: 24px\">185<\/td>\n<td style=\"height: 24px\">55.9<\/td>\n<\/tr>\n<tr style=\"height: 24px\">\n<td style=\"height: 72px\" rowspan=\"3\">1400<\/td>\n<td style=\"height: 24px\">108<\/td>\n<td style=\"height: 72px\" rowspan=\"3\">20\u00b0 30\u00b0 45\u00b0<\/td>\n<td style=\"height: 72px\" rowspan=\"3\">1800<\/td>\n<td style=\"height: 72px\" rowspan=\"3\">1740<\/td>\n<td style=\"height: 72px\" rowspan=\"3\">540<\/td>\n<td style=\"height: 24px\">140<\/td>\n<td style=\"height: 24px\">55.9<\/td>\n<\/tr>\n<tr style=\"height: 24px\">\n<td style=\"height: 24px\">133<\/td>\n<td style=\"height: 24px\">155<\/td>\n<td style=\"height: 24px\">56.4<\/td>\n<\/tr>\n<tr style=\"height: 24px\">\n<td style=\"height: 24px\">159<\/td>\n<td style=\"height: 24px\">185<\/td>\n<td style=\"height: 24px\">60.4<\/td>\n<\/tr>\n<tr style=\"height: 24px\">\n<td style=\"height: 72px\" rowspan=\"3\">1600<\/td>\n<td style=\"height: 24px\">133<\/td>\n<td style=\"height: 72px\" rowspan=\"3\">20\u00b0 30\u00b0 45\u00b0<\/td>\n<td style=\"height: 72px\" rowspan=\"3\">2050<\/td>\n<td style=\"height: 72px\" rowspan=\"3\">1990<\/td>\n<td style=\"height: 72px\" rowspan=\"3\">610<\/td>\n<td style=\"height: 24px\">155<\/td>\n<td style=\"height: 24px\">60.4<\/td>\n<\/tr>\n<tr style=\"height: 24px\">\n<td style=\"height: 24px\">159<\/td>\n<td style=\"height: 24px\">185<\/td>\n<td style=\"height: 24px\">62.7<\/td>\n<\/tr>\n<tr style=\"height: 24px\">\n<td style=\"height: 24px\">193.7<\/td>\n<td style=\"height: 24px\">215<\/td>\n<td style=\"height: 24px\">66.8<\/td>\n<\/tr>\n<tr style=\"height: 24px\">\n<td style=\"height: 72px\" rowspan=\"3\">1800<\/td>\n<td style=\"height: 24px\">133<\/td>\n<td style=\"height: 72px\" rowspan=\"3\">20\u00b0 30\u00b0 45\u00b0<\/td>\n<td style=\"height: 72px\" rowspan=\"3\">2250<\/td>\n<td style=\"height: 72px\" rowspan=\"3\">2190<\/td>\n<td style=\"height: 72px\" rowspan=\"3\">680<\/td>\n<td style=\"height: 24px\">155<\/td>\n<td style=\"height: 24px\">68.7<\/td>\n<\/tr>\n<tr style=\"height: 24px\">\n<td style=\"height: 24px\">159<\/td>\n<td style=\"height: 24px\">185<\/td>\n<td style=\"height: 24px\">71.9<\/td>\n<\/tr>\n<tr style=\"height: 24px\">\n<td style=\"height: 24px\">193.7<\/td>\n<td style=\"height: 24px\">215<\/td>\n<td style=\"height: 24px\">76.5<\/td>\n<\/tr>\n<tr style=\"height: 24px\">\n<td style=\"height: 72px\" rowspan=\"3\">2000<\/td>\n<td style=\"height: 24px\">133<\/td>\n<td style=\"height: 72px\" rowspan=\"3\">20\u00b0 30\u00b0 45\u00b0<\/td>\n<td style=\"height: 72px\" rowspan=\"3\">2500<\/td>\n<td style=\"height: 72px\" rowspan=\"3\">2440<\/td>\n<td style=\"height: 72px\" rowspan=\"3\">760<\/td>\n<td style=\"height: 24px\">160<\/td>\n<td style=\"height: 24px\">76<\/td>\n<\/tr>\n<tr style=\"height: 24px\">\n<td style=\"height: 24px\">159<\/td>\n<td style=\"height: 24px\">190<\/td>\n<td style=\"height: 24px\">82<\/td>\n<\/tr>\n<tr style=\"height: 24px\">\n<td style=\"height: 24px\">193.7<\/td>\n<td style=\"height: 24px\">220<\/td>\n<td style=\"height: 24px\">83<\/td>\n<\/tr>\n<\/tbody>\n<\/table>\n<table style=\"margin-left: auto;margin-right: auto;margin-top: 2%\">\n<tbody>\n<tr>\n<td style=\"font-weight: bold;font-size: larger;padding: 10px;background: #bbd1ea\">Sistema de bala\u00e7o<\/td>\n<td style=\"font-weight: bold;font-size: larger;padding: 10px;background: #bbd1ea\">Notas<\/td>\n<\/tr>\n<tr>\n<td>Rolamentos c\u00f4nicos e niple de lubrifica\u00e7\u00e3o<\/td>\n<td>Dimens\u00f5es em mm<\/td>\n<\/tr>\n<tr>\n<td><\/td>\n<td>\n<p>Peso sem rolos. Valores m\u00e1x. e m\u00ednimo. indicativo das combina\u00e7\u00f5es poss\u00edveis<\/p>\n<p>entre \u00e2ngulos e rolos.<\/p>\n<p>A ancoragem \u00e9 igual a do suporte da calha superior..<\/td>\n<\/tr>\n<\/tbody>\n<\/table>\n<p>&nbsp;<\/p>\n","protected":false},"excerpt":{"rendered":"<p>Fabricado conforme medidas padr\u00e3o DIN 22107 e ISO 1537, em chapa de a\u00e7o carbono preto cortada a laser, dobrada e soldada. Sob consulta pode ser fabricado com outras medidas ou algum tratamento superficial como zincagem, pintado, etc.<\/p>\n","protected":false},"featured_media":22080,"comment_status":"closed","ping_status":"closed","template":"","meta":[],"product_brand":[],"product_cat":[795,175],"product_tag":[],"class_list":{"0":"post-19712","1":"product","2":"type-product","3":"status-publish","4":"has-post-thumbnail","6":"product_cat-superiores-pt-pt","7":"product_cat-estacoes-pt","9":"first","10":"instock","11":"shipping-taxable","12":"product-type-simple"},"_links":{"self":[{"href":"https:\/\/eurotransis.com\/pt-pt\/wp-json\/wp\/v2\/product\/19712","targetHints":{"allow":["GET"]}}],"collection":[{"href":"https:\/\/eurotransis.com\/pt-pt\/wp-json\/wp\/v2\/product"}],"about":[{"href":"https:\/\/eurotransis.com\/pt-pt\/wp-json\/wp\/v2\/types\/product"}],"replies":[{"embeddable":true,"href":"https:\/\/eurotransis.com\/pt-pt\/wp-json\/wp\/v2\/comments?post=19712"}],"wp:featuredmedia":[{"embeddable":true,"href":"https:\/\/eurotransis.com\/pt-pt\/wp-json\/wp\/v2\/media\/22080"}],"wp:attachment":[{"href":"https:\/\/eurotransis.com\/pt-pt\/wp-json\/wp\/v2\/media?parent=19712"}],"wp:term":[{"taxonomy":"product_brand","embeddable":true,"href":"https:\/\/eurotransis.com\/pt-pt\/wp-json\/wp\/v2\/product_brand?post=19712"},{"taxonomy":"product_cat","embeddable":true,"href":"https:\/\/eurotransis.com\/pt-pt\/wp-json\/wp\/v2\/product_cat?post=19712"},{"taxonomy":"product_tag","embeddable":true,"href":"https:\/\/eurotransis.com\/pt-pt\/wp-json\/wp\/v2\/product_tag?post=19712"}],"curies":[{"name":"wp","href":"https:\/\/api.w.org\/{rel}","templated":true}]}}