{"id":19721,"date":"2024-12-03T18:51:54","date_gmt":"2024-12-03T17:51:54","guid":{"rendered":"https:\/\/eurotransis.com\/tienda\/sem%20categoria\/estacion-superior-en-v\/"},"modified":"2025-02-20T14:57:50","modified_gmt":"2025-02-20T13:57:50","slug":"suporte-superior-v-pt","status":"publish","type":"product","link":"https:\/\/eurotransis.com\/pt-pt\/loja\/estacoes-pt\/superiores-pt-pt\/suporte-superior-v-pt\/","title":{"rendered":"Suporte superior em V"},"content":{"rendered":"<table style=\"width: 100%;border-collapse: collapse;text-align: center\">\n<tbody>\n<tr>\n<td style=\"font-weight: bold;font-size: larger;padding: 10px\" colspan=\"13\"><b>SUPORTE SUPERIOR EM V<\/b><\/td>\n<\/tr>\n<tr>\n<td><strong><b>LARGURA\u00a0<\/b>DE BANDA<\/strong><\/td>\n<td><strong>\u00d8 <b>ROLO<\/b><\/strong><\/td>\n<td><strong>\u03b2<\/strong><\/td>\n<td><strong>A<\/strong><\/td>\n<td><strong>B<\/strong><\/td>\n<td><strong>C<\/strong><\/td>\n<td><strong>D<\/strong><\/td>\n<td><strong>E<\/strong><\/td>\n<td><strong>F<\/strong><\/td>\n<td><strong>G<\/strong><\/td>\n<td><strong>H<\/strong><\/td>\n<td><strong>I<\/strong><\/td>\n<td><strong>PESO (Kg)<\/strong><\/td>\n<\/tr>\n<tr>\n<td rowspan=\"2\">400<\/td>\n<td>63.5<\/td>\n<td rowspan=\"2\">10\u00b0 20\u00b0<\/td>\n<td rowspan=\"2\">700<\/td>\n<td rowspan=\"2\">640<\/td>\n<td rowspan=\"2\">260<\/td>\n<td>107<\/td>\n<td rowspan=\"2\">170<\/td>\n<td rowspan=\"2\">20<\/td>\n<td rowspan=\"2\">60<\/td>\n<td rowspan=\"2\">6<\/td>\n<td rowspan=\"2\">14<\/td>\n<td>7.8<\/td>\n<\/tr>\n<tr>\n<td>89<\/td>\n<td>120<\/td>\n<td>8.4<\/td>\n<\/tr>\n<tr>\n<td rowspan=\"2\">500<\/td>\n<td>63.5<\/td>\n<td rowspan=\"2\">10\u00b0 20\u00b0<\/td>\n<td rowspan=\"2\">800<\/td>\n<td rowspan=\"2\">740<\/td>\n<td rowspan=\"2\">325<\/td>\n<td>107<\/td>\n<td rowspan=\"2\">170<\/td>\n<td rowspan=\"2\">20<\/td>\n<td rowspan=\"2\">60<\/td>\n<td rowspan=\"2\">6<\/td>\n<td rowspan=\"2\">14<\/td>\n<td>8.8<\/td>\n<\/tr>\n<tr>\n<td>89<\/td>\n<td>120<\/td>\n<td>9.5<\/td>\n<\/tr>\n<tr>\n<td rowspan=\"2\">650<\/td>\n<td>63.5<\/td>\n<td rowspan=\"2\">10\u00b0 20\u00b0<\/td>\n<td rowspan=\"2\">950<\/td>\n<td rowspan=\"2\">890<\/td>\n<td rowspan=\"2\">390<\/td>\n<td>112<\/td>\n<td rowspan=\"2\">170<\/td>\n<td rowspan=\"2\">20<\/td>\n<td rowspan=\"2\">60<\/td>\n<td rowspan=\"2\">6<\/td>\n<td rowspan=\"2\">14<\/td>\n<td>10.3<\/td>\n<\/tr>\n<tr>\n<td>89<\/td>\n<td>125<\/td>\n<td>11.2<\/td>\n<\/tr>\n<tr>\n<td rowspan=\"2\">800<\/td>\n<td>89<\/td>\n<td rowspan=\"2\">10\u00b0 20\u00b0<\/td>\n<td rowspan=\"2\">1150<\/td>\n<td rowspan=\"2\">1090<\/td>\n<td rowspan=\"2\">475<\/td>\n<td>120<\/td>\n<td rowspan=\"2\">170<\/td>\n<td rowspan=\"2\">20<\/td>\n<td rowspan=\"2\">60<\/td>\n<td rowspan=\"2\">6<\/td>\n<td rowspan=\"2\">14<\/td>\n<td>13.2<\/td>\n<\/tr>\n<tr>\n<td>108<\/td>\n<td>135<\/td>\n<td>14.2<\/td>\n<\/tr>\n<tr>\n<td rowspan=\"3\">1000<\/td>\n<td>89<\/td>\n<td rowspan=\"3\">10\u00b0 15\u00b0 20\u00b0<\/td>\n<td rowspan=\"3\">1350<\/td>\n<td rowspan=\"3\">1290<\/td>\n<td rowspan=\"3\">610<\/td>\n<td>120<\/td>\n<td rowspan=\"3\">180<\/td>\n<td rowspan=\"3\">24<\/td>\n<td rowspan=\"3\">60<\/td>\n<td rowspan=\"3\">8<\/td>\n<td rowspan=\"3\">18<\/td>\n<td>17.8<\/td>\n<\/tr>\n<tr>\n<td>108<\/td>\n<td>135<\/td>\n<td>19.4<\/td>\n<\/tr>\n<tr>\n<td>133<\/td>\n<td>150<\/td>\n<td>19.4<\/td>\n<\/tr>\n<tr>\n<td rowspan=\"3\">1200<\/td>\n<td>108<\/td>\n<td rowspan=\"3\">10\u00b0 15\u00b0 20\u00b0<\/td>\n<td rowspan=\"3\">1600<\/td>\n<td rowspan=\"3\">1540<\/td>\n<td rowspan=\"3\">710<\/td>\n<td>140<\/td>\n<td rowspan=\"3\">180<\/td>\n<td rowspan=\"3\">24<\/td>\n<td rowspan=\"3\">60<\/td>\n<td rowspan=\"3\">8<\/td>\n<td rowspan=\"3\">18<\/td>\n<td>21.2<\/td>\n<\/tr>\n<tr>\n<td>133<\/td>\n<td>155<\/td>\n<td>23<\/td>\n<\/tr>\n<tr>\n<td>159<\/td>\n<td>185<\/td>\n<td>23<\/td>\n<\/tr>\n<tr>\n<td rowspan=\"3\">1400<\/td>\n<td>108<\/td>\n<td rowspan=\"3\">10\u00b0 15\u00b0 20\u00b0<\/td>\n<td rowspan=\"3\">1800<\/td>\n<td rowspan=\"3\">1740<\/td>\n<td rowspan=\"3\">810<\/td>\n<td>140<\/td>\n<td rowspan=\"3\">200<\/td>\n<td rowspan=\"3\">24<\/td>\n<td rowspan=\"3\">80<\/td>\n<td rowspan=\"3\">8<\/td>\n<td rowspan=\"3\">18<\/td>\n<td>24.8<\/td>\n<\/tr>\n<tr>\n<td>133<\/td>\n<td>155<\/td>\n<td>27.3<\/td>\n<\/tr>\n<tr>\n<td>159<\/td>\n<td>185<\/td>\n<td>27.3<\/td>\n<\/tr>\n<tr>\n<td rowspan=\"3\">2000<\/td>\n<td>133<\/td>\n<td rowspan=\"3\">10\u00b0 15\u00b0 20\u00b0<\/td>\n<td rowspan=\"3\">2500<\/td>\n<td rowspan=\"3\">2440<\/td>\n<td rowspan=\"3\">1110<\/td>\n<td>160<\/td>\n<td rowspan=\"3\">220<\/td>\n<td rowspan=\"3\">24<\/td>\n<td rowspan=\"3\">80<\/td>\n<td rowspan=\"3\">8<\/td>\n<td rowspan=\"3\">18<\/td>\n<td>40.4<\/td>\n<\/tr>\n<tr>\n<td>159<\/td>\n<td>190<\/td>\n<td>44.6<\/td>\n<\/tr>\n<tr>\n<td>193.7<\/td>\n<td>220<\/td>\n<td>44.6<\/td>\n<\/tr>\n<\/tbody>\n<\/table>\n<table style=\"margin-left: auto;margin-right: auto;margin-top: 2%\">\n<tbody>\n<tr>\n<td style=\"font-weight: bold;font-size: larger;padding: 10px;background: #bbd1ea\">Valores P (Pi\u00e7amento, inclina\u00e7\u00e3o)<\/td>\n<td style=\"font-weight: bold;font-size: larger;padding: 10px;background: #bbd1ea\">Notas<\/td>\n<\/tr>\n<tr>\n<td>0 Corra em ambas as dire\u00e7\u00f5es<\/td>\n<td>Dimens\u00f5es em mm<\/td>\n<\/tr>\n<tr>\n<td>8 Bandas de 400 a 650<\/td>\n<td>Peso sem rolos. Valores m\u00e1x. e m\u00ednimo. indicativo das combina\u00e7\u00f5es poss\u00edveis<\/td>\n<\/tr>\n<tr>\n<td>10 Bandas de 800 a 2000<\/td>\n<td>entre \u00e2ngulos e rolos.<\/td>\n<\/tr>\n<\/tbody>\n<\/table>\n<p>&nbsp;<\/p>\n","protected":false},"excerpt":{"rendered":"<p>Fabricado conforme medidas padr\u00e3o DIN 22107 e ISO 1537, em chapa de a\u00e7o carbono preto cortada a laser, dobrada e soldada. Sob consulta pode ser fabricado com outras medidas ou algum tratamento superficial como zincagem, pintado, etc.<\/p>\n","protected":false},"featured_media":22088,"comment_status":"closed","ping_status":"closed","template":"","meta":[],"product_brand":[],"product_cat":[795,175],"product_tag":[],"class_list":{"0":"post-19721","1":"product","2":"type-product","3":"status-publish","4":"has-post-thumbnail","6":"product_cat-superiores-pt-pt","7":"product_cat-estacoes-pt","9":"first","10":"instock","11":"shipping-taxable","12":"product-type-simple"},"_links":{"self":[{"href":"https:\/\/eurotransis.com\/pt-pt\/wp-json\/wp\/v2\/product\/19721","targetHints":{"allow":["GET"]}}],"collection":[{"href":"https:\/\/eurotransis.com\/pt-pt\/wp-json\/wp\/v2\/product"}],"about":[{"href":"https:\/\/eurotransis.com\/pt-pt\/wp-json\/wp\/v2\/types\/product"}],"replies":[{"embeddable":true,"href":"https:\/\/eurotransis.com\/pt-pt\/wp-json\/wp\/v2\/comments?post=19721"}],"wp:featuredmedia":[{"embeddable":true,"href":"https:\/\/eurotransis.com\/pt-pt\/wp-json\/wp\/v2\/media\/22088"}],"wp:attachment":[{"href":"https:\/\/eurotransis.com\/pt-pt\/wp-json\/wp\/v2\/media?parent=19721"}],"wp:term":[{"taxonomy":"product_brand","embeddable":true,"href":"https:\/\/eurotransis.com\/pt-pt\/wp-json\/wp\/v2\/product_brand?post=19721"},{"taxonomy":"product_cat","embeddable":true,"href":"https:\/\/eurotransis.com\/pt-pt\/wp-json\/wp\/v2\/product_cat?post=19721"},{"taxonomy":"product_tag","embeddable":true,"href":"https:\/\/eurotransis.com\/pt-pt\/wp-json\/wp\/v2\/product_tag?post=19721"}],"curies":[{"name":"wp","href":"https:\/\/api.w.org\/{rel}","templated":true}]}}