{"id":19744,"date":"2024-12-03T19:05:26","date_gmt":"2024-12-03T18:05:26","guid":{"rendered":"https:\/\/eurotransis.com\/tienda\/sem%20categoria\/estacion-superior-plana-autocentrante\/"},"modified":"2025-02-21T12:50:09","modified_gmt":"2025-02-21T11:50:09","slug":"suportes-superiores-planas-auto-centrantes-pt","status":"publish","type":"product","link":"https:\/\/eurotransis.com\/pt-pt\/loja\/estacoes-pt\/superiores-pt-pt\/suportes-superiores-planas-auto-centrantes-pt\/","title":{"rendered":"Suportes superiores planas auto-centrantes"},"content":{"rendered":"<table style=\"width: 100%;border-collapse: collapse;text-align: center\">\n<tbody>\n<tr>\n<td style=\"font-weight: bold;font-size: larger;padding: 10px\" colspan=\"12\"><b>SUPORTES SUPERIORES PLANAS AUTO-CENTRANTES<\/b><\/td>\n<\/tr>\n<tr>\n<td><strong><b>LARGURA\u00a0<\/b>DE BANDA<\/strong><\/td>\n<td><strong>\u00d8 <b>ROLO<\/b><\/strong><\/td>\n<td><strong>A<\/strong><\/td>\n<td><strong>B<\/strong><\/td>\n<td><strong>C<\/strong><\/td>\n<td><strong>D<\/strong><\/td>\n<td><strong>E<\/strong><\/td>\n<td><strong>F<\/strong><\/td>\n<td><strong>G<\/strong><\/td>\n<td><strong>H<\/strong><\/td>\n<td><strong>I<\/strong><\/td>\n<td><strong>PESO (Kg)<\/strong><\/td>\n<\/tr>\n<tr>\n<td rowspan=\"2\">400<\/td>\n<td>63.5<\/td>\n<td rowspan=\"2\">700<\/td>\n<td rowspan=\"2\">640<\/td>\n<td rowspan=\"2\">510<\/td>\n<td>107<\/td>\n<td rowspan=\"2\">8<\/td>\n<td rowspan=\"2\">80<\/td>\n<td rowspan=\"2\">35<\/td>\n<td rowspan=\"2\">20<\/td>\n<td rowspan=\"2\">14<\/td>\n<td>2<\/td>\n<\/tr>\n<tr>\n<td>89<\/td>\n<td>120<\/td>\n<td>2.2<\/td>\n<\/tr>\n<tr>\n<td rowspan=\"2\">500<\/td>\n<td>63.5<\/td>\n<td rowspan=\"2\">800<\/td>\n<td rowspan=\"2\">740<\/td>\n<td rowspan=\"2\">610<\/td>\n<td>107<\/td>\n<td rowspan=\"2\">8<\/td>\n<td rowspan=\"2\">80<\/td>\n<td rowspan=\"2\">35<\/td>\n<td rowspan=\"2\">20<\/td>\n<td rowspan=\"2\">14<\/td>\n<td>2<\/td>\n<\/tr>\n<tr>\n<td>89<\/td>\n<td>120<\/td>\n<td>2.2<\/td>\n<\/tr>\n<tr>\n<td rowspan=\"3\">650<\/td>\n<td>63.5<\/td>\n<td rowspan=\"3\">950<\/td>\n<td rowspan=\"3\">890<\/td>\n<td rowspan=\"3\">760<\/td>\n<td>107<\/td>\n<td rowspan=\"3\">8<\/td>\n<td rowspan=\"3\">80<\/td>\n<td rowspan=\"3\">35<\/td>\n<td rowspan=\"3\">20<\/td>\n<td rowspan=\"3\">14<\/td>\n<td>2<\/td>\n<\/tr>\n<tr>\n<td>89<\/td>\n<td>120<\/td>\n<td>2.2<\/td>\n<\/tr>\n<tr>\n<td>108<\/td>\n<td>135<\/td>\n<td>2.4<\/td>\n<\/tr>\n<tr>\n<td rowspan=\"3\">800<\/td>\n<td>89<\/td>\n<td rowspan=\"3\">1150<\/td>\n<td rowspan=\"3\">1090<\/td>\n<td rowspan=\"3\">960<\/td>\n<td>120<\/td>\n<td rowspan=\"3\">8<\/td>\n<td rowspan=\"3\">100<\/td>\n<td rowspan=\"3\">35<\/td>\n<td rowspan=\"3\">20<\/td>\n<td rowspan=\"3\">14<\/td>\n<td>2.7<\/td>\n<\/tr>\n<tr>\n<td>108<\/td>\n<td>135<\/td>\n<td>2.9<\/td>\n<\/tr>\n<tr>\n<td>133<\/td>\n<td>150<\/td>\n<td>3.1<\/td>\n<\/tr>\n<tr>\n<td rowspan=\"3\">1000<\/td>\n<td>89<\/td>\n<td rowspan=\"3\">1350<\/td>\n<td rowspan=\"3\">1290<\/td>\n<td rowspan=\"3\">1160<\/td>\n<td>120<\/td>\n<td rowspan=\"3\">8<\/td>\n<td rowspan=\"3\">100<\/td>\n<td rowspan=\"3\">35<\/td>\n<td rowspan=\"3\">24<\/td>\n<td rowspan=\"3\">18<\/td>\n<td>2.7<\/td>\n<\/tr>\n<tr>\n<td>108<\/td>\n<td>135<\/td>\n<td>2.9<\/td>\n<\/tr>\n<tr>\n<td>133<\/td>\n<td>150<\/td>\n<td>3.1<\/td>\n<\/tr>\n<tr>\n<td rowspan=\"3\">1200<\/td>\n<td>108<\/td>\n<td rowspan=\"3\">1600<\/td>\n<td rowspan=\"3\">1540<\/td>\n<td rowspan=\"3\">1410<\/td>\n<td>135<\/td>\n<td rowspan=\"3\">8<\/td>\n<td rowspan=\"3\">100<\/td>\n<td rowspan=\"3\">35<\/td>\n<td rowspan=\"3\">24<\/td>\n<td rowspan=\"3\">18<\/td>\n<td>2.9<\/td>\n<\/tr>\n<tr>\n<td>133<\/td>\n<td>150<\/td>\n<td>3.1<\/td>\n<\/tr>\n<tr>\n<td>159<\/td>\n<td>185<\/td>\n<td>3.5<\/td>\n<\/tr>\n<tr>\n<td rowspan=\"3\">1400<\/td>\n<td>108<\/td>\n<td rowspan=\"3\">1800<\/td>\n<td rowspan=\"3\">1740<\/td>\n<td rowspan=\"3\">1610<\/td>\n<td>135<\/td>\n<td rowspan=\"3\">8<\/td>\n<td rowspan=\"3\">100<\/td>\n<td rowspan=\"3\">35<\/td>\n<td rowspan=\"3\">24<\/td>\n<td rowspan=\"3\">18<\/td>\n<td>2.9<\/td>\n<\/tr>\n<tr>\n<td>133<\/td>\n<td>150<\/td>\n<td>3.1<\/td>\n<\/tr>\n<tr>\n<td>159<\/td>\n<td>185<\/td>\n<td>3.5<\/td>\n<\/tr>\n<tr>\n<td rowspan=\"3\">2000<\/td>\n<td>159<\/td>\n<td rowspan=\"3\">2400<\/td>\n<td rowspan=\"3\">2340<\/td>\n<td rowspan=\"3\">2210<\/td>\n<td>185<\/td>\n<td rowspan=\"3\">8<\/td>\n<td rowspan=\"3\">120<\/td>\n<td rowspan=\"3\">45<\/td>\n<td rowspan=\"3\">24<\/td>\n<td rowspan=\"3\">18<\/td>\n<td>4.2<\/td>\n<\/tr>\n<tr>\n<td>193.7<\/td>\n<td>215<\/td>\n<td>4.5<\/td>\n<\/tr>\n<\/tbody>\n<\/table>\n<table style=\"margin-left: auto;margin-right: auto;margin-top: 2%\">\n<tbody>\n<tr>\n<td style=\"font-weight: bold;font-size: larger;padding: 10px;background: #bbd1ea\">Sistema de balan\u00e7o<\/td>\n<td style=\"font-weight: bold;font-size: larger;padding: 10px;background: #bbd1ea\">Notas<\/td>\n<\/tr>\n<tr>\n<td>Rolamentos c\u00f4nicos e niple de lubrifica\u00e7\u00e3o<\/td>\n<td>Dimens\u00f5es em mm<\/td>\n<\/tr>\n<tr>\n<td><\/td>\n<td>Peso sem rolos.<br \/>\nA ancoragem \u00e9 igual a do suporte plano superior.<\/td>\n<\/tr>\n<\/tbody>\n<\/table>\n<p>&nbsp;<\/p>\n","protected":false},"excerpt":{"rendered":"<p>Fabricado conforme medidas padr\u00e3o DIN 22107 e ISO 1537, em chapa de a\u00e7o carbono preto cortada a laser, dobrada e soldada. Sob consulta pode ser fabricado com outras medidas ou algum tratamento superficial como zincagem, pintado, etc.<\/p>\n","protected":false},"featured_media":22112,"comment_status":"closed","ping_status":"closed","template":"","meta":[],"product_brand":[],"product_cat":[795,175],"product_tag":[],"class_list":{"0":"post-19744","1":"product","2":"type-product","3":"status-publish","4":"has-post-thumbnail","6":"product_cat-superiores-pt-pt","7":"product_cat-estacoes-pt","9":"first","10":"instock","11":"shipping-taxable","12":"product-type-simple"},"_links":{"self":[{"href":"https:\/\/eurotransis.com\/pt-pt\/wp-json\/wp\/v2\/product\/19744","targetHints":{"allow":["GET"]}}],"collection":[{"href":"https:\/\/eurotransis.com\/pt-pt\/wp-json\/wp\/v2\/product"}],"about":[{"href":"https:\/\/eurotransis.com\/pt-pt\/wp-json\/wp\/v2\/types\/product"}],"replies":[{"embeddable":true,"href":"https:\/\/eurotransis.com\/pt-pt\/wp-json\/wp\/v2\/comments?post=19744"}],"wp:featuredmedia":[{"embeddable":true,"href":"https:\/\/eurotransis.com\/pt-pt\/wp-json\/wp\/v2\/media\/22112"}],"wp:attachment":[{"href":"https:\/\/eurotransis.com\/pt-pt\/wp-json\/wp\/v2\/media?parent=19744"}],"wp:term":[{"taxonomy":"product_brand","embeddable":true,"href":"https:\/\/eurotransis.com\/pt-pt\/wp-json\/wp\/v2\/product_brand?post=19744"},{"taxonomy":"product_cat","embeddable":true,"href":"https:\/\/eurotransis.com\/pt-pt\/wp-json\/wp\/v2\/product_cat?post=19744"},{"taxonomy":"product_tag","embeddable":true,"href":"https:\/\/eurotransis.com\/pt-pt\/wp-json\/wp\/v2\/product_tag?post=19744"}],"curies":[{"name":"wp","href":"https:\/\/api.w.org\/{rel}","templated":true}]}}