{"id":3846,"date":"2016-04-25T11:45:04","date_gmt":"2016-04-25T11:45:04","guid":{"rendered":"http:\/\/eurotransis.com\/pt-pt\/tienda\/sin%20categorizar\/elevador-de-transportador-de-rodillos-palets\/"},"modified":"2024-10-10T10:26:13","modified_gmt":"2024-10-10T08:26:13","slug":"elevador-transportador-de-rolos-para-paletes","status":"publish","type":"product","link":"https:\/\/eurotransis.com\/pt-pt\/loja\/fabricante-transportadores-rolos-pt\/outras-solucoes-pt\/elevadores-pt-pt-2\/elevador-transportador-de-rolos-para-paletes\/","title":{"rendered":"Elevador transportador de rolos para paletes"},"content":{"rendered":"<p>Nossos elevadores s\u00e3o projetados para facilitar o fluxo cont\u00ednuo de materiais e produtos em ambientes industriais, otimizando os processos produtivos e log\u00edsticos.<\/p>\n<p>Utilizamos sempre materiais de primeira qualidade e tecnologias de ponta para garantir a durabilidade e confiabilidade de nossos elevadores. Para isso, a equipe de especialistas em engenharia trabalha em estreita colabora\u00e7\u00e3o com o cliente para entender suas necessidades e oferecer solu\u00e7\u00f5es que superem suas expectativas.<\/p>\n<p><strong>Dados necess\u00e1rios para oferecer<\/strong>:<\/p>\n<ul>\n<li>Comprimento (mm)<\/li>\n<li>Largura \u00fatil (mm)<\/li>\n<li>Altura de entrada (mm)<\/li>\n<li>Altura de sa\u00edda (mm)<\/li>\n<li>Dimens\u00f5es do produto a ser transportado (Altura, largura e comprimento)<\/li>\n<li>Carga para transportar (Kgs)<\/li>\n<li>Velocidade nominal fixa<\/li>\n<li>Acabamento (Pintado RAL\/Inox)<\/li>\n<li>Grades laterais (Sim\/N\u00e3o)<\/li>\n<li>Parada final (Sim\/N\u00e3o)<\/li>\n<li>Dados adicionais<\/li>\n<\/ul>\n","protected":false},"excerpt":{"rendered":"<p>Nossos elevadores s\u00e3o projetados para facilitar o fluxo cont\u00ednuo de materiais e produtos em ambientes industriais, otimizando os processos produtivos e log\u00edsticos. Utilizamos sempre materiais de primeira qualidade e tecnologias de ponta para garantir a durabilidade e confiabilidade de nossos elevadores. Para isso, a equipe de especialistas em engenharia trabalha em estreita colabora\u00e7\u00e3o com o &hellip; <a href=\"https:\/\/eurotransis.com\/pt-pt\/loja\/fabricante-transportadores-rolos-pt\/outras-solucoes-pt\/elevadores-pt-pt-2\/elevador-transportador-de-rolos-para-paletes\/\">Veja mais<\/a><\/p>\n","protected":false},"featured_media":14685,"comment_status":"closed","ping_status":"closed","template":"","meta":[],"product_brand":[],"product_cat":[598],"product_tag":[],"class_list":{"0":"post-3846","1":"product","2":"type-product","3":"status-publish","4":"has-post-thumbnail","6":"product_cat-elevadores-pt-pt-2","8":"first","9":"instock","10":"shipping-taxable","11":"product-type-simple"},"_links":{"self":[{"href":"https:\/\/eurotransis.com\/pt-pt\/wp-json\/wp\/v2\/product\/3846","targetHints":{"allow":["GET"]}}],"collection":[{"href":"https:\/\/eurotransis.com\/pt-pt\/wp-json\/wp\/v2\/product"}],"about":[{"href":"https:\/\/eurotransis.com\/pt-pt\/wp-json\/wp\/v2\/types\/product"}],"replies":[{"embeddable":true,"href":"https:\/\/eurotransis.com\/pt-pt\/wp-json\/wp\/v2\/comments?post=3846"}],"wp:featuredmedia":[{"embeddable":true,"href":"https:\/\/eurotransis.com\/pt-pt\/wp-json\/wp\/v2\/media\/14685"}],"wp:attachment":[{"href":"https:\/\/eurotransis.com\/pt-pt\/wp-json\/wp\/v2\/media?parent=3846"}],"wp:term":[{"taxonomy":"product_brand","embeddable":true,"href":"https:\/\/eurotransis.com\/pt-pt\/wp-json\/wp\/v2\/product_brand?post=3846"},{"taxonomy":"product_cat","embeddable":true,"href":"https:\/\/eurotransis.com\/pt-pt\/wp-json\/wp\/v2\/product_cat?post=3846"},{"taxonomy":"product_tag","embeddable":true,"href":"https:\/\/eurotransis.com\/pt-pt\/wp-json\/wp\/v2\/product_tag?post=3846"}],"curies":[{"name":"wp","href":"https:\/\/api.w.org\/{rel}","templated":true}]}}