{"id":3848,"date":"2016-04-25T11:41:10","date_gmt":"2016-04-25T11:41:10","guid":{"rendered":"http:\/\/eurotransis.com\/pt-pt\/tienda\/sin%20categorizar\/carro-de-gravedad\/"},"modified":"2024-10-10T08:52:25","modified_gmt":"2024-10-10T06:52:25","slug":"carrinhos-de-gravidade","status":"publish","type":"product","link":"https:\/\/eurotransis.com\/pt-pt\/loja\/fabricante-transportadores-rolos-pt\/outras-solucoes-pt\/carros-moveis-pt\/carrinhos-de-gravidade\/","title":{"rendered":"Carrinhos de gravidade"},"content":{"rendered":"<p>Os carros utilizados para movimenta\u00e7\u00e3o e paletiza\u00e7\u00e3o podem ser simples cont\u00eaineres ou permitir a fixa\u00e7\u00e3o de diversos tipos de transportadores em sua plataforma, sejam rolos, correntes, correias, ou algum tipo de transfer\u00eancia ou eleva\u00e7\u00e3o.<\/p>\n<p>A Roltia fabrica os seus pr\u00f3prios projetos ou planos com m\u00faltiplas e diversas solu\u00e7\u00f5es t\u00e9cnicas aplic\u00e1veis \u200b\u200ba cada instala\u00e7\u00e3o.<\/p>\n<p>Os carros s\u00e3o guiados sobre trilhos, transmiss\u00e3o direta para roda ou cremalheira, sinaliza\u00e7\u00e3o ac\u00fastica e luminosa (opcional), fabricados em a\u00e7o pintado, zincado ou inox.<\/p>\n<p><strong>Dados necess\u00e1rios para oferecer:<\/strong><\/p>\n<ul>\n<li>Comprimento<\/li>\n<li>Largura \u00fatil<\/li>\n<li>altura de trabalho<\/li>\n<li>Dimens\u00f5es do produto a ser transportado (Altura, largura e comprimento)<\/li>\n<li>Carga para transportar<\/li>\n<li>Velocidade nominal fixa do carro<\/li>\n<li>Deslocamento do carro (metros)<\/li>\n<li>Acabamento (Pintado RAL\/Inox)<\/li>\n<li>Grades laterais (Sim\/N\u00e3o)<\/li>\n<li>Parada final (Sim\/N\u00e3o)<\/li>\n<li>Dados adicionais<\/li>\n<\/ul>\n","protected":false},"excerpt":{"rendered":"<p>Os carros utilizados para movimenta\u00e7\u00e3o e paletiza\u00e7\u00e3o podem ser simples cont\u00eaineres ou permitir a fixa\u00e7\u00e3o de diversos tipos de transportadores em sua plataforma, sejam rolos, correntes, correias, ou algum tipo de transfer\u00eancia ou eleva\u00e7\u00e3o. A Roltia fabrica os seus pr\u00f3prios projetos ou planos com m\u00faltiplas e diversas solu\u00e7\u00f5es t\u00e9cnicas aplic\u00e1veis \u200b\u200ba cada instala\u00e7\u00e3o. Os carros &hellip; <a href=\"https:\/\/eurotransis.com\/pt-pt\/loja\/fabricante-transportadores-rolos-pt\/outras-solucoes-pt\/carros-moveis-pt\/carrinhos-de-gravidade\/\">Veja mais<\/a><\/p>\n","protected":false},"featured_media":14673,"comment_status":"closed","ping_status":"closed","template":"","meta":[],"product_brand":[],"product_cat":[589],"product_tag":[],"class_list":{"0":"post-3848","1":"product","2":"type-product","3":"status-publish","4":"has-post-thumbnail","6":"product_cat-carros-moveis-pt","8":"first","9":"instock","10":"shipping-taxable","11":"product-type-simple"},"_links":{"self":[{"href":"https:\/\/eurotransis.com\/pt-pt\/wp-json\/wp\/v2\/product\/3848","targetHints":{"allow":["GET"]}}],"collection":[{"href":"https:\/\/eurotransis.com\/pt-pt\/wp-json\/wp\/v2\/product"}],"about":[{"href":"https:\/\/eurotransis.com\/pt-pt\/wp-json\/wp\/v2\/types\/product"}],"replies":[{"embeddable":true,"href":"https:\/\/eurotransis.com\/pt-pt\/wp-json\/wp\/v2\/comments?post=3848"}],"wp:featuredmedia":[{"embeddable":true,"href":"https:\/\/eurotransis.com\/pt-pt\/wp-json\/wp\/v2\/media\/14673"}],"wp:attachment":[{"href":"https:\/\/eurotransis.com\/pt-pt\/wp-json\/wp\/v2\/media?parent=3848"}],"wp:term":[{"taxonomy":"product_brand","embeddable":true,"href":"https:\/\/eurotransis.com\/pt-pt\/wp-json\/wp\/v2\/product_brand?post=3848"},{"taxonomy":"product_cat","embeddable":true,"href":"https:\/\/eurotransis.com\/pt-pt\/wp-json\/wp\/v2\/product_cat?post=3848"},{"taxonomy":"product_tag","embeddable":true,"href":"https:\/\/eurotransis.com\/pt-pt\/wp-json\/wp\/v2\/product_tag?post=3848"}],"curies":[{"name":"wp","href":"https:\/\/api.w.org\/{rel}","templated":true}]}}