{"id":3856,"date":"2016-04-25T11:36:37","date_gmt":"2016-04-25T11:36:37","guid":{"rendered":"http:\/\/eurotransis.com\/pt-pt\/tienda\/sin%20categorizar\/dispensador-de-europalets-con-guias-verticales\/"},"modified":"2024-10-10T09:22:03","modified_gmt":"2024-10-10T07:22:03","slug":"distribuidor-paletes-com-guias-verticais","status":"publish","type":"product","link":"https:\/\/eurotransis.com\/pt-pt\/loja\/fabricante-transportadores-rolos-pt\/outras-solucoes-pt\/dispensador-de-paletes-pt\/distribuidor-paletes-com-guias-verticais\/","title":{"rendered":"Distribuidor de paletes com guias verticais"},"content":{"rendered":"<p>Os dispensadores de paletes s\u00e3o utilizados para alimentar e dosar paletes vazias em linhas de produ\u00e7\u00e3o.<\/p>\n<p>Caracterizam-se por autonomia de 16 unidades, eleva\u00e7\u00e3o mec\u00e2nica motorizada, doseamento pneum\u00e1tico, possibilidade de sele\u00e7\u00e3o do lado de carga, carregamento por empilhador ou automatizado, complemento de arma\u00e7\u00e3o de paletes para linhas automatizadas, entre outros.<\/p>\n<p><strong>Dados necess\u00e1rios para oferecer:<\/strong><\/p>\n<ul>\n<li>N\u00famero m\u00e1ximo de paletes<\/li>\n<li>Formato de palete<\/li>\n<li>Dimens\u00f5es da palete<\/li>\n<li>Entrada de paletes (traseira\/lateral)<\/li>\n<li>Sa\u00edda de paletes (traseira\/lateral)<\/li>\n<li>altura de trabalho<\/li>\n<li>Acabamento (pe\u00e7as fixas pintadas RAL)<\/li>\n<li>Grades laterais (Sim\/N\u00e3o)<\/li>\n<li>Parada final (Sim\/N\u00e3o)<\/li>\n<li>Dados adicionais<\/li>\n<\/ul>\n","protected":false},"excerpt":{"rendered":"<p>Os dispensadores de paletes s\u00e3o utilizados para alimentar e dosar paletes vazias em linhas de produ\u00e7\u00e3o. Caracterizam-se por autonomia de 16 unidades, eleva\u00e7\u00e3o mec\u00e2nica motorizada, doseamento pneum\u00e1tico, possibilidade de sele\u00e7\u00e3o do lado de carga, carregamento por empilhador ou automatizado, complemento de arma\u00e7\u00e3o de paletes para linhas automatizadas, entre outros. Dados necess\u00e1rios para oferecer: N\u00famero m\u00e1ximo &hellip; <a href=\"https:\/\/eurotransis.com\/pt-pt\/loja\/fabricante-transportadores-rolos-pt\/outras-solucoes-pt\/dispensador-de-paletes-pt\/distribuidor-paletes-com-guias-verticais\/\">Veja mais<\/a><\/p>\n","protected":false},"featured_media":14697,"comment_status":"closed","ping_status":"closed","template":"","meta":[],"product_brand":[],"product_cat":[595],"product_tag":[],"class_list":{"0":"post-3856","1":"product","2":"type-product","3":"status-publish","4":"has-post-thumbnail","6":"product_cat-dispensador-de-paletes-pt","8":"first","9":"instock","10":"shipping-taxable","11":"product-type-simple"},"_links":{"self":[{"href":"https:\/\/eurotransis.com\/pt-pt\/wp-json\/wp\/v2\/product\/3856","targetHints":{"allow":["GET"]}}],"collection":[{"href":"https:\/\/eurotransis.com\/pt-pt\/wp-json\/wp\/v2\/product"}],"about":[{"href":"https:\/\/eurotransis.com\/pt-pt\/wp-json\/wp\/v2\/types\/product"}],"replies":[{"embeddable":true,"href":"https:\/\/eurotransis.com\/pt-pt\/wp-json\/wp\/v2\/comments?post=3856"}],"wp:featuredmedia":[{"embeddable":true,"href":"https:\/\/eurotransis.com\/pt-pt\/wp-json\/wp\/v2\/media\/14697"}],"wp:attachment":[{"href":"https:\/\/eurotransis.com\/pt-pt\/wp-json\/wp\/v2\/media?parent=3856"}],"wp:term":[{"taxonomy":"product_brand","embeddable":true,"href":"https:\/\/eurotransis.com\/pt-pt\/wp-json\/wp\/v2\/product_brand?post=3856"},{"taxonomy":"product_cat","embeddable":true,"href":"https:\/\/eurotransis.com\/pt-pt\/wp-json\/wp\/v2\/product_cat?post=3856"},{"taxonomy":"product_tag","embeddable":true,"href":"https:\/\/eurotransis.com\/pt-pt\/wp-json\/wp\/v2\/product_tag?post=3856"}],"curies":[{"name":"wp","href":"https:\/\/api.w.org\/{rel}","templated":true}]}}