{"id":3861,"date":"2016-04-25T11:31:08","date_gmt":"2016-04-25T11:31:08","guid":{"rendered":"http:\/\/eurotransis.com\/pt-pt\/tienda\/sin%20categorizar\/mesa-giratoria-manual\/"},"modified":"2024-10-09T13:52:32","modified_gmt":"2024-10-09T11:52:32","slug":"mesa-rotativa-manual","status":"publish","type":"product","link":"https:\/\/eurotransis.com\/pt-pt\/loja\/fabricante-transportadores-rolos-pt\/mesas-rotativas-pt\/mesa-rotativa-manual\/","title":{"rendered":"Mesa rotativa manual"},"content":{"rendered":"<p>As mesas giratorias s\u00e3o aplicadas principalmente em mudan\u00e7as de dire\u00e7\u00e3o em linhas de produ\u00e7\u00e3o onde \u00e9 necess\u00e1rio manter a dire\u00e7\u00e3o de avan\u00e7o da carga. Sua estrutura permite a instala\u00e7\u00e3o a bordo de qualquer configura\u00e7\u00e3o de transportador, seja de rolos, correntes ou algum tipo de transfer\u00eancia ou eleva\u00e7\u00e3o.<\/p>\n<p>Dependendo de sua funcionalidade, diferenciamos entre:<\/p>\n<ul>\n<li>Mesas giratorias manuais<\/li>\n<li>Mesas giratorias motorizadas<\/li>\n<\/ul>\n<p>As mesas giratorias podem ser caracterizadas pela sua rota\u00e7\u00e3o atrav\u00e9s de um rolamento axial com alta capacidade de carga e n\u00famero de manobras, resist\u00eancia m\u00ednima \u00e0 rota\u00e7\u00e3o e parada-partida, altura da plataforma girat\u00f3ria aproximadamente 200 mm, ajuste de altura, unidade de acionamento externa facilitando a manuten\u00e7\u00e3o preventiva tarefas e com dimens\u00f5es personaliz\u00e1veis \u200b\u200bde acordo com as especifica\u00e7\u00f5es de carga.<\/p>\n<p><strong>Dados necess\u00e1rios para oferecer:<\/strong><\/p>\n<ul>\n<li>Setor de torneamento<\/li>\n<li>Di\u00e2metro de varredura<\/li>\n<li>Dimens\u00f5es do produto a ser transportado (Altura, largura e comprimento)<\/li>\n<li>Peso do produto a transportar (Kg)<\/li>\n<li>Comprimento nominal do transportador<\/li>\n<li>Largura \u00fatil desejada do rolo<\/li>\n<li>altura de trabalho<\/li>\n<li>Acabamento RAL: parte fixa e parte m\u00f3vel<\/li>\n<li>Dados adicionais<\/li>\n<\/ul>\n","protected":false},"excerpt":{"rendered":"<p>As mesas giratorias s\u00e3o aplicadas principalmente em mudan\u00e7as de dire\u00e7\u00e3o em linhas de produ\u00e7\u00e3o onde \u00e9 necess\u00e1rio manter a dire\u00e7\u00e3o de avan\u00e7o da carga. Sua estrutura permite a instala\u00e7\u00e3o a bordo de qualquer configura\u00e7\u00e3o de transportador, seja de rolos, correntes ou algum tipo de transfer\u00eancia ou eleva\u00e7\u00e3o. Dependendo de sua funcionalidade, diferenciamos entre: Mesas giratorias &hellip; <a href=\"https:\/\/eurotransis.com\/pt-pt\/loja\/fabricante-transportadores-rolos-pt\/mesas-rotativas-pt\/mesa-rotativa-manual\/\">Veja mais<\/a><\/p>\n","protected":false},"featured_media":14880,"comment_status":"closed","ping_status":"closed","template":"","meta":[],"product_brand":[],"product_cat":[583],"product_tag":[],"class_list":{"0":"post-3861","1":"product","2":"type-product","3":"status-publish","4":"has-post-thumbnail","6":"product_cat-mesas-rotativas-pt","8":"first","9":"instock","10":"shipping-taxable","11":"product-type-simple"},"_links":{"self":[{"href":"https:\/\/eurotransis.com\/pt-pt\/wp-json\/wp\/v2\/product\/3861","targetHints":{"allow":["GET"]}}],"collection":[{"href":"https:\/\/eurotransis.com\/pt-pt\/wp-json\/wp\/v2\/product"}],"about":[{"href":"https:\/\/eurotransis.com\/pt-pt\/wp-json\/wp\/v2\/types\/product"}],"replies":[{"embeddable":true,"href":"https:\/\/eurotransis.com\/pt-pt\/wp-json\/wp\/v2\/comments?post=3861"}],"wp:featuredmedia":[{"embeddable":true,"href":"https:\/\/eurotransis.com\/pt-pt\/wp-json\/wp\/v2\/media\/14880"}],"wp:attachment":[{"href":"https:\/\/eurotransis.com\/pt-pt\/wp-json\/wp\/v2\/media?parent=3861"}],"wp:term":[{"taxonomy":"product_brand","embeddable":true,"href":"https:\/\/eurotransis.com\/pt-pt\/wp-json\/wp\/v2\/product_brand?post=3861"},{"taxonomy":"product_cat","embeddable":true,"href":"https:\/\/eurotransis.com\/pt-pt\/wp-json\/wp\/v2\/product_cat?post=3861"},{"taxonomy":"product_tag","embeddable":true,"href":"https:\/\/eurotransis.com\/pt-pt\/wp-json\/wp\/v2\/product_tag?post=3861"}],"curies":[{"name":"wp","href":"https:\/\/api.w.org\/{rel}","templated":true}]}}