{"id":3867,"date":"2016-04-25T11:22:14","date_gmt":"2016-04-25T11:22:14","guid":{"rendered":"http:\/\/eurotransis.com\/pt-pt\/tienda\/sin%20categorizar\/transferencia-para-perfiles\/"},"modified":"2024-10-09T14:49:05","modified_gmt":"2024-10-09T12:49:05","slug":"transferencia-para-perfis","status":"publish","type":"product","link":"https:\/\/eurotransis.com\/pt-pt\/loja\/fabricante-transportadores-rolos-pt\/transferencia-pt\/transferencia-para-perfis\/","title":{"rendered":"Transfer\u00eancia para perfis"},"content":{"rendered":"<p>As transfer\u00eancias aplicam-se ao transporte de mercadorias entre diferentes rotas de transporte quando \u00e9 necess\u00e1ria a altera\u00e7\u00e3o da dire\u00e7ao do produto transportado.<\/p>\n<p>Dependendo do tipo de equipamento de recep\u00e7\u00e3o e recolha de transfer\u00eancias, podemos diferenciar:<\/p>\n<ul>\n<li>Transfer\u00eancia por corrente de rolos.<\/li>\n<li>Transfer\u00eancia por correia dentada.<\/li>\n<li>Transfer\u00eancia de rolo-correia redonda.<\/li>\n<li>Transfer\u00eancia cadeia-cadeia.<\/li>\n<\/ul>\n<p>A Roltia projeta, fabrica e comercializa uma ampla gama de transfer\u00eancias que se adaptam a uma infinidade de aplica\u00e7\u00f5es em sistemas de manuseio e paletiza\u00e7\u00e3o. Seu design caracteriza-se pela disponibilidade para cargas leves e pesadas, eleva\u00e7\u00e3o mec\u00e2nica pneum\u00e1tica ou motorizada, estabilidade de carga na eleva\u00e7\u00e3o, fabrica\u00e7\u00e3o em a\u00e7o pintado, zincado ou inox, entre outros.<\/p>\n<p><strong>Dados necess\u00e1rios para oferecer:<\/strong><\/p>\n<ul>\n<li>Comprimento (mm)<\/li>\n<li>Largura \u00fatil (mm)<\/li>\n<li>altura de trabalho (mm)<\/li>\n<li>Velocidade de transporte<\/li>\n<li>N\u00famero de filiais<\/li>\n<li>Dimens\u00f5es do produto a ser transportado (Altura, largura e comprimento)<\/li>\n<li>Peso do produto a transportar (Kg)<\/li>\n<li>Dados adicionais<\/li>\n<\/ul>\n","protected":false},"excerpt":{"rendered":"<p>As transfer\u00eancias aplicam-se ao transporte de mercadorias entre diferentes rotas de transporte quando \u00e9 necess\u00e1ria a altera\u00e7\u00e3o da dire\u00e7ao do produto transportado. Dependendo do tipo de equipamento de recep\u00e7\u00e3o e recolha de transfer\u00eancias, podemos diferenciar: Transfer\u00eancia por corrente de rolos. Transfer\u00eancia por correia dentada. Transfer\u00eancia de rolo-correia redonda. Transfer\u00eancia cadeia-cadeia. A Roltia projeta, fabrica e &hellip; <a href=\"https:\/\/eurotransis.com\/pt-pt\/loja\/fabricante-transportadores-rolos-pt\/transferencia-pt\/transferencia-para-perfis\/\">Veja mais<\/a><\/p>\n","protected":false},"featured_media":14843,"comment_status":"closed","ping_status":"closed","template":"","meta":[],"product_brand":[],"product_cat":[406],"product_tag":[],"class_list":{"0":"post-3867","1":"product","2":"type-product","3":"status-publish","4":"has-post-thumbnail","6":"product_cat-transferencia-pt","8":"first","9":"instock","10":"shipping-taxable","11":"product-type-simple"},"_links":{"self":[{"href":"https:\/\/eurotransis.com\/pt-pt\/wp-json\/wp\/v2\/product\/3867","targetHints":{"allow":["GET"]}}],"collection":[{"href":"https:\/\/eurotransis.com\/pt-pt\/wp-json\/wp\/v2\/product"}],"about":[{"href":"https:\/\/eurotransis.com\/pt-pt\/wp-json\/wp\/v2\/types\/product"}],"replies":[{"embeddable":true,"href":"https:\/\/eurotransis.com\/pt-pt\/wp-json\/wp\/v2\/comments?post=3867"}],"wp:featuredmedia":[{"embeddable":true,"href":"https:\/\/eurotransis.com\/pt-pt\/wp-json\/wp\/v2\/media\/14843"}],"wp:attachment":[{"href":"https:\/\/eurotransis.com\/pt-pt\/wp-json\/wp\/v2\/media?parent=3867"}],"wp:term":[{"taxonomy":"product_brand","embeddable":true,"href":"https:\/\/eurotransis.com\/pt-pt\/wp-json\/wp\/v2\/product_brand?post=3867"},{"taxonomy":"product_cat","embeddable":true,"href":"https:\/\/eurotransis.com\/pt-pt\/wp-json\/wp\/v2\/product_cat?post=3867"},{"taxonomy":"product_tag","embeddable":true,"href":"https:\/\/eurotransis.com\/pt-pt\/wp-json\/wp\/v2\/product_tag?post=3867"}],"curies":[{"name":"wp","href":"https:\/\/api.w.org\/{rel}","templated":true}]}}