{"id":3871,"date":"2016-04-25T11:20:55","date_gmt":"2016-04-25T11:20:55","guid":{"rendered":"http:\/\/eurotransis.com\/pt-pt\/tienda\/sin%20categorizar\/proyecto-transporte-con-transferencias\/"},"modified":"2024-10-07T08:04:33","modified_gmt":"2024-10-07T06:04:33","slug":"projeto-de-transporte-com-transferencias","status":"publish","type":"product","link":"https:\/\/eurotransis.com\/pt-pt\/loja\/fabricante-transportadores-rolos-pt\/instalacoes-pt\/projeto-de-transporte-com-transferencias\/","title":{"rendered":"Projeto de transporte com transfer\u00eancias"},"content":{"rendered":"<p>Como ind\u00fastria auxiliar nos setores de movimenta\u00e7\u00e3o, paletiza\u00e7\u00e3o e minera\u00e7\u00e3o, a Roltia especializou-se na fabrica\u00e7\u00e3o de produtos em s\u00e9rie como transportadores de rolos, transportadores de correia, transportadores de corrente, transportadores de malha, transportadores de dobradi\u00e7a, ripas, transfer\u00eancias e outros acess\u00f3rios como mesas rotativas, mesas elevat\u00f3rias, mesas de picking, carrinhos m\u00f3veis, entre outros.<\/p>\n<p>Toda a fabrica\u00e7\u00e3o \u00e9 realizada seguindo as especifica\u00e7\u00f5es, toler\u00e2ncias e design exigidos pela Diretiva 2006\/42\/CE relativa \u00e0s m\u00e1quinas e sob as diretrizes de qualidade UNE-EN ISO 9001:2015.<\/p>\n","protected":false},"excerpt":{"rendered":"<p>Como ind\u00fastria auxiliar nos setores de movimenta\u00e7\u00e3o, paletiza\u00e7\u00e3o e minera\u00e7\u00e3o, a Roltia especializou-se na fabrica\u00e7\u00e3o de produtos em s\u00e9rie como transportadores de rolos, transportadores de correia, transportadores de corrente, transportadores de malha, transportadores de dobradi\u00e7a, ripas, transfer\u00eancias e outros acess\u00f3rios como mesas rotativas, mesas elevat\u00f3rias, mesas de picking, carrinhos m\u00f3veis, entre outros. Toda a fabrica\u00e7\u00e3o &hellip; <a href=\"https:\/\/eurotransis.com\/pt-pt\/loja\/fabricante-transportadores-rolos-pt\/instalacoes-pt\/projeto-de-transporte-com-transferencias\/\">Veja mais<\/a><\/p>\n","protected":false},"featured_media":14660,"comment_status":"closed","ping_status":"closed","template":"","meta":[],"product_brand":[],"product_cat":[579],"product_tag":[],"class_list":{"0":"post-3871","1":"product","2":"type-product","3":"status-publish","4":"has-post-thumbnail","6":"product_cat-instalacoes-pt","8":"first","9":"instock","10":"shipping-taxable","11":"product-type-simple"},"_links":{"self":[{"href":"https:\/\/eurotransis.com\/pt-pt\/wp-json\/wp\/v2\/product\/3871","targetHints":{"allow":["GET"]}}],"collection":[{"href":"https:\/\/eurotransis.com\/pt-pt\/wp-json\/wp\/v2\/product"}],"about":[{"href":"https:\/\/eurotransis.com\/pt-pt\/wp-json\/wp\/v2\/types\/product"}],"replies":[{"embeddable":true,"href":"https:\/\/eurotransis.com\/pt-pt\/wp-json\/wp\/v2\/comments?post=3871"}],"wp:featuredmedia":[{"embeddable":true,"href":"https:\/\/eurotransis.com\/pt-pt\/wp-json\/wp\/v2\/media\/14660"}],"wp:attachment":[{"href":"https:\/\/eurotransis.com\/pt-pt\/wp-json\/wp\/v2\/media?parent=3871"}],"wp:term":[{"taxonomy":"product_brand","embeddable":true,"href":"https:\/\/eurotransis.com\/pt-pt\/wp-json\/wp\/v2\/product_brand?post=3871"},{"taxonomy":"product_cat","embeddable":true,"href":"https:\/\/eurotransis.com\/pt-pt\/wp-json\/wp\/v2\/product_cat?post=3871"},{"taxonomy":"product_tag","embeddable":true,"href":"https:\/\/eurotransis.com\/pt-pt\/wp-json\/wp\/v2\/product_tag?post=3871"}],"curies":[{"name":"wp","href":"https:\/\/api.w.org\/{rel}","templated":true}]}}