{"id":3872,"date":"2016-04-25T11:16:50","date_gmt":"2016-04-25T11:16:50","guid":{"rendered":"http:\/\/eurotransis.com\/pt-pt\/tienda\/sin%20categorizar\/curva-motorizada-de-90o\/"},"modified":"2024-10-09T08:50:21","modified_gmt":"2024-10-09T06:50:21","slug":"curva-motorizada-de-90o","status":"publish","type":"product","link":"https:\/\/eurotransis.com\/pt-pt\/loja\/fabricante-transportadores-rolos-pt\/transportadores-curvos-de-rolos-pt\/curvas-motorizadas-pt\/curva-motorizada-de-90o\/","title":{"rendered":"Curva motorizada 90\u00ba"},"content":{"rendered":"<p>Nossos transportadores s\u00e3o projetados para facilitar o fluxo cont\u00ednuo de materiais e produtos em ambientes industriais, otimizando os processos produtivos e log\u00edsticos.<\/p>\n<p>Sempre utilizamos materiais de alta qualidade e tecnologias de ponta para garantir a durabilidade e confiabilidade de nossos transportadores por gravidade e rolos. Para isso, a equipe de especialistas em engenharia trabalha em estreita colabora\u00e7\u00e3o com o cliente para entender suas necessidades e oferecer solu\u00e7\u00f5es que superem suas expectativas.<\/p>\n<p><strong>Dados necess\u00e1rios para oferecer:<\/strong><\/p>\n<ul>\n<li>Setor de torneamento de curva<\/li>\n<li>Largura \u00fatil nominal (mm)<\/li>\n<li>Largura de trabalho mm.<\/li>\n<li>Passo entre centros de rolos<\/li>\n<li>Velocidade fixa (metros\/minuto)<\/li>\n<li>Grupo de acionamento (kW)<\/li>\n<li>Raio interno da curva (mm)<\/li>\n<li>Altura de trabalho (mm)<\/li>\n<li>Dimens\u00f5es do produto a ser transportado (Altura, largura e comprimento)<\/li>\n<li>Peso do produto a ser transportado (kg)<\/li>\n<li>Dados adicionais<\/li>\n<\/ul>\n","protected":false},"excerpt":{"rendered":"<p>Nossos transportadores s\u00e3o projetados para facilitar o fluxo cont\u00ednuo de materiais e produtos em ambientes industriais, otimizando os processos produtivos e log\u00edsticos. Sempre utilizamos materiais de alta qualidade e tecnologias de ponta para garantir a durabilidade e confiabilidade de nossos transportadores por gravidade e rolos. Para isso, a equipe de especialistas em engenharia trabalha em &hellip; <a href=\"https:\/\/eurotransis.com\/pt-pt\/loja\/fabricante-transportadores-rolos-pt\/transportadores-curvos-de-rolos-pt\/curvas-motorizadas-pt\/curva-motorizada-de-90o\/\">Veja mais<\/a><\/p>\n","protected":false},"featured_media":15030,"comment_status":"closed","ping_status":"closed","template":"","meta":[],"product_brand":[],"product_cat":[617],"product_tag":[],"class_list":{"0":"post-3872","1":"product","2":"type-product","3":"status-publish","4":"has-post-thumbnail","6":"product_cat-curvas-motorizadas-pt","8":"first","9":"instock","10":"shipping-taxable","11":"product-type-simple"},"_links":{"self":[{"href":"https:\/\/eurotransis.com\/pt-pt\/wp-json\/wp\/v2\/product\/3872","targetHints":{"allow":["GET"]}}],"collection":[{"href":"https:\/\/eurotransis.com\/pt-pt\/wp-json\/wp\/v2\/product"}],"about":[{"href":"https:\/\/eurotransis.com\/pt-pt\/wp-json\/wp\/v2\/types\/product"}],"replies":[{"embeddable":true,"href":"https:\/\/eurotransis.com\/pt-pt\/wp-json\/wp\/v2\/comments?post=3872"}],"wp:featuredmedia":[{"embeddable":true,"href":"https:\/\/eurotransis.com\/pt-pt\/wp-json\/wp\/v2\/media\/15030"}],"wp:attachment":[{"href":"https:\/\/eurotransis.com\/pt-pt\/wp-json\/wp\/v2\/media?parent=3872"}],"wp:term":[{"taxonomy":"product_brand","embeddable":true,"href":"https:\/\/eurotransis.com\/pt-pt\/wp-json\/wp\/v2\/product_brand?post=3872"},{"taxonomy":"product_cat","embeddable":true,"href":"https:\/\/eurotransis.com\/pt-pt\/wp-json\/wp\/v2\/product_cat?post=3872"},{"taxonomy":"product_tag","embeddable":true,"href":"https:\/\/eurotransis.com\/pt-pt\/wp-json\/wp\/v2\/product_tag?post=3872"}],"curies":[{"name":"wp","href":"https:\/\/api.w.org\/{rel}","templated":true}]}}