{"id":3878,"date":"2016-04-25T10:57:45","date_gmt":"2016-04-25T10:57:45","guid":{"rendered":"http:\/\/eurotransis.com\/pt-pt\/tienda\/sin%20categorizar\/curva-de-gravedad-de-180o\/"},"modified":"2024-10-09T08:30:45","modified_gmt":"2024-10-09T06:30:45","slug":"curva-de-gravidade-de-180","status":"publish","type":"product","link":"https:\/\/eurotransis.com\/pt-pt\/loja\/fabricante-transportadores-rolos-pt\/transportadores-curvos-de-rolos-pt\/curvas-de-gravidade-pt\/curva-de-gravidade-de-180\/","title":{"rendered":"Curva de gravidade de 180\u00ba"},"content":{"rendered":"<p>Nossos transportadores s\u00e3o projetados para facilitar o fluxo cont\u00ednuo de materiais e produtos em ambientes industriais, otimizando os processos produtivos e log\u00edsticos.<\/p>\n<p>Para mudan\u00e7as na dire\u00e7\u00e3o dos fluxos de transporte, a Roltia tem capacidade para fabricar curvas de gravidade e curvas de rolos, curvas de rolos c\u00f4nicos ou curvas de rolos cil\u00edndricos simples, duplos e triplos, com larguras de 150 mm a 1.500 mm e com poliamida c\u00f4nica de alta resist\u00eancia rolos, rolos met\u00e1licos ou cil\u00edndricos de PVC.<\/p>\n<p><strong>Dados necess\u00e1rios para oferecer:<\/strong><\/p>\n<ul>\n<li>Setor de torneamento de curva<\/li>\n<li>Largura \u00fatil nominal (mm)<\/li>\n<li>Altura de transporte de entrada (mm)<\/li>\n<li>Altura de transporte de sa\u00edda (mm)<\/li>\n<li>Passo entre centros de rolos<\/li>\n<li>Raio interno da curva (mm)<\/li>\n<li>posi\u00e7\u00e3o de trabalho<\/li>\n<li>Dimens\u00f5es do produto a ser transportado (Altura, largura e comprimento)<\/li>\n<li>Peso do produto a ser transportado (kg)<\/li>\n<li>Corrim\u00e3os (Sim\/N\u00e3o)<\/li>\n<li>Parada final (Sim\/N\u00e3o)<\/li>\n<li>Acabamento (RAL\/Zincado\/Inox)<\/li>\n<li>Dados adicionais<\/li>\n<\/ul>\n","protected":false},"excerpt":{"rendered":"<p>Nossos transportadores s\u00e3o projetados para facilitar o fluxo cont\u00ednuo de materiais e produtos em ambientes industriais, otimizando os processos produtivos e log\u00edsticos. Para mudan\u00e7as na dire\u00e7\u00e3o dos fluxos de transporte, a Roltia tem capacidade para fabricar curvas de gravidade e curvas de rolos, curvas de rolos c\u00f4nicos ou curvas de rolos cil\u00edndricos simples, duplos e &hellip; <a href=\"https:\/\/eurotransis.com\/pt-pt\/loja\/fabricante-transportadores-rolos-pt\/transportadores-curvos-de-rolos-pt\/curvas-de-gravidade-pt\/curva-de-gravidade-de-180\/\">Veja mais<\/a><\/p>\n","protected":false},"featured_media":15009,"comment_status":"closed","ping_status":"closed","template":"","meta":[],"product_brand":[],"product_cat":[616],"product_tag":[],"class_list":{"0":"post-3878","1":"product","2":"type-product","3":"status-publish","4":"has-post-thumbnail","6":"product_cat-curvas-de-gravidade-pt","8":"first","9":"instock","10":"shipping-taxable","11":"product-type-simple"},"_links":{"self":[{"href":"https:\/\/eurotransis.com\/pt-pt\/wp-json\/wp\/v2\/product\/3878","targetHints":{"allow":["GET"]}}],"collection":[{"href":"https:\/\/eurotransis.com\/pt-pt\/wp-json\/wp\/v2\/product"}],"about":[{"href":"https:\/\/eurotransis.com\/pt-pt\/wp-json\/wp\/v2\/types\/product"}],"replies":[{"embeddable":true,"href":"https:\/\/eurotransis.com\/pt-pt\/wp-json\/wp\/v2\/comments?post=3878"}],"wp:featuredmedia":[{"embeddable":true,"href":"https:\/\/eurotransis.com\/pt-pt\/wp-json\/wp\/v2\/media\/15009"}],"wp:attachment":[{"href":"https:\/\/eurotransis.com\/pt-pt\/wp-json\/wp\/v2\/media?parent=3878"}],"wp:term":[{"taxonomy":"product_brand","embeddable":true,"href":"https:\/\/eurotransis.com\/pt-pt\/wp-json\/wp\/v2\/product_brand?post=3878"},{"taxonomy":"product_cat","embeddable":true,"href":"https:\/\/eurotransis.com\/pt-pt\/wp-json\/wp\/v2\/product_cat?post=3878"},{"taxonomy":"product_tag","embeddable":true,"href":"https:\/\/eurotransis.com\/pt-pt\/wp-json\/wp\/v2\/product_tag?post=3878"}],"curies":[{"name":"wp","href":"https:\/\/api.w.org\/{rel}","templated":true}]}}