{"id":3895,"date":"2016-04-25T10:39:53","date_gmt":"2016-04-25T10:39:53","guid":{"rendered":"http:\/\/eurotransis.com\/pt-pt\/tienda\/sin%20categorizar\/transportador-de-banda-con-empujador\/"},"modified":"2024-10-09T09:22:26","modified_gmt":"2024-10-09T07:22:26","slug":"transportador-correia-com-perfis-empurradores","status":"publish","type":"product","link":"https:\/\/eurotransis.com\/pt-pt\/loja\/fabricante-transportadores-rolos-pt\/de-tapete-pt\/transportador-correia-com-perfis-empurradores\/","title":{"rendered":"Transportador de correia com perfis empurradores"},"content":{"rendered":"<p>Nossos transportadores de correia s\u00e3o projetados para facilitar a movimenta\u00e7\u00e3o cont\u00ednua e segura de produtos ao longo de uma linha de produ\u00e7\u00e3o, adaptados \u00e0s necessidades de cada cliente, atendendo aos seus requisitos de capacidade, velocidade, configura\u00e7\u00e3o e caracter\u00edsticas espec\u00edficas.<\/p>\n<p>Um transportador de correia \u00e9 uma solu\u00e7\u00e3o vers\u00e1til e amplamente utilizada na ind\u00fastria, ideal para transportar uma ampla gama de materiais, desde produtos leves at\u00e9 cargas pesadas.<\/p>\n<p>Quer se trate de um transportador de correia reto, curvo, inclinado ou de caracter\u00edsticas especiais, podemos fornecer uma solu\u00e7\u00e3o adaptada a diferentes tipos de produtos e ambientes industriais. Dentre essas ind\u00fastrias destacamos a aliment\u00edcia, farmac\u00eautica, automotiva, entre outras.<\/p>\n<p><strong>Dados necess\u00e1rios para oferecer:<\/strong><\/p>\n<ul>\n<li>Comprimento do equipamento<\/li>\n<li>Largura de banda<\/li>\n<li>Di\u00e2metro do tambor<\/li>\n<li>Velocidade fixa (metros\/minuto)<\/li>\n<li>Grupo de acionamento (kW)<\/li>\n<li>Altura de trabalho de entrada<\/li>\n<li>Altura de trabalho da sa\u00edda<\/li>\n<li>posi\u00e7\u00e3o de trabalho<\/li>\n<li>Dimens\u00f5es do produto a ser transportado (Altura, largura e comprimento)<\/li>\n<li>Tipo de produto a transportar<\/li>\n<li>Peso do produto a ser transportado (kg)<\/li>\n<li>Dados adicionais<\/li>\n<\/ul>\n","protected":false},"excerpt":{"rendered":"<p>Nossos transportadores de correia s\u00e3o projetados para facilitar a movimenta\u00e7\u00e3o cont\u00ednua e segura de produtos ao longo de uma linha de produ\u00e7\u00e3o, adaptados \u00e0s necessidades de cada cliente, atendendo aos seus requisitos de capacidade, velocidade, configura\u00e7\u00e3o e caracter\u00edsticas espec\u00edficas. Um transportador de correia \u00e9 uma solu\u00e7\u00e3o vers\u00e1til e amplamente utilizada na ind\u00fastria, ideal para transportar &hellip; <a href=\"https:\/\/eurotransis.com\/pt-pt\/loja\/fabricante-transportadores-rolos-pt\/de-tapete-pt\/transportador-correia-com-perfis-empurradores\/\">Veja mais<\/a><\/p>\n","protected":false},"featured_media":16933,"comment_status":"closed","ping_status":"closed","template":"","meta":[],"product_brand":[],"product_cat":[550],"product_tag":[],"class_list":{"0":"post-3895","1":"product","2":"type-product","3":"status-publish","4":"has-post-thumbnail","6":"product_cat-de-tapete-pt","8":"first","9":"instock","10":"shipping-taxable","11":"product-type-simple"},"_links":{"self":[{"href":"https:\/\/eurotransis.com\/pt-pt\/wp-json\/wp\/v2\/product\/3895","targetHints":{"allow":["GET"]}}],"collection":[{"href":"https:\/\/eurotransis.com\/pt-pt\/wp-json\/wp\/v2\/product"}],"about":[{"href":"https:\/\/eurotransis.com\/pt-pt\/wp-json\/wp\/v2\/types\/product"}],"replies":[{"embeddable":true,"href":"https:\/\/eurotransis.com\/pt-pt\/wp-json\/wp\/v2\/comments?post=3895"}],"wp:featuredmedia":[{"embeddable":true,"href":"https:\/\/eurotransis.com\/pt-pt\/wp-json\/wp\/v2\/media\/16933"}],"wp:attachment":[{"href":"https:\/\/eurotransis.com\/pt-pt\/wp-json\/wp\/v2\/media?parent=3895"}],"wp:term":[{"taxonomy":"product_brand","embeddable":true,"href":"https:\/\/eurotransis.com\/pt-pt\/wp-json\/wp\/v2\/product_brand?post=3895"},{"taxonomy":"product_cat","embeddable":true,"href":"https:\/\/eurotransis.com\/pt-pt\/wp-json\/wp\/v2\/product_cat?post=3895"},{"taxonomy":"product_tag","embeddable":true,"href":"https:\/\/eurotransis.com\/pt-pt\/wp-json\/wp\/v2\/product_tag?post=3895"}],"curies":[{"name":"wp","href":"https:\/\/api.w.org\/{rel}","templated":true}]}}