{"id":3906,"date":"2016-04-25T10:19:42","date_gmt":"2016-04-25T10:19:42","guid":{"rendered":"http:\/\/eurotransis.com\/pt-pt\/tienda\/sin%20categorizar\/transportador-tretacadenas\/"},"modified":"2024-10-09T08:57:50","modified_gmt":"2024-10-09T06:57:50","slug":"transportador-de-tetracadeia","status":"publish","type":"product","link":"https:\/\/eurotransis.com\/pt-pt\/loja\/fabricante-transportadores-rolos-pt\/de-corrente-pt\/transportador-de-tetracadeia\/","title":{"rendered":"Transportador de tetracadeia"},"content":{"rendered":"<p>Com anos de experi\u00eancia na fabrica\u00e7\u00e3o de transportadores industriais, desenvolvemos s\u00f3lida experi\u00eancia na fabrica\u00e7\u00e3o de transportadores de corrente. Para isso, a equipa de engenheiros altamente qualificados e especializados utiliza seu conhecimento e experi\u00eancia para garantir a qualidade e confiabilidade de cada transportador que produzimos.<\/p>\n<p>Nossos transportadores de corrente s\u00e3o projetados para a movimenta\u00e7\u00e3o suave e segura de materiais e produtos em ambientes industriais exigentes. S\u00e3o uma solu\u00e7\u00e3o vers\u00e1til e dur\u00e1vel que oferece capacidade de carga superior e transporte de materiais pesados \u200b\u200bem longas dist\u00e2ncias.<\/p>\n<p>Al\u00e9m disso, s\u00e3o amplamente utilizados em diversos setores, incluindo ind\u00fastria aliment\u00edcia, automotiva, log\u00edstica, entre outros. Adequado para movimenta\u00e7\u00e3o de paletes e cargas pesadas. Fabrica\u00e7\u00e3o modular padronizada em a\u00e7o pintado e seco a 190\u00ba ou em a\u00e7o inoxid\u00e1vel. Sistema de acumula\u00e7\u00e3o passo a passo com corrente especial para acumula\u00e7\u00e3o.<\/p>\n<p><strong>Dados necess\u00e1rios para oferecer:<\/strong><\/p>\n<ul>\n<li>Comprimento do equipamento<\/li>\n<li>Passo entre centros de rolos<\/li>\n<li>N\u00famero de ramifica\u00e7\u00f5es da cadeia<\/li>\n<li>altura de trabalho<\/li>\n<li>Velocidade fixa (metros\/minuto)<\/li>\n<li>Grupo de acionamento (kW)<\/li>\n<li>Dimens\u00f5es do produto a ser transportado (Altura, largura e comprimento)<\/li>\n<li>Peso do produto a ser transportado (kg)<\/li>\n<li>Dados adicionais<\/li>\n<\/ul>\n","protected":false},"excerpt":{"rendered":"<p>Com anos de experi\u00eancia na fabrica\u00e7\u00e3o de transportadores industriais, desenvolvemos s\u00f3lida experi\u00eancia na fabrica\u00e7\u00e3o de transportadores de corrente. Para isso, a equipa de engenheiros altamente qualificados e especializados utiliza seu conhecimento e experi\u00eancia para garantir a qualidade e confiabilidade de cada transportador que produzimos. Nossos transportadores de corrente s\u00e3o projetados para a movimenta\u00e7\u00e3o suave e &hellip; <a href=\"https:\/\/eurotransis.com\/pt-pt\/loja\/fabricante-transportadores-rolos-pt\/de-corrente-pt\/transportador-de-tetracadeia\/\">Veja mais<\/a><\/p>\n","protected":false},"featured_media":14616,"comment_status":"closed","ping_status":"closed","template":"","meta":[],"product_brand":[],"product_cat":[545],"product_tag":[],"class_list":{"0":"post-3906","1":"product","2":"type-product","3":"status-publish","4":"has-post-thumbnail","6":"product_cat-de-corrente-pt","8":"first","9":"instock","10":"shipping-taxable","11":"product-type-simple"},"_links":{"self":[{"href":"https:\/\/eurotransis.com\/pt-pt\/wp-json\/wp\/v2\/product\/3906","targetHints":{"allow":["GET"]}}],"collection":[{"href":"https:\/\/eurotransis.com\/pt-pt\/wp-json\/wp\/v2\/product"}],"about":[{"href":"https:\/\/eurotransis.com\/pt-pt\/wp-json\/wp\/v2\/types\/product"}],"replies":[{"embeddable":true,"href":"https:\/\/eurotransis.com\/pt-pt\/wp-json\/wp\/v2\/comments?post=3906"}],"wp:featuredmedia":[{"embeddable":true,"href":"https:\/\/eurotransis.com\/pt-pt\/wp-json\/wp\/v2\/media\/14616"}],"wp:attachment":[{"href":"https:\/\/eurotransis.com\/pt-pt\/wp-json\/wp\/v2\/media?parent=3906"}],"wp:term":[{"taxonomy":"product_brand","embeddable":true,"href":"https:\/\/eurotransis.com\/pt-pt\/wp-json\/wp\/v2\/product_brand?post=3906"},{"taxonomy":"product_cat","embeddable":true,"href":"https:\/\/eurotransis.com\/pt-pt\/wp-json\/wp\/v2\/product_cat?post=3906"},{"taxonomy":"product_tag","embeddable":true,"href":"https:\/\/eurotransis.com\/pt-pt\/wp-json\/wp\/v2\/product_tag?post=3906"}],"curies":[{"name":"wp","href":"https:\/\/api.w.org\/{rel}","templated":true}]}}