{"id":3921,"date":"2016-04-25T10:04:39","date_gmt":"2016-04-25T10:04:39","guid":{"rendered":"http:\/\/eurotransis.com\/pt-pt\/tienda\/sin%20categorizar\/transportadores-de-rodillos-de-gravedad\/"},"modified":"2024-10-07T08:53:17","modified_gmt":"2024-10-07T06:53:17","slug":"transportador-de-rolos-de-gravidade","status":"publish","type":"product","link":"https:\/\/eurotransis.com\/pt-pt\/loja\/fabricante-transportadores-rolos-pt\/transportadores-rolos-direitos-pt\/de-gravidade-pt\/transporte-ligeiro-pt\/transportador-de-rolos-de-gravidade\/","title":{"rendered":"Transportador de rolos por gravidade"},"content":{"rendered":"<p>Esses transportadores foram projetados para facilitar o fluxo cont\u00ednuo de materiais e produtos em ambientes industriais, otimizando os processos de produ\u00e7\u00e3o e log\u00edstica.<\/p>\n<p>Os transportadores de rolos gravitacionais adaptam-se \u00e0s necessidades espec\u00edficas de cada cliente. Quer necessite transportar cargas leves ou pesadas, artigos grandes ou pequenos. Al\u00e9m disso, os sistemas podem ser personalizados em termos de dimens\u00f5es, capacidades de carga e configura\u00e7\u00e3o para atender aos requisitos da sua aplica\u00e7\u00e3o.<\/p>\n<p>Sempre utilizamos materiais de alta qualidade e tecnologias de ponta para garantir a durabilidade e confiabilidade de nossos transportadores por gravidade e rolos. Para isso, a equipe de especialistas em engenharia trabalha em estreita colabora\u00e7\u00e3o com o cliente para entender suas necessidades e oferecer solu\u00e7\u00f5es que superem suas expectativas.<\/p>\n<p><strong>Dados necess\u00e1rios para oferecer:<\/strong><\/p>\n<ul>\n<li>Largura \u00fatil (mm)<\/li>\n<li>Comprimento (mm)<\/li>\n<li>Altura de transporte (mm)<\/li>\n<li>Dimens\u00f5es do produto a ser transportado (Altura, largura e comprimento)<\/li>\n<li>Peso do produto a ser transportado (kg)<\/li>\n<li>Corrim\u00e3os (Sim\/N\u00e3o)<\/li>\n<li>Parada final (Sim\/N\u00e3o)<\/li>\n<li>Acabamento (RAL\/Zincado\/Inox)<\/li>\n<li>Outras informa\u00e7\u00f5es adicionais<\/li>\n<\/ul>\n","protected":false},"excerpt":{"rendered":"<p>Esses transportadores foram projetados para facilitar o fluxo cont\u00ednuo de materiais e produtos em ambientes industriais, otimizando os processos de produ\u00e7\u00e3o e log\u00edstica. Os transportadores de rolos gravitacionais adaptam-se \u00e0s necessidades espec\u00edficas de cada cliente. Quer necessite transportar cargas leves ou pesadas, artigos grandes ou pequenos. Al\u00e9m disso, os sistemas podem ser personalizados em termos &hellip; <a href=\"https:\/\/eurotransis.com\/pt-pt\/loja\/fabricante-transportadores-rolos-pt\/transportadores-rolos-direitos-pt\/de-gravidade-pt\/transporte-ligeiro-pt\/transportador-de-rolos-de-gravidade\/\">Veja mais<\/a><\/p>\n","protected":false},"featured_media":13084,"comment_status":"closed","ping_status":"closed","template":"","meta":[],"product_brand":[],"product_cat":[644],"product_tag":[],"class_list":{"0":"post-3921","1":"product","2":"type-product","3":"status-publish","4":"has-post-thumbnail","6":"product_cat-transporte-ligeiro-pt","8":"first","9":"instock","10":"shipping-taxable","11":"product-type-simple"},"_links":{"self":[{"href":"https:\/\/eurotransis.com\/pt-pt\/wp-json\/wp\/v2\/product\/3921","targetHints":{"allow":["GET"]}}],"collection":[{"href":"https:\/\/eurotransis.com\/pt-pt\/wp-json\/wp\/v2\/product"}],"about":[{"href":"https:\/\/eurotransis.com\/pt-pt\/wp-json\/wp\/v2\/types\/product"}],"replies":[{"embeddable":true,"href":"https:\/\/eurotransis.com\/pt-pt\/wp-json\/wp\/v2\/comments?post=3921"}],"wp:featuredmedia":[{"embeddable":true,"href":"https:\/\/eurotransis.com\/pt-pt\/wp-json\/wp\/v2\/media\/13084"}],"wp:attachment":[{"href":"https:\/\/eurotransis.com\/pt-pt\/wp-json\/wp\/v2\/media?parent=3921"}],"wp:term":[{"taxonomy":"product_brand","embeddable":true,"href":"https:\/\/eurotransis.com\/pt-pt\/wp-json\/wp\/v2\/product_brand?post=3921"},{"taxonomy":"product_cat","embeddable":true,"href":"https:\/\/eurotransis.com\/pt-pt\/wp-json\/wp\/v2\/product_cat?post=3921"},{"taxonomy":"product_tag","embeddable":true,"href":"https:\/\/eurotransis.com\/pt-pt\/wp-json\/wp\/v2\/product_tag?post=3921"}],"curies":[{"name":"wp","href":"https:\/\/api.w.org\/{rel}","templated":true}]}}