{"id":3926,"date":"2016-04-25T09:59:48","date_gmt":"2016-04-25T09:59:48","guid":{"rendered":"http:\/\/eurotransis.com\/pt-pt\/tienda\/sin%20categorizar\/mesa-de-bolas-transportadoras\/"},"modified":"2024-10-10T11:11:49","modified_gmt":"2024-10-10T09:11:49","slug":"mesa-de-bola-transportadora","status":"publish","type":"product","link":"https:\/\/eurotransis.com\/pt-pt\/loja\/fabricante-transportadores-rolos-pt\/outras-solucoes-pt\/mesas-de-bolas-pt\/mesa-de-bola-transportadora\/","title":{"rendered":"Mesa de bola transportadora"},"content":{"rendered":"<p>Como fabricantes especializados, temos orgulho de oferecer produtos de alta qualidade, como mesas transportadoras de esferas, que s\u00e3o projetadas para atender \u00e0s necessidades, facilitar o fluxo cont\u00ednuo de materiais e produtos, otimizando os processos produtivos e log\u00edsticos.<\/p>\n<p>Utilizamos sempre materiais de primeira qualidade e tecnologias de ponta para garantir a durabilidade e confiabilidade de nossos produtos. Para isso, a equipe de especialistas em engenharia trabalha em estreita colabora\u00e7\u00e3o com o cliente para entender suas necessidades e oferecer solu\u00e7\u00f5es que superem suas expectativas.<\/p>\n<p><strong>Dados necess\u00e1rios para oferecer:<\/strong><\/p>\n<ul>\n<li>Comprimento (mm)<\/li>\n<li>Largura \u00fatil (mm)<\/li>\n<li>Di\u00e2metro das bolas dw<\/li>\n<li>Di\u00e2metro do corpo D<\/li>\n<li>Di\u00e2metro do suporte D1<\/li>\n<li>Altura total H<\/li>\n<li>Altura acima da superf\u00edcie de apoio<\/li>\n<li>Dimens\u00f5es do produto a ser transportado (Altura, largura e comprimento)<\/li>\n<li>Peso do produto a ser transportado<\/li>\n<li>Grades laterais (Sim\/N\u00e3o)<\/li>\n<li>Dados adicionais<\/li>\n<\/ul>\n","protected":false},"excerpt":{"rendered":"<p>Como fabricantes especializados, temos orgulho de oferecer produtos de alta qualidade, como mesas transportadoras de esferas, que s\u00e3o projetadas para atender \u00e0s necessidades, facilitar o fluxo cont\u00ednuo de materiais e produtos, otimizando os processos produtivos e log\u00edsticos. Utilizamos sempre materiais de primeira qualidade e tecnologias de ponta para garantir a durabilidade e confiabilidade de nossos &hellip; <a href=\"https:\/\/eurotransis.com\/pt-pt\/loja\/fabricante-transportadores-rolos-pt\/outras-solucoes-pt\/mesas-de-bolas-pt\/mesa-de-bola-transportadora\/\">Veja mais<\/a><\/p>\n","protected":false},"featured_media":17157,"comment_status":"closed","ping_status":"closed","template":"","meta":[],"product_brand":[],"product_cat":[603,586],"product_tag":[],"class_list":{"0":"post-3926","1":"product","2":"type-product","3":"status-publish","4":"has-post-thumbnail","6":"product_cat-mesas-de-bolas-pt","7":"product_cat-outras-solucoes-pt","9":"first","10":"instock","11":"shipping-taxable","12":"product-type-simple"},"_links":{"self":[{"href":"https:\/\/eurotransis.com\/pt-pt\/wp-json\/wp\/v2\/product\/3926","targetHints":{"allow":["GET"]}}],"collection":[{"href":"https:\/\/eurotransis.com\/pt-pt\/wp-json\/wp\/v2\/product"}],"about":[{"href":"https:\/\/eurotransis.com\/pt-pt\/wp-json\/wp\/v2\/types\/product"}],"replies":[{"embeddable":true,"href":"https:\/\/eurotransis.com\/pt-pt\/wp-json\/wp\/v2\/comments?post=3926"}],"wp:featuredmedia":[{"embeddable":true,"href":"https:\/\/eurotransis.com\/pt-pt\/wp-json\/wp\/v2\/media\/17157"}],"wp:attachment":[{"href":"https:\/\/eurotransis.com\/pt-pt\/wp-json\/wp\/v2\/media?parent=3926"}],"wp:term":[{"taxonomy":"product_brand","embeddable":true,"href":"https:\/\/eurotransis.com\/pt-pt\/wp-json\/wp\/v2\/product_brand?post=3926"},{"taxonomy":"product_cat","embeddable":true,"href":"https:\/\/eurotransis.com\/pt-pt\/wp-json\/wp\/v2\/product_cat?post=3926"},{"taxonomy":"product_tag","embeddable":true,"href":"https:\/\/eurotransis.com\/pt-pt\/wp-json\/wp\/v2\/product_tag?post=3926"}],"curies":[{"name":"wp","href":"https:\/\/api.w.org\/{rel}","templated":true}]}}