{"id":3936,"date":"2016-04-25T09:46:08","date_gmt":"2016-04-25T09:46:08","guid":{"rendered":"http:\/\/eurotransis.com\/pt-pt\/tienda\/sin%20categorizar\/extensible-de-roldanas-metalicas\/"},"modified":"2024-10-10T07:11:04","modified_gmt":"2024-10-10T05:11:04","slug":"extensivel-roldanas-metalico","status":"publish","type":"product","link":"https:\/\/eurotransis.com\/pt-pt\/loja\/fabricante-transportadores-rolos-pt\/transportadores-extensiveis-pt\/extensiveis-roldanas-pt\/extensivel-roldanas-metalico\/","title":{"rendered":"Extens\u00edvel com roldanas em met\u00e1lico"},"content":{"rendered":"<p>Os transportadores extens\u00edveis s\u00e3o idealmente utilizados para aqueles pontos da instala\u00e7\u00e3o onde n\u00e3o podemos ter um transportador fixo ou com pontos de carga e descarga vari\u00e1veis. A fam\u00edlia desses transportadores \u00e9 classificada em:<\/p>\n<ul>\n<li>Transportador extensivel de rolos met\u00e1licos<\/li>\n<li>Transportador extensivel de rolos termopl\u00e1sticos<\/li>\n<li>Transportador extensivel de roldanas met\u00e1licos<\/li>\n<li>Transportador extensivel de roldanas termopl\u00e1sticos<\/li>\n<\/ul>\n<p><em>*Disponibilidade: Transportador extensivel de rolos de metal\u00a0 motorizado<\/em><\/p>\n<p>Os transportadores extensiveis de roldanas s\u00e3o uma op\u00e7\u00e3o vers\u00e1til e altamente funcional para otimizar o transporte de materiais em ambientes industriais.<\/p>\n<p>Eles s\u00e3o fabricados com materiais dur\u00e1veis \u200b\u200be tecnologia de ponta para garantir sua resist\u00eancia e desempenho confi\u00e1vel em ambientes industriais exigentes. Desde a escolha das roldanas at\u00e9 a configura\u00e7\u00e3o do sistema de extens\u00e3o e retra\u00e7\u00e3o, garantimos que nossos transportadores extens\u00edveis de roldanas atendam aos mais altos padr\u00f5es de qualidade.<\/p>\n<p>Comprimentos padronizados para 2.300 mm \u2013 3.700 mm \u2013 5.000 mm estendidos.\u00a0Tendo em conta que atrav\u00e9s da uni\u00e3o de placas podemos obter comprimentos superiores aos indicados.<\/p>\n<p><strong>Dados necess\u00e1rios para oferecer:<\/strong><\/p>\n<ul>\n<li>Comprimento aberto (mm)<\/li>\n<li>Comprimento fechado (mm)<\/li>\n<li>Largura (mm)<\/li>\n<li>Roldana (Metal \/ PVC)<\/li>\n<li>Altura de trabalho (580-800 mm \/ 750-1.150 mm)<\/li>\n<li>Dados adicionais<\/li>\n<\/ul>\n","protected":false},"excerpt":{"rendered":"<p>Os transportadores extens\u00edveis s\u00e3o idealmente utilizados para aqueles pontos da instala\u00e7\u00e3o onde n\u00e3o podemos ter um transportador fixo ou com pontos de carga e descarga vari\u00e1veis. A fam\u00edlia desses transportadores \u00e9 classificada em: Transportador extensivel de rolos met\u00e1licos Transportador extensivel de rolos termopl\u00e1sticos Transportador extensivel de roldanas met\u00e1licos Transportador extensivel de roldanas termopl\u00e1sticos *Disponibilidade: Transportador &hellip; <a href=\"https:\/\/eurotransis.com\/pt-pt\/loja\/fabricante-transportadores-rolos-pt\/transportadores-extensiveis-pt\/extensiveis-roldanas-pt\/extensivel-roldanas-metalico\/\">Veja mais<\/a><\/p>\n","protected":false},"featured_media":13024,"comment_status":"closed","ping_status":"closed","template":"","meta":[],"product_brand":[],"product_cat":[575],"product_tag":[],"class_list":{"0":"post-3936","1":"product","2":"type-product","3":"status-publish","4":"has-post-thumbnail","6":"product_cat-extensiveis-roldanas-pt","8":"first","9":"instock","10":"shipping-taxable","11":"product-type-simple"},"_links":{"self":[{"href":"https:\/\/eurotransis.com\/pt-pt\/wp-json\/wp\/v2\/product\/3936","targetHints":{"allow":["GET"]}}],"collection":[{"href":"https:\/\/eurotransis.com\/pt-pt\/wp-json\/wp\/v2\/product"}],"about":[{"href":"https:\/\/eurotransis.com\/pt-pt\/wp-json\/wp\/v2\/types\/product"}],"replies":[{"embeddable":true,"href":"https:\/\/eurotransis.com\/pt-pt\/wp-json\/wp\/v2\/comments?post=3936"}],"wp:featuredmedia":[{"embeddable":true,"href":"https:\/\/eurotransis.com\/pt-pt\/wp-json\/wp\/v2\/media\/13024"}],"wp:attachment":[{"href":"https:\/\/eurotransis.com\/pt-pt\/wp-json\/wp\/v2\/media?parent=3936"}],"wp:term":[{"taxonomy":"product_brand","embeddable":true,"href":"https:\/\/eurotransis.com\/pt-pt\/wp-json\/wp\/v2\/product_brand?post=3936"},{"taxonomy":"product_cat","embeddable":true,"href":"https:\/\/eurotransis.com\/pt-pt\/wp-json\/wp\/v2\/product_cat?post=3936"},{"taxonomy":"product_tag","embeddable":true,"href":"https:\/\/eurotransis.com\/pt-pt\/wp-json\/wp\/v2\/product_tag?post=3936"}],"curies":[{"name":"wp","href":"https:\/\/api.w.org\/{rel}","templated":true}]}}