{"id":3937,"date":"2016-04-25T09:45:08","date_gmt":"2016-04-25T09:45:08","guid":{"rendered":"http:\/\/eurotransis.com\/pt-pt\/tienda\/sin%20categorizar\/extensible-de-rodillos-metalicos\/"},"modified":"2024-10-10T07:09:41","modified_gmt":"2024-10-10T05:09:41","slug":"extensivel-rolos-metalico","status":"publish","type":"product","link":"https:\/\/eurotransis.com\/pt-pt\/loja\/fabricante-transportadores-rolos-pt\/transportadores-extensiveis-pt\/extensiveis-de-rolos-pt\/extensivel-rolos-metalico\/","title":{"rendered":"Extens\u00edvel com rolos em met\u00e1lico"},"content":{"rendered":"<p>Os transportadores extens\u00edveis s\u00e3o idealmente utilizados para aqueles pontos da instala\u00e7\u00e3o onde n\u00e3o podemos ter um transportador fixo ou com pontos de carga e descarga vari\u00e1veis. A fam\u00edlia desses transportadores \u00e9 classificada em:<\/p>\n<ul>\n<li>Transportador extensivel de rolos met\u00e1licos<\/li>\n<li>Transportador extensivel de rolos termopl\u00e1sticos<\/li>\n<li>Transportador extensivel de roldanas met\u00e1licos<\/li>\n<li>Transportador extensivel de roldanas termopl\u00e1sticos<\/li>\n<\/ul>\n<p><em>*Disponibilidade: Transportador de rolos de metal extens\u00edvel motorizado<\/em><\/p>\n<p>Os transportadores de rolos extens\u00edveis s\u00e3o uma solu\u00e7\u00e3o vers\u00e1til e altamente funcional para otimizar o fluxo de materiais leves em uma linha de produ\u00e7\u00e3o. Esses transportadores s\u00e3o compostos por uma s\u00e9rie de rolos conectados que permitem a extens\u00e3o ou retra\u00e7\u00e3o de acordo com a necessidade de carga e o espa\u00e7o dispon\u00edvel na planta.<\/p>\n<p>Eles s\u00e3o fabricados com rolos dur\u00e1veis \u200b\u200bde metal ou PVC, garantindo resist\u00eancia e desempenho confi\u00e1vel em ambientes industriais exigentes.<\/p>\n<p>Comprimentos padronizados para 2.300 mm \u2013 3.700 mm \u2013 5.000 mm estendidos.\u00a0Tendo em conta que atrav\u00e9s da uni\u00e3o de placas podemos obter comprimentos superiores aos indicados.<\/p>\n<p><strong>Dados necess\u00e1rios para oferecer:<\/strong><\/p>\n<ul>\n<li>Comprimento aberto (mm)<\/li>\n<li>Comprimento fechado (mm)<\/li>\n<li>Largura (mm)<\/li>\n<li>Rolo (Zincado\/PVC\/Inox)<\/li>\n<li>Altura de trabalho (580-800 mm \/ 750-1.150 mm)<\/li>\n<li>Dados adicionais<\/li>\n<\/ul>\n","protected":false},"excerpt":{"rendered":"<p>Os transportadores extens\u00edveis s\u00e3o idealmente utilizados para aqueles pontos da instala\u00e7\u00e3o onde n\u00e3o podemos ter um transportador fixo ou com pontos de carga e descarga vari\u00e1veis. A fam\u00edlia desses transportadores \u00e9 classificada em: Transportador extensivel de rolos met\u00e1licos Transportador extensivel de rolos termopl\u00e1sticos Transportador extensivel de roldanas met\u00e1licos Transportador extensivel de roldanas termopl\u00e1sticos *Disponibilidade: Transportador &hellip; <a href=\"https:\/\/eurotransis.com\/pt-pt\/loja\/fabricante-transportadores-rolos-pt\/transportadores-extensiveis-pt\/extensiveis-de-rolos-pt\/extensivel-rolos-metalico\/\">Veja mais<\/a><\/p>\n","protected":false},"featured_media":14701,"comment_status":"closed","ping_status":"closed","template":"","meta":[],"product_brand":[],"product_cat":[567],"product_tag":[],"class_list":{"0":"post-3937","1":"product","2":"type-product","3":"status-publish","4":"has-post-thumbnail","6":"product_cat-extensiveis-de-rolos-pt","8":"first","9":"instock","10":"shipping-taxable","11":"product-type-simple"},"_links":{"self":[{"href":"https:\/\/eurotransis.com\/pt-pt\/wp-json\/wp\/v2\/product\/3937","targetHints":{"allow":["GET"]}}],"collection":[{"href":"https:\/\/eurotransis.com\/pt-pt\/wp-json\/wp\/v2\/product"}],"about":[{"href":"https:\/\/eurotransis.com\/pt-pt\/wp-json\/wp\/v2\/types\/product"}],"replies":[{"embeddable":true,"href":"https:\/\/eurotransis.com\/pt-pt\/wp-json\/wp\/v2\/comments?post=3937"}],"wp:featuredmedia":[{"embeddable":true,"href":"https:\/\/eurotransis.com\/pt-pt\/wp-json\/wp\/v2\/media\/14701"}],"wp:attachment":[{"href":"https:\/\/eurotransis.com\/pt-pt\/wp-json\/wp\/v2\/media?parent=3937"}],"wp:term":[{"taxonomy":"product_brand","embeddable":true,"href":"https:\/\/eurotransis.com\/pt-pt\/wp-json\/wp\/v2\/product_brand?post=3937"},{"taxonomy":"product_cat","embeddable":true,"href":"https:\/\/eurotransis.com\/pt-pt\/wp-json\/wp\/v2\/product_cat?post=3937"},{"taxonomy":"product_tag","embeddable":true,"href":"https:\/\/eurotransis.com\/pt-pt\/wp-json\/wp\/v2\/product_tag?post=3937"}],"curies":[{"name":"wp","href":"https:\/\/api.w.org\/{rel}","templated":true}]}}