{"id":3979,"date":"2016-04-22T09:09:48","date_gmt":"2016-04-22T09:09:48","guid":{"rendered":"http:\/\/eurotransis.com\/pt-pt\/tienda\/sin%20categorizar\/serie-em-561-con\/"},"modified":"2024-09-30T09:15:27","modified_gmt":"2024-09-30T07:15:27","slug":"serie-em-561-con","status":"publish","type":"product","link":"https:\/\/eurotransis.com\/pt-pt\/loja\/rolos-pt\/para-transporte-motorizado-pt\/rolos-motorizados-serie-ligeira-pt\/transmissao-por-corrente-pt\/transmissao-por-corrente-carreto-metalico-pt\/serie-em-561-con\/","title":{"rendered":"Rolo s\u00e9rie EM-561"},"content":{"rendered":"<table style=\"height: 201px\" width=\"1275\">\n<tbody>\n<tr>\n<td style=\"text-align: center;width: 563px\" colspan=\"5\"><strong>\u00d8 TUBO<\/strong><\/td>\n<td style=\"text-align: center;width: 643px\" colspan=\"2\"><strong>\u00d8 EIXO\u00a0<\/strong><\/td>\n<\/tr>\n<tr>\n<td style=\"width: 180px\"><strong>S\u00c9RIE<\/strong><\/td>\n<td style=\"width: 179px\"><strong>\u00d8 (mm)<\/strong><\/td>\n<td style=\"width: 67px\"><strong>ST<\/strong><\/td>\n<td style=\"width: 86px\"><strong>STI<\/strong><\/td>\n<td style=\"width: 51px\"><strong>N<\/strong><\/td>\n<td style=\"width: 319px\"><strong>8<\/strong><\/td>\n<td style=\"width: 324px\"><b>10<\/b><\/td>\n<\/tr>\n<tr>\n<td style=\"width: 180px\"><strong>56*-250<\/strong><\/td>\n<td style=\"width: 179px\"><strong>30&#215;1.5<br \/>\n<\/strong><\/td>\n<td style=\"width: 67px\">SI<\/td>\n<td style=\"width: 86px\">SI<\/td>\n<td style=\"width: 51px\">SI<\/td>\n<td style=\"width: 319px\">SI<\/td>\n<td style=\"width: 324px\">SI<\/td>\n<\/tr>\n<tr>\n<td style=\"width: 563px\" colspan=\"5\"><strong>Cabe\u00e7a met\u00e1lica embutida<\/strong><strong><strong><img loading=\"lazy\" decoding=\"async\" class=\"size-full wp-image-926 alignleft\" src=\"https:\/\/eurotransis.com\/wp-content\/uploads\/2016\/04\/cabezal.png\" alt=\"cabezal\" width=\"101\" height=\"72\" \/><\/strong><\/strong><\/td>\n<td style=\"width: 643px\" colspan=\"2\">\n<p><strong><img loading=\"lazy\" decoding=\"async\" class=\"size-full wp-image-819 alignleft\" src=\"https:\/\/eurotransis.com\/wp-content\/uploads\/2016\/04\/rodillos-traccionados.png\" alt=\"rodillos traccionados\" width=\"100\" height=\"72\" srcset=\"https:\/\/eurotransis.com\/wp-content\/uploads\/2016\/04\/rodillos-traccionados.png 100w, https:\/\/eurotransis.com\/wp-content\/uploads\/2016\/04\/rodillos-traccionados-64x46.png 64w\" sizes=\"auto, (max-width: 100px) 100vw, 100px\" \/>Simples<\/strong><\/p>\n<p><strong>Z12 &#8211; 3\/8&#8243;<br \/>\n<\/strong><\/td>\n<\/tr>\n<tr>\n<td style=\"width: 563px\" colspan=\"5\"><strong><strong> <img loading=\"lazy\" decoding=\"async\" class=\"alignleft wp-image-1540 \" src=\"https:\/\/eurotransis.com\/wp-content\/uploads\/2016\/04\/curva-motorizada-150x150.png\" alt=\"curva motorizada\" width=\"100\" height=\"100\" \/><\/strong><\/strong><\/p>\n<p id=\"tw-target-text\" class=\"tw-data-text vk_txt tw-ta tw-text-medium\" dir=\"ltr\" data-placeholder=\"Translation\"><strong>Curvas Ri = 500 mm<\/strong><\/p>\n<p class=\"tw-data-text vk_txt tw-ta tw-text-medium\" dir=\"ltr\" data-placeholder=\"Translation\"><strong>Fixo<\/strong><\/p>\n<\/td>\n<td style=\"width: 643px\" colspan=\"2\">\n<p><strong><img loading=\"lazy\" decoding=\"async\" class=\"size-full wp-image-930 alignleft\" src=\"https:\/\/eurotransis.com\/wp-content\/uploads\/2016\/04\/fuerza.png\" alt=\"fuerza\" width=\"100\" height=\"72\" srcset=\"https:\/\/eurotransis.com\/wp-content\/uploads\/2016\/04\/fuerza.png 100w, https:\/\/eurotransis.com\/wp-content\/uploads\/2016\/04\/fuerza-64x46.png 64w\" sizes=\"auto, (max-width: 100px) 100vw, 100px\" \/>EM-561 FRIC\u00c7\u00c3O\u00a0 \u00a0\u2013 10 daN\/Cabe\u00e7a<\/strong><\/p>\n<p><strong>EM-562 FIXO\u00a0 \u00a0 \u00a0 \u00a0 \u00a0 \u00a0\u2013 10 daN\/Cabe\u00e7a<\/strong><\/p>\n<p><strong>EM-563 SOLDADO \u2013 40 daN\/Cabe\u00e7a<\/strong><\/td>\n<\/tr>\n<\/tbody>\n<\/table>\n<p>A tabela a seguir representa os comprimentos de cada elemento c\u00f4nico padr\u00e3o, bem como os maiores e menores di\u00e2metros de cada cone. O menor di\u00e2metro do cone ser\u00e1 sempre de 34 mm. e o maior ser\u00e1 condicionado pela quantidade de cones que forem montados. Por exemplo, se EMT-1 a EMT-5 forem montados, o comprimento \u00fatil do rolo c\u00f4nico ser\u00e1 de 483 mm. (a soma dos 5 elementos c\u00f4nicos) e o maior di\u00e2metro do cone ser\u00e1 de 67 mm.<\/p>\n<table style=\"border-collapse: collapse;width: 100%\" border=\"1\">\n<tbody>\n<tr style=\"height: 24px\">\n<td style=\"width: 7.61975%;height: 24px;text-align: center\"><strong>CARA<\/strong><\/td>\n<td style=\"width: 32.3802%;height: 24px;text-align: center\"><strong>\u00d8 TUBO (mm)<\/strong><\/td>\n<td style=\"width: 20%;height: 24px;text-align: center\"><strong>\u00d8 MAX. (mm)<\/strong><\/td>\n<td style=\"width: 20%;height: 24px;text-align: center\"><strong>\u00d8 MIN. (mm)<\/strong><\/td>\n<td style=\"width: 8.5041%;height: 24px;text-align: center\"><strong>L (mm)<\/strong><\/td>\n<\/tr>\n<tr style=\"height: 24px\">\n<td style=\"width: 7.61975%;height: 24px;text-align: center\">EMT-1<\/td>\n<td style=\"width: 32.3802%;height: 24px;text-align: center\">30<\/td>\n<td style=\"width: 20%;height: 24px;text-align: center\">39.6<\/td>\n<td style=\"width: 20%;height: 24px;text-align: center\">34<\/td>\n<td style=\"width: 8.5041%;height: 24px;text-align: center\">83<\/td>\n<\/tr>\n<tr style=\"height: 24px\">\n<td style=\"width: 7.61975%;height: 24px;text-align: center\">EMT-2<\/td>\n<td style=\"width: 32.3802%;height: 24px;text-align: center\">30<\/td>\n<td style=\"width: 20%;height: 24px;text-align: center\">46.4<\/td>\n<td style=\"width: 20%;height: 24px;text-align: center\">39.6<\/td>\n<td style=\"width: 8.5041%;height: 24px;text-align: center\">100<\/td>\n<\/tr>\n<tr style=\"height: 24px\">\n<td style=\"width: 7.61975%;height: 24px;text-align: center\">EMT-3<\/td>\n<td style=\"width: 32.3802%;height: 24px;text-align: center\">30<\/td>\n<td style=\"width: 20%;height: 24px;text-align: center\">53.2<\/td>\n<td style=\"width: 20%;height: 24px;text-align: center\">46.4<\/td>\n<td style=\"width: 8.5041%;height: 24px;text-align: center\">100<\/td>\n<\/tr>\n<tr style=\"height: 24px\">\n<td style=\"width: 7.61975%;height: 24px;text-align: center\">EMT-4<\/td>\n<td style=\"width: 32.3802%;height: 24px;text-align: center\">30<\/td>\n<td style=\"width: 20%;height: 24px;text-align: center\">59.9<\/td>\n<td style=\"width: 20%;height: 24px;text-align: center\">53.2<\/td>\n<td style=\"width: 8.5041%;height: 24px;text-align: center\">100<\/td>\n<\/tr>\n<tr style=\"height: 24px\">\n<td style=\"width: 7.61975%;height: 24px;text-align: center\">EMT-5<\/td>\n<td style=\"width: 32.3802%;height: 24px;text-align: center\">30<\/td>\n<td style=\"width: 20%;height: 24px;text-align: center\">66.7<\/td>\n<td style=\"width: 20%;height: 24px;text-align: center\">59.9<\/td>\n<td style=\"width: 8.5041%;height: 24px;text-align: center\">100<\/td>\n<\/tr>\n<tr style=\"height: 24px\">\n<td style=\"width: 7.61975%;height: 24px;text-align: center\">EMT-6<\/td>\n<td style=\"width: 32.3802%;height: 24px;text-align: center\">30<\/td>\n<td style=\"width: 20%;height: 24px;text-align: center\">73.5<\/td>\n<td style=\"width: 20%;height: 24px;text-align: center\">66.7<\/td>\n<td style=\"width: 8.5041%;height: 24px;text-align: center\">100<\/td>\n<\/tr>\n<tr style=\"height: 91px\">\n<td style=\"width: 59.9999%;text-align: left;vertical-align: top;height: 91px\" colspan=\"3\"><strong><img loading=\"lazy\" decoding=\"async\" class=\"alignleft wp-image-1540 \" src=\"https:\/\/eurotransis.com\/wp-content\/uploads\/2016\/04\/curva-motorizada-150x150.png\" alt=\"curva motorizada\" width=\"91\" height=\"91\" \/>Curvas de raio interior = 500 mm.<\/strong><\/td>\n<td style=\"width: 28.5041%;text-align: left;height: 91px\" colspan=\"2\"><strong><img loading=\"lazy\" decoding=\"async\" class=\"size-full wp-image-926 alignleft\" src=\"https:\/\/eurotransis.com\/wp-content\/uploads\/2016\/04\/cabezal.png\" alt=\"cabezal\" width=\"101\" height=\"72\" \/>Polipropileno<\/strong><\/td>\n<\/tr>\n<\/tbody>\n<\/table>\n<p>&nbsp;<\/p>\n","protected":false},"excerpt":{"rendered":"<p id=\"tw-target-text\" class=\"tw-data-text vk_txt tw-ta tw-text-small\" dir=\"ltr\" data-placeholder=\"Translation\">O rolo transportador Roltia EM-561 \u00e9 um rolo c\u00f4nico acionado por uma simples roda dentada de a\u00e7o Z-12 3\/8&#8243;. A roda dentada, que \u00e9 fixada ao tubo, permite a transmiss\u00e3o por corrente conforme a norma DIN-8187. \u00c9 fabricado com Elementos c\u00f4nicos termopl\u00e1sticos para curva de raio interno de 500 mm.<\/p>\n","protected":false},"featured_media":12774,"comment_status":"closed","ping_status":"closed","template":"","meta":[],"product_brand":[],"product_cat":[685],"product_tag":[],"class_list":{"0":"post-3979","1":"product","2":"type-product","3":"status-publish","4":"has-post-thumbnail","6":"product_cat-transmissao-por-corrente-carreto-metalico-pt","8":"first","9":"instock","10":"shipping-taxable","11":"product-type-simple"},"_links":{"self":[{"href":"https:\/\/eurotransis.com\/pt-pt\/wp-json\/wp\/v2\/product\/3979","targetHints":{"allow":["GET"]}}],"collection":[{"href":"https:\/\/eurotransis.com\/pt-pt\/wp-json\/wp\/v2\/product"}],"about":[{"href":"https:\/\/eurotransis.com\/pt-pt\/wp-json\/wp\/v2\/types\/product"}],"replies":[{"embeddable":true,"href":"https:\/\/eurotransis.com\/pt-pt\/wp-json\/wp\/v2\/comments?post=3979"}],"wp:featuredmedia":[{"embeddable":true,"href":"https:\/\/eurotransis.com\/pt-pt\/wp-json\/wp\/v2\/media\/12774"}],"wp:attachment":[{"href":"https:\/\/eurotransis.com\/pt-pt\/wp-json\/wp\/v2\/media?parent=3979"}],"wp:term":[{"taxonomy":"product_brand","embeddable":true,"href":"https:\/\/eurotransis.com\/pt-pt\/wp-json\/wp\/v2\/product_brand?post=3979"},{"taxonomy":"product_cat","embeddable":true,"href":"https:\/\/eurotransis.com\/pt-pt\/wp-json\/wp\/v2\/product_cat?post=3979"},{"taxonomy":"product_tag","embeddable":true,"href":"https:\/\/eurotransis.com\/pt-pt\/wp-json\/wp\/v2\/product_tag?post=3979"}],"curies":[{"name":"wp","href":"https:\/\/api.w.org\/{rel}","templated":true}]}}