{"id":3980,"date":"2016-04-22T09:07:06","date_gmt":"2016-04-22T09:07:06","guid":{"rendered":"http:\/\/eurotransis.com\/pt-pt\/tienda\/sin%20categorizar\/serie-em-555\/"},"modified":"2024-09-30T09:03:13","modified_gmt":"2024-09-30T07:03:13","slug":"serie-em-555","status":"publish","type":"product","link":"https:\/\/eurotransis.com\/pt-pt\/loja\/rolos-pt\/para-transporte-motorizado-pt\/rolos-motorizados-serie-ligeira-pt\/transmissao-por-corrente-pt\/transmissao-por-corrente-carreto-metalico-pt\/serie-em-555\/","title":{"rendered":"Rolo S\u00e9rie EM-555"},"content":{"rendered":"<table style=\"height: 201px\" width=\"1275\">\n<tbody>\n<tr>\n<td style=\"text-align: center\" colspan=\"7\"><strong>\u00d8 TUBO<\/strong><\/td>\n<td style=\"text-align: center\" colspan=\"2\"><strong>\u00d8 EIXO\u00a0<\/strong><\/td>\n<\/tr>\n<tr>\n<td><strong>S\u00c9RIE<\/strong><\/td>\n<td><strong>\u00d8 (mm)<\/strong><\/td>\n<td><strong>ST<\/strong><\/td>\n<td><strong>STI<\/strong><\/td>\n<td><strong>N<\/strong><\/td>\n<td><strong>ALU<\/strong><\/td>\n<td><strong>GAL<\/strong><\/td>\n<td><strong>12<\/strong><\/td>\n<td><b>14<\/b><\/td>\n<\/tr>\n<tr>\n<td><strong>55*-101<\/strong><\/td>\n<td><strong>50&#215;1.5<br \/>\n<\/strong><\/td>\n<td>SI<\/td>\n<td>SI<\/td>\n<td>SI<\/td>\n<td>SI<\/td>\n<td>SI<\/td>\n<td>SI<\/td>\n<td><\/td>\n<\/tr>\n<tr>\n<td><strong>55*-103<\/strong><\/td>\n<td><strong>50&#215;1.5<\/strong><\/td>\n<td>SI<\/td>\n<td>SI<\/td>\n<td>SI<\/td>\n<td>SI<\/td>\n<td>SI<\/td>\n<td>SI<\/td>\n<td><\/td>\n<\/tr>\n<tr>\n<td><strong>55*-230<\/strong><\/td>\n<td><strong>50&#215;1.5<\/strong><\/td>\n<td>SI<\/td>\n<td>SI<\/td>\n<td>SI<\/td>\n<td>SI<\/td>\n<td>SI<\/td>\n<td>SI<\/td>\n<td><\/td>\n<\/tr>\n<tr>\n<td><strong>55*-310<\/strong><\/td>\n<td><strong>50&#215;1.5<\/strong><\/td>\n<td>SI<\/td>\n<td>SI<\/td>\n<td>SI<\/td>\n<td>SI<\/td>\n<td>SI<\/td>\n<td>SI<\/td>\n<td>SI<\/td>\n<\/tr>\n<tr>\n<td colspan=\"7\"><strong><img loading=\"lazy\" decoding=\"async\" class=\"size-full wp-image-926 alignleft\" src=\"https:\/\/eurotransis.com\/wp-content\/uploads\/2016\/04\/cabezal.png\" alt=\"cabezal\" width=\"101\" height=\"72\" \/>Cabe\u00e7a met\u00e1lica soldada<br \/>\n<\/strong><\/td>\n<td colspan=\"2\"><strong><img loading=\"lazy\" decoding=\"async\" class=\"size-full wp-image-819 alignleft\" src=\"https:\/\/eurotransis.com\/wp-content\/uploads\/2016\/04\/rodillos-traccionados.png\" alt=\"rodillos traccionados\" width=\"100\" height=\"72\" srcset=\"https:\/\/eurotransis.com\/wp-content\/uploads\/2016\/04\/rodillos-traccionados.png 100w, https:\/\/eurotransis.com\/wp-content\/uploads\/2016\/04\/rodillos-traccionados-64x46.png 64w\" sizes=\"auto, (max-width: 100px) 100vw, 100px\" \/>Simples<br \/>\n<\/strong><\/p>\n<p><strong>Z14 &#8211; 1\/2&#8243;<br \/>\n<\/strong><\/td>\n<\/tr>\n<tr>\n<td colspan=\"7\"><strong> <img loading=\"lazy\" decoding=\"async\" class=\"alignleft wp-image-1540 \" src=\"https:\/\/eurotransis.com\/wp-content\/uploads\/2016\/04\/curva-motorizada-150x150.png\" alt=\"curva motorizada\" width=\"100\" height=\"100\" \/>Curvas Ri = 800 mm<br \/>\n<\/strong><\/p>\n<p><strong>Soldada<\/strong><\/p>\n<p><strong>\u00a0<\/strong><\/td>\n<td colspan=\"2\">\n<p><strong><img loading=\"lazy\" decoding=\"async\" class=\"size-full wp-image-930 alignleft\" src=\"https:\/\/eurotransis.com\/wp-content\/uploads\/2016\/04\/fuerza.png\" alt=\"fuerza\" width=\"100\" height=\"72\" srcset=\"https:\/\/eurotransis.com\/wp-content\/uploads\/2016\/04\/fuerza.png 100w, https:\/\/eurotransis.com\/wp-content\/uploads\/2016\/04\/fuerza-64x46.png 64w\" sizes=\"auto, (max-width: 100px) 100vw, 100px\" \/>EM-553 FRIC\u00c7\u00c3O\u00a0 \u2013 10 daN\/Cabe\u00e7a<\/strong><\/p>\n<p><strong>EM-554 FIXO\u00a0\u00a0\u00a0\u00a0\u00a0\u00a0\u00a0\u00a0\u00a0\u00a0 \u2013 40 daN\/Cabe\u00e7a<\/strong><\/p>\n<p><strong>EM-555 SOLDADO \u2013 100 daN\/ Cabe\u00e7a<\/strong><\/td>\n<\/tr>\n<\/tbody>\n<\/table>\n<p>A tabela a seguir representa os comprimentos de cada elemento c\u00f4nico padr\u00e3o, bem como os maiores e menores di\u00e2metros de cada cone. O menor di\u00e2metro do cone ser\u00e1 sempre 54 mm. e o maior ser\u00e1 condicionado pela quantidade de cones que forem montados. Por exemplo, se EMC-1 a EMC-5 forem montados, o comprimento \u00fatil do rolo c\u00f4nico ser\u00e1 de 490 mm. (a soma dos 5 elementos c\u00f4nicos) e o maior di\u00e2metro do cone ser\u00e1 de 87 mm.<\/p>\n<table style=\"border-collapse: collapse;width: 100%\" border=\"1\">\n<tbody>\n<tr style=\"height: 24px\">\n<td style=\"width: 7.61975%;height: 24px;text-align: center\"><strong>TIPO<\/strong><\/td>\n<td style=\"width: 32.3802%;height: 24px;text-align: center\"><strong>\u00d8 TUBO (mm)<\/strong><\/td>\n<td style=\"width: 20%;height: 24px;text-align: center\"><strong>\u00d8 MAX. (mm)<\/strong><\/td>\n<td style=\"width: 20%;height: 24px;text-align: center\"><strong>\u00d8 MIN. (mm)<\/strong><\/td>\n<td style=\"width: 14.031%;height: 24px;text-align: center\"><strong>L (mm)<\/strong><\/td>\n<\/tr>\n<tr style=\"height: 24px\">\n<td style=\"width: 7.61975%;height: 24px;text-align: center\">EMC-1<\/td>\n<td style=\"width: 32.3802%;height: 24px;text-align: center\">50<\/td>\n<td style=\"width: 20%;height: 24px;text-align: center\">59.9<\/td>\n<td style=\"width: 20%;height: 24px;text-align: center\">54<\/td>\n<td style=\"width: 14.031%;height: 24px;text-align: center\">90<\/td>\n<\/tr>\n<tr style=\"height: 24px\">\n<td style=\"width: 7.61975%;height: 24px;text-align: center\">EMC-2<\/td>\n<td style=\"width: 32.3802%;height: 24px;text-align: center\">50<\/td>\n<td style=\"width: 20%;height: 24px;text-align: center\">66.6<\/td>\n<td style=\"width: 20%;height: 24px;text-align: center\">59.9<\/td>\n<td style=\"width: 14.031%;height: 24px;text-align: center\">100<\/td>\n<\/tr>\n<tr style=\"height: 24px\">\n<td style=\"width: 7.61975%;height: 24px;text-align: center\">EMC-3<\/td>\n<td style=\"width: 32.3802%;height: 24px;text-align: center\">50<\/td>\n<td style=\"width: 20%;height: 24px;text-align: center\">73.4<\/td>\n<td style=\"width: 20%;height: 24px;text-align: center\">66.6<\/td>\n<td style=\"width: 14.031%;height: 24px;text-align: center\">100<\/td>\n<\/tr>\n<tr style=\"height: 24px\">\n<td style=\"width: 7.61975%;height: 24px;text-align: center\">EMC-4<\/td>\n<td style=\"width: 32.3802%;height: 24px;text-align: center\">50<\/td>\n<td style=\"width: 20%;height: 24px;text-align: center\">80.1<\/td>\n<td style=\"width: 20%;height: 24px;text-align: center\">73.4<\/td>\n<td style=\"width: 14.031%;height: 24px;text-align: center\">100<\/td>\n<\/tr>\n<tr style=\"height: 24px\">\n<td style=\"width: 7.61975%;height: 24px;text-align: center\">EMC-5<\/td>\n<td style=\"width: 32.3802%;height: 24px;text-align: center\">50<\/td>\n<td style=\"width: 20%;height: 24px;text-align: center\">86.9<\/td>\n<td style=\"width: 20%;height: 24px;text-align: center\">80.1<\/td>\n<td style=\"width: 14.031%;height: 24px;text-align: center\">100<\/td>\n<\/tr>\n<tr style=\"height: 24px\">\n<td style=\"width: 7.61975%;height: 24px;text-align: center\">EMC-6<\/td>\n<td style=\"width: 32.3802%;height: 24px;text-align: center\">50<\/td>\n<td style=\"width: 20%;height: 24px;text-align: center\">93.6<\/td>\n<td style=\"width: 20%;height: 24px;text-align: center\">86.9<\/td>\n<td style=\"width: 14.031%;height: 24px;text-align: center\">100<\/td>\n<\/tr>\n<tr style=\"height: 24px\">\n<td style=\"width: 7.61975%;height: 24px;text-align: center\">EMC-7<\/td>\n<td style=\"width: 32.3802%;height: 24px;text-align: center\">50<\/td>\n<td style=\"width: 20%;height: 24px;text-align: center\">100.4<\/td>\n<td style=\"width: 20%;height: 24px;text-align: center\">93.6<\/td>\n<td style=\"width: 14.031%;height: 24px;text-align: center\">100<\/td>\n<\/tr>\n<tr style=\"height: 24px\">\n<td style=\"width: 7.61975%;height: 24px;text-align: center\">EMC-8<\/td>\n<td style=\"width: 32.3802%;height: 24px;text-align: center\">50<\/td>\n<td style=\"width: 20%;height: 24px;text-align: center\">107.1<\/td>\n<td style=\"width: 20%;height: 24px;text-align: center\">100.4<\/td>\n<td style=\"width: 14.031%;height: 24px;text-align: center\">100<\/td>\n<\/tr>\n<tr style=\"height: 24px\">\n<td style=\"width: 7.61975%;height: 24px;text-align: center\">EMC-9<\/td>\n<td style=\"width: 32.3802%;height: 24px;text-align: center\">50<\/td>\n<td style=\"width: 20%;height: 24px;text-align: center\">113.9<\/td>\n<td style=\"width: 20%;height: 24px;text-align: center\">107.1<\/td>\n<td style=\"width: 14.031%;height: 24px;text-align: center\">100<\/td>\n<\/tr>\n<tr>\n<td style=\"width: 7.61975%;text-align: center\">EMC-10<\/td>\n<td style=\"width: 32.3802%;text-align: center\">50<\/td>\n<td style=\"width: 20%;text-align: center\">120.9<\/td>\n<td style=\"width: 20%;text-align: center\">113.9<\/td>\n<td style=\"width: 14.031%;text-align: center\">100<\/td>\n<\/tr>\n<tr>\n<td style=\"width: 7.61975%;text-align: left;vertical-align: top\" colspan=\"3\"><strong><img loading=\"lazy\" decoding=\"async\" class=\"alignleft wp-image-1540 \" src=\"https:\/\/eurotransis.com\/wp-content\/uploads\/2016\/04\/curva-motorizada-150x150.png\" alt=\"curva motorizada\" width=\"87\" height=\"87\" \/>Curvas de raio interior = 800 mm.<\/strong><\/td>\n<td style=\"width: 20%;text-align: left\" colspan=\"2\"><strong><img loading=\"lazy\" decoding=\"async\" class=\"size-full wp-image-926 alignleft\" src=\"https:\/\/eurotransis.com\/wp-content\/uploads\/2016\/04\/cabezal.png\" alt=\"cabezal\" width=\"101\" height=\"72\" \/>Polipropileno<\/strong><\/td>\n<\/tr>\n<\/tbody>\n<\/table>\n<p>&nbsp;<\/p>\n","protected":false},"excerpt":{"rendered":"<p>O rolo transportador Roltia EM-555 \u00e9 um rolo c\u00f4nico acionado por uma simples roda dentada de a\u00e7o Z-14 \u00bd&#8221;. A roda dentada, soldada ao tubo, permite a transmiss\u00e3o por corrente conforme norma DIN-8187. \u00c9 fabricada com elementos c\u00f4nicos termopl\u00e1sticos para curva com raio interno 800 mm.<\/p>\n","protected":false},"featured_media":12770,"comment_status":"closed","ping_status":"closed","template":"","meta":[],"product_brand":[],"product_cat":[685],"product_tag":[],"class_list":{"0":"post-3980","1":"product","2":"type-product","3":"status-publish","4":"has-post-thumbnail","6":"product_cat-transmissao-por-corrente-carreto-metalico-pt","8":"first","9":"instock","10":"shipping-taxable","11":"product-type-simple"},"_links":{"self":[{"href":"https:\/\/eurotransis.com\/pt-pt\/wp-json\/wp\/v2\/product\/3980","targetHints":{"allow":["GET"]}}],"collection":[{"href":"https:\/\/eurotransis.com\/pt-pt\/wp-json\/wp\/v2\/product"}],"about":[{"href":"https:\/\/eurotransis.com\/pt-pt\/wp-json\/wp\/v2\/types\/product"}],"replies":[{"embeddable":true,"href":"https:\/\/eurotransis.com\/pt-pt\/wp-json\/wp\/v2\/comments?post=3980"}],"wp:featuredmedia":[{"embeddable":true,"href":"https:\/\/eurotransis.com\/pt-pt\/wp-json\/wp\/v2\/media\/12770"}],"wp:attachment":[{"href":"https:\/\/eurotransis.com\/pt-pt\/wp-json\/wp\/v2\/media?parent=3980"}],"wp:term":[{"taxonomy":"product_brand","embeddable":true,"href":"https:\/\/eurotransis.com\/pt-pt\/wp-json\/wp\/v2\/product_brand?post=3980"},{"taxonomy":"product_cat","embeddable":true,"href":"https:\/\/eurotransis.com\/pt-pt\/wp-json\/wp\/v2\/product_cat?post=3980"},{"taxonomy":"product_tag","embeddable":true,"href":"https:\/\/eurotransis.com\/pt-pt\/wp-json\/wp\/v2\/product_tag?post=3980"}],"curies":[{"name":"wp","href":"https:\/\/api.w.org\/{rel}","templated":true}]}}