{"id":3986,"date":"2016-04-22T07:39:17","date_gmt":"2016-04-22T07:39:17","guid":{"rendered":"http:\/\/eurotransis.com\/pt-pt\/tienda\/sin%20categorizar\/serie-em-550\/"},"modified":"2024-09-27T08:58:23","modified_gmt":"2024-09-27T06:58:23","slug":"serie-em-550","status":"publish","type":"product","link":"https:\/\/eurotransis.com\/pt-pt\/loja\/rolos-pt\/para-transporte-motorizado-pt\/rolos-motorizados-serie-ligeira-pt\/transmissao-por-corrente-pt\/transmissao-por-corrente-carreto-metalico-pt\/serie-em-550\/","title":{"rendered":"Rolo S\u00e9rie EM-550"},"content":{"rendered":"<table style=\"height: 201px\" width=\"1275\">\n<tbody>\n<tr>\n<td style=\"text-align: center\" colspan=\"7\"><strong>\u00d8 TUBE<\/strong><\/td>\n<td style=\"text-align: center\" colspan=\"3\"><strong>\u00d8 EIXO\u00a0<\/strong><\/td>\n<\/tr>\n<tr>\n<td><strong>S\u00c9RIE<\/strong><\/td>\n<td><strong>\u00d8 (mm)<\/strong><\/td>\n<td><strong>ST<\/strong><\/td>\n<td><strong>STI<\/strong><\/td>\n<td><strong>N<\/strong><\/td>\n<td><strong>ALU<\/strong><\/td>\n<td><strong>GAL<\/strong><\/td>\n<td><strong>12<\/strong><\/td>\n<td><b>14<\/b><\/td>\n<td><b>15<\/b><\/td>\n<\/tr>\n<tr>\n<td><strong>54*-101<\/strong><\/td>\n<td><strong>50&#215;1.5<br \/>\n<\/strong><\/td>\n<td>SI<\/td>\n<td>SI<\/td>\n<td>SI<\/td>\n<td>SI<\/td>\n<td>SI<\/td>\n<td>SI<\/td>\n<td><\/td>\n<td><\/td>\n<\/tr>\n<tr>\n<td><strong>54*-103<\/strong><\/td>\n<td><strong>50&#215;1.5<\/strong><\/td>\n<td>SI<\/td>\n<td>SI<\/td>\n<td>SI<\/td>\n<td>SI<\/td>\n<td>SI<\/td>\n<td>SI<\/td>\n<td><\/td>\n<td><\/td>\n<\/tr>\n<tr>\n<td><strong>54*-230<\/strong><\/td>\n<td><strong>50&#215;1.5<\/strong><\/td>\n<td>SI<\/td>\n<td>SI<\/td>\n<td>SI<\/td>\n<td>SI<\/td>\n<td>SI<\/td>\n<td>SI<\/td>\n<td><\/td>\n<td>SI<\/td>\n<\/tr>\n<tr>\n<td><strong>54*-310<\/strong><\/td>\n<td><strong>50&#215;1.5<\/strong><\/td>\n<td>SI<\/td>\n<td>SI<\/td>\n<td>SI<\/td>\n<td>SI<\/td>\n<td>SI<\/td>\n<td>SI<\/td>\n<td>SI<\/td>\n<td>SI<\/td>\n<\/tr>\n<tr>\n<td colspan=\"7\"><strong><strong><img loading=\"lazy\" decoding=\"async\" class=\"size-full wp-image-926 alignleft\" src=\"https:\/\/eurotransis.com\/wp-content\/uploads\/2016\/04\/cabezal.png\" alt=\"cabezal\" width=\"101\" height=\"72\" \/><\/strong><\/strong><\/p>\n<p id=\"tw-target-text\" class=\"tw-data-text vk_txt tw-ta tw-text-medium\" dir=\"ltr\" data-placeholder=\"Translation\"><strong>Cabe\u00e7a met\u00e1lica embutida<\/strong><\/p>\n<\/td>\n<td colspan=\"3\"><strong><img loading=\"lazy\" decoding=\"async\" class=\"size-full wp-image-819 alignleft\" src=\"https:\/\/eurotransis.com\/wp-content\/uploads\/2016\/04\/rodillos-traccionados.png\" alt=\"rodillos traccionados\" width=\"100\" height=\"72\" srcset=\"https:\/\/eurotransis.com\/wp-content\/uploads\/2016\/04\/rodillos-traccionados.png 100w, https:\/\/eurotransis.com\/wp-content\/uploads\/2016\/04\/rodillos-traccionados-64x46.png 64w\" sizes=\"auto, (max-width: 100px) 100vw, 100px\" \/>Dupla.<br \/>\nZ14 &#8211; 1\/2&#8243;<br \/>\n<\/strong><\/td>\n<\/tr>\n<tr>\n<td colspan=\"7\"><strong><strong> <img loading=\"lazy\" decoding=\"async\" class=\"alignleft wp-image-1540 \" src=\"https:\/\/eurotransis.com\/wp-content\/uploads\/2016\/04\/curva-motorizada-150x150.png\" alt=\"curva motorizada\" width=\"90\" height=\"90\" \/><\/strong><\/strong><\/p>\n<p id=\"tw-target-text\" class=\"tw-data-text vk_txt tw-ta tw-text-medium\" dir=\"ltr\" data-placeholder=\"Translation\"><strong>Curvas Ri = 800 mm<\/strong><\/p>\n<p class=\"tw-data-text vk_txt tw-ta tw-text-medium\" dir=\"ltr\" data-placeholder=\"Translation\"><strong>Acumula\u00e7\u00e3o<\/strong><\/p>\n<\/td>\n<td colspan=\"3\">\n<p><strong><img loading=\"lazy\" decoding=\"async\" class=\"size-full wp-image-930 alignleft\" src=\"https:\/\/eurotransis.com\/wp-content\/uploads\/2016\/04\/fuerza.png\" alt=\"fuerza\" width=\"100\" height=\"72\" srcset=\"https:\/\/eurotransis.com\/wp-content\/uploads\/2016\/04\/fuerza.png 100w, https:\/\/eurotransis.com\/wp-content\/uploads\/2016\/04\/fuerza-64x46.png 64w\" sizes=\"auto, (max-width: 100px) 100vw, 100px\" \/>EM-550 FRIC\u00c7\u00c3O\u00a0 \u00a0\u2013 10 daN\/Cabe\u00e7a<\/strong><\/p>\n<p><strong>EM-551 FIXO\u00a0 \u00a0 \u00a0 \u00a0 \u00a0 \u00a0 \u2013 40 daN\/Cabe\u00e7a<\/strong><\/p>\n<p><strong>EM-552 SOLDADO \u2013 100 daN\/Cabe\u00e7a<\/strong><\/td>\n<\/tr>\n<\/tbody>\n<\/table>\n<p>A tabela a seguir representa os comprimentos de cada elemento c\u00f4nico padr\u00e3o, bem como os maiores e menores di\u00e2metros de cada cone. O menor di\u00e2metro do cone ser\u00e1 sempre 54 mm. e o maior ser\u00e1 condicionado pela quantidade de cones que forem montados.<br \/>\nPor exemplo, se EMC-1 a EMC-5 forem montados, o comprimento \u00fatil do rolo c\u00f4nico ser\u00e1 de 490 mm. (a soma dos 5 elementos c\u00f4nicos) e o maior di\u00e2metro do cone ser\u00e1 de 87 mm.<\/p>\n<table width=\"1275\">\n<tbody>\n<tr>\n<td><strong>CARA<\/strong><\/td>\n<td><strong>\u00d8 TUBO (mm)<\/strong><\/td>\n<td><strong>\u00d8 MAX. (mm)<\/strong><\/td>\n<td><strong>\u00d8 MIN. (mm)<\/strong><\/td>\n<td><strong>L (mm)<\/strong><\/td>\n<\/tr>\n<tr>\n<td>EMC-1<\/td>\n<td>50<\/td>\n<td>59.9<\/td>\n<td>54<\/td>\n<td>90<\/td>\n<\/tr>\n<tr>\n<td>EMC-2<\/td>\n<td>50<\/td>\n<td>66.6<\/td>\n<td>59.9<\/td>\n<td>100<\/td>\n<\/tr>\n<tr>\n<td>EMC-3<\/td>\n<td>50<\/td>\n<td>73.4<\/td>\n<td>66.6<\/td>\n<td>100<\/td>\n<\/tr>\n<tr>\n<td>EMC-4<\/td>\n<td>50<\/td>\n<td>80.1<\/td>\n<td>73.4<\/td>\n<td>100<\/td>\n<\/tr>\n<tr>\n<td>EMC-5<\/td>\n<td>50<\/td>\n<td>86.9<\/td>\n<td>80.1<\/td>\n<td>100<\/td>\n<\/tr>\n<tr>\n<td>EMC-6<\/td>\n<td>50<\/td>\n<td>93.6<\/td>\n<td>86.9<\/td>\n<td>100<\/td>\n<\/tr>\n<tr>\n<td>EMC-7<\/td>\n<td>50<\/td>\n<td>100.4<\/td>\n<td>93.6<\/td>\n<td>100<\/td>\n<\/tr>\n<tr>\n<td>EMC-8<\/td>\n<td>50<\/td>\n<td>107.1<\/td>\n<td>100.4<\/td>\n<td>100<\/td>\n<\/tr>\n<tr>\n<td>EMC-9<\/td>\n<td>50<\/td>\n<td>113.9<\/td>\n<td>107.1<\/td>\n<td>100<\/td>\n<\/tr>\n<tr>\n<td>EMC-10<\/td>\n<td>50<\/td>\n<td>120.9<\/td>\n<td>113.9<\/td>\n<td>100<\/td>\n<\/tr>\n<tr style=\"height: 87px\">\n<td style=\"height: 87px;width: 771px\" colspan=\"3\"><strong><img loading=\"lazy\" decoding=\"async\" class=\"alignleft wp-image-1540 \" src=\"https:\/\/eurotransis.com\/wp-content\/uploads\/2016\/04\/curva-motorizada-150x150.png\" alt=\"curva motorizada\" width=\"90\" height=\"90\" \/>Curvas de raio interior = 800 mm.<\/strong><\/td>\n<td style=\"height: 87px;width: 476px\" colspan=\"2\"><strong>Polipropileno.<\/strong><img loading=\"lazy\" decoding=\"async\" class=\"size-full wp-image-926 alignleft\" src=\"https:\/\/eurotransis.com\/wp-content\/uploads\/2016\/04\/cabezal.png\" alt=\"cabezal\" width=\"101\" height=\"72\" \/><\/td>\n<\/tr>\n<\/tbody>\n<\/table>\n<p>&nbsp;<\/p>\n","protected":false},"excerpt":{"rendered":"<p>O rolo transportador Roltia EM-550 \u00e9 um rolo c\u00f4nico acionado por dupla roda dentada de a\u00e7o Z-14 \u00bd&#8221; para duas correntes simples. Projetado para trabalhar em acumula\u00e7\u00e3o e transmiss\u00e3o por corrente conforme norma DIN-8187. \u00c9 fabricado com elementos c\u00f4nicos termopl\u00e1sticos para curva de raio interno 800 mm.<\/p>\n","protected":false},"featured_media":12831,"comment_status":"closed","ping_status":"closed","template":"","meta":[],"product_brand":[],"product_cat":[685],"product_tag":[],"class_list":{"0":"post-3986","1":"product","2":"type-product","3":"status-publish","4":"has-post-thumbnail","6":"product_cat-transmissao-por-corrente-carreto-metalico-pt","8":"first","9":"instock","10":"shipping-taxable","11":"product-type-simple"},"_links":{"self":[{"href":"https:\/\/eurotransis.com\/pt-pt\/wp-json\/wp\/v2\/product\/3986","targetHints":{"allow":["GET"]}}],"collection":[{"href":"https:\/\/eurotransis.com\/pt-pt\/wp-json\/wp\/v2\/product"}],"about":[{"href":"https:\/\/eurotransis.com\/pt-pt\/wp-json\/wp\/v2\/types\/product"}],"replies":[{"embeddable":true,"href":"https:\/\/eurotransis.com\/pt-pt\/wp-json\/wp\/v2\/comments?post=3986"}],"wp:featuredmedia":[{"embeddable":true,"href":"https:\/\/eurotransis.com\/pt-pt\/wp-json\/wp\/v2\/media\/12831"}],"wp:attachment":[{"href":"https:\/\/eurotransis.com\/pt-pt\/wp-json\/wp\/v2\/media?parent=3986"}],"wp:term":[{"taxonomy":"product_brand","embeddable":true,"href":"https:\/\/eurotransis.com\/pt-pt\/wp-json\/wp\/v2\/product_brand?post=3986"},{"taxonomy":"product_cat","embeddable":true,"href":"https:\/\/eurotransis.com\/pt-pt\/wp-json\/wp\/v2\/product_cat?post=3986"},{"taxonomy":"product_tag","embeddable":true,"href":"https:\/\/eurotransis.com\/pt-pt\/wp-json\/wp\/v2\/product_tag?post=3986"}],"curies":[{"name":"wp","href":"https:\/\/api.w.org\/{rel}","templated":true}]}}