{"id":3987,"date":"2016-04-22T07:37:36","date_gmt":"2016-04-22T07:37:36","guid":{"rendered":"http:\/\/eurotransis.com\/pt-pt\/tienda\/sin%20categorizar\/serie-em-543\/"},"modified":"2024-09-27T08:41:13","modified_gmt":"2024-09-27T06:41:13","slug":"serie-em-543","status":"publish","type":"product","link":"https:\/\/eurotransis.com\/pt-pt\/loja\/rolos-pt\/para-transporte-motorizado-pt\/rolos-motorizados-serie-ligeira-pt\/transmissao-por-corrente-pt\/transmissao-por-corrente-carreto-plastico-pt\/serie-em-543\/","title":{"rendered":"Serie EM-543"},"content":{"rendered":"<table style=\"height: 201px\" width=\"1275\">\n<tbody>\n<tr>\n<td style=\"text-align: center;width: 534px\" colspan=\"7\"><strong>\u00d8 TUBE<\/strong><\/td>\n<td style=\"text-align: center;width: 677px\" colspan=\"2\"><strong>\u00d8 EIXO<\/strong><\/td>\n<\/tr>\n<tr>\n<td style=\"width: 125px\"><strong>S\u00c9RIE<\/strong><\/td>\n<td style=\"width: 123px\"><strong>\u00d8 (mm)<\/strong><\/td>\n<td style=\"width: 46px\"><strong>ST<\/strong><\/td>\n<td style=\"width: 59px\"><strong>STI<\/strong><\/td>\n<td style=\"width: 35px\"><strong>N<\/strong><\/td>\n<td style=\"width: 73px\"><strong>ALU<\/strong><\/td>\n<td style=\"width: 73px\"><strong>GAL<\/strong><\/td>\n<td style=\"width: 322px\"><strong>12<\/strong><\/td>\n<td style=\"width: 355px\"><b>14<\/b><\/td>\n<\/tr>\n<tr>\n<td style=\"width: 125px\"><strong>54*-101<\/strong><\/td>\n<td style=\"width: 123px\"><strong>50&#215;1.5<br \/>\n<\/strong><\/td>\n<td style=\"width: 46px\">SI<\/td>\n<td style=\"width: 59px\">SI<\/td>\n<td style=\"width: 35px\">SI<\/td>\n<td style=\"width: 73px\">SI<\/td>\n<td style=\"width: 73px\">SI<\/td>\n<td style=\"width: 322px\">SI<\/td>\n<td style=\"width: 355px\"><\/td>\n<\/tr>\n<tr>\n<td style=\"width: 125px\"><strong>54*-103<\/strong><\/td>\n<td style=\"width: 123px\"><strong>50&#215;1.5<\/strong><\/td>\n<td style=\"width: 46px\">SI<\/td>\n<td style=\"width: 59px\">SI<\/td>\n<td style=\"width: 35px\">SI<\/td>\n<td style=\"width: 73px\">SI<\/td>\n<td style=\"width: 73px\">SI<\/td>\n<td style=\"width: 322px\">SI<\/td>\n<td style=\"width: 355px\"><\/td>\n<\/tr>\n<tr>\n<td style=\"width: 125px\"><strong>54*-230<\/strong><\/td>\n<td style=\"width: 123px\"><strong>50&#215;1.5<\/strong><\/td>\n<td style=\"width: 46px\">SI<\/td>\n<td style=\"width: 59px\">SI<\/td>\n<td style=\"width: 35px\">SI<\/td>\n<td style=\"width: 73px\">SI<\/td>\n<td style=\"width: 73px\">SI<\/td>\n<td style=\"width: 322px\">SI<\/td>\n<td style=\"width: 355px\"><\/td>\n<\/tr>\n<tr>\n<td style=\"width: 125px\"><strong>54*-310<\/strong><\/td>\n<td style=\"width: 123px\"><strong>50&#215;1.5<\/strong><\/td>\n<td style=\"width: 46px\">SI<\/td>\n<td style=\"width: 59px\">SI<\/td>\n<td style=\"width: 35px\">SI<\/td>\n<td style=\"width: 73px\">SI<\/td>\n<td style=\"width: 73px\">SI<\/td>\n<td style=\"width: 322px\">SI<\/td>\n<td style=\"width: 355px\">SI<\/td>\n<\/tr>\n<tr>\n<td style=\"width: 534px\" colspan=\"7\"><strong><strong><img loading=\"lazy\" decoding=\"async\" class=\"size-full wp-image-926 alignleft\" src=\"https:\/\/eurotransis.com\/wp-content\/uploads\/2016\/04\/cabezal.png\" alt=\"cabezal\" width=\"101\" height=\"72\" \/><\/strong><\/strong><\/p>\n<p id=\"tw-target-text\" class=\"tw-data-text vk_txt tw-ta tw-text-medium\" dir=\"ltr\" data-placeholder=\"Translation\"><strong>Cabe\u00e7a termopl\u00e1stica<\/strong><\/p>\n<\/td>\n<td style=\"width: 677px\" colspan=\"2\"><strong><img loading=\"lazy\" decoding=\"async\" class=\"size-full wp-image-819 alignleft\" src=\"https:\/\/eurotransis.com\/wp-content\/uploads\/2016\/04\/rodillos-traccionados.png\" alt=\"rodillos traccionados\" width=\"100\" height=\"72\" srcset=\"https:\/\/eurotransis.com\/wp-content\/uploads\/2016\/04\/rodillos-traccionados.png 100w, https:\/\/eurotransis.com\/wp-content\/uploads\/2016\/04\/rodillos-traccionados-64x46.png 64w\" sizes=\"auto, (max-width: 100px) 100vw, 100px\" \/>Simples.<br \/>\nZ14 &#8211; 1\/2&#8243;<br \/>\n<\/strong><\/td>\n<\/tr>\n<tr>\n<td style=\"width: 534px\" colspan=\"7\"><strong><img loading=\"lazy\" decoding=\"async\" class=\"alignleft wp-image-1540 \" src=\"https:\/\/eurotransis.com\/wp-content\/uploads\/2016\/04\/curva-motorizada-150x150.png\" alt=\"curva motorizada\" width=\"96\" height=\"96\" \/>Curvas Ri = 800 mm<br \/>\nFixo<\/strong><\/td>\n<td style=\"width: 677px\" colspan=\"2\">\n<p class=\"tw-data-text vk_txt tw-ta tw-text-medium\" dir=\"ltr\" data-placeholder=\"Translation\"><strong><img loading=\"lazy\" decoding=\"async\" class=\"size-full wp-image-930 alignleft\" src=\"https:\/\/eurotransis.com\/wp-content\/uploads\/2016\/04\/fuerza.png\" alt=\"fuerza\" width=\"100\" height=\"72\" srcset=\"https:\/\/eurotransis.com\/wp-content\/uploads\/2016\/04\/fuerza.png 100w, https:\/\/eurotransis.com\/wp-content\/uploads\/2016\/04\/fuerza-64x46.png 64w\" sizes=\"auto, (max-width: 100px) 100vw, 100px\" \/>EM-542 FRIC\u00c7\u00c3O \u201310 daN\/Cabe\u00e7a<br \/>\n<\/strong><\/p>\n<p><strong>EM-543 FIXO\u00a0 \u00a0 \u00a0 \u00a0 \u00a0\u2013<\/strong><strong>40 daN\/Cabe\u00e7a<\/strong><\/td>\n<\/tr>\n<\/tbody>\n<\/table>\n<p>A tabela a seguir representa os comprimentos de cada elemento c\u00f4nico padr\u00e3o, bem como os maiores e menores di\u00e2metros de cada cone. O menor di\u00e2metro do cone ser\u00e1 sempre 54 mm. e o maior ser\u00e1 condicionado pela quantidade de cones que forem montados.<br \/>\nPor exemplo, se EMC-1 a EMC-5 forem montados, o comprimento \u00fatil do rolo c\u00f4nico ser\u00e1 de 490 mm. (a soma dos 5 elementos c\u00f4nicos) e o maior di\u00e2metro do cone ser\u00e1 de 87 mm.<\/p>\n<table width=\"1275\">\n<tbody>\n<tr>\n<td style=\"width: 161px\"><strong>CARA<\/strong><\/td>\n<td style=\"width: 314px\"><strong>\u00d8 TUBO (mm)<\/strong><\/td>\n<td style=\"width: 307px\"><strong>\u00d8 MAX. (mm)<\/strong><\/td>\n<td style=\"width: 307px\"><strong>\u00d8 MIN. (mm)<\/strong><\/td>\n<td style=\"width: 177px\"><strong>L (mm)<\/strong><\/td>\n<\/tr>\n<tr>\n<td style=\"width: 161px\">EMC-1<\/td>\n<td style=\"width: 314px\">50<\/td>\n<td style=\"width: 307px\">59.9<\/td>\n<td style=\"width: 307px\">54<\/td>\n<td style=\"width: 177px\">90<\/td>\n<\/tr>\n<tr>\n<td style=\"width: 161px\">EMC-2<\/td>\n<td style=\"width: 314px\">50<\/td>\n<td style=\"width: 307px\">66.6<\/td>\n<td style=\"width: 307px\">59.9<\/td>\n<td style=\"width: 177px\">100<\/td>\n<\/tr>\n<tr>\n<td style=\"width: 161px\">EMC-3<\/td>\n<td style=\"width: 314px\">50<\/td>\n<td style=\"width: 307px\">73.4<\/td>\n<td style=\"width: 307px\">66.6<\/td>\n<td style=\"width: 177px\">100<\/td>\n<\/tr>\n<tr>\n<td style=\"width: 161px\">EMC-4<\/td>\n<td style=\"width: 314px\">50<\/td>\n<td style=\"width: 307px\">80.1<\/td>\n<td style=\"width: 307px\">73.4<\/td>\n<td style=\"width: 177px\">100<\/td>\n<\/tr>\n<tr>\n<td style=\"width: 161px\">EMC-5<\/td>\n<td style=\"width: 314px\">50<\/td>\n<td style=\"width: 307px\">86.9<\/td>\n<td style=\"width: 307px\">80.1<\/td>\n<td style=\"width: 177px\">100<\/td>\n<\/tr>\n<tr>\n<td style=\"width: 161px\">EMC-6<\/td>\n<td style=\"width: 314px\">50<\/td>\n<td style=\"width: 307px\">93.6<\/td>\n<td style=\"width: 307px\">86.9<\/td>\n<td style=\"width: 177px\">100<\/td>\n<\/tr>\n<tr>\n<td style=\"width: 161px\">EMC-7<\/td>\n<td style=\"width: 314px\">50<\/td>\n<td style=\"width: 307px\">100.4<\/td>\n<td style=\"width: 307px\">93.6<\/td>\n<td style=\"width: 177px\">100<\/td>\n<\/tr>\n<tr>\n<td style=\"width: 161px\">EMC-8<\/td>\n<td style=\"width: 314px\">50<\/td>\n<td style=\"width: 307px\">107.1<\/td>\n<td style=\"width: 307px\">100.4<\/td>\n<td style=\"width: 177px\">100<\/td>\n<\/tr>\n<tr>\n<td style=\"width: 161px\">EMC-9<\/td>\n<td style=\"width: 314px\">50<\/td>\n<td style=\"width: 307px\">113.9<\/td>\n<td style=\"width: 307px\">107.1<\/td>\n<td style=\"width: 177px\">100<\/td>\n<\/tr>\n<tr>\n<td style=\"width: 161px\">EMC-10<\/td>\n<td style=\"width: 314px\">50<\/td>\n<td style=\"width: 307px\">120.9<\/td>\n<td style=\"width: 307px\">113.9<\/td>\n<td style=\"width: 177px\">100<\/td>\n<\/tr>\n<tr style=\"height: 87px\">\n<td style=\"height: 87px;width: 782px\" colspan=\"3\"><strong><img loading=\"lazy\" decoding=\"async\" class=\"alignleft wp-image-1540 \" src=\"https:\/\/eurotransis.com\/wp-content\/uploads\/2016\/04\/curva-motorizada-150x150.png\" alt=\"curva motorizada\" width=\"88\" height=\"88\" \/>Curvas de raio interior = 800 mm.<\/strong><\/td>\n<td style=\"height: 87px;width: 484px\" colspan=\"2\"><strong><img loading=\"lazy\" decoding=\"async\" class=\"size-full wp-image-926 alignleft\" src=\"https:\/\/eurotransis.com\/wp-content\/uploads\/2016\/04\/cabezal.png\" alt=\"cabezal\" width=\"101\" height=\"72\" \/>Polipropileno.<\/strong><\/td>\n<\/tr>\n<\/tbody>\n<\/table>\n<p>&nbsp;<\/p>\n","protected":false},"excerpt":{"rendered":"<p>O rolo transportador Roltia EM-543 \u00e9 um rolo c\u00f4nico acionado por uma simples roda dentada termopl\u00e1stica de poliamida Z-14 \u00bd&#8221;. A roda dentada, que \u00e9 fixada ao tubo, permite a transmiss\u00e3o por corrente conforme norma DIN-8187. \u00c9 fabricada com elementos Curvas c\u00f4nicas termopl\u00e1sticas com raio interno de 800 mm.<\/p>\n","protected":false},"featured_media":12827,"comment_status":"closed","ping_status":"closed","template":"","meta":[],"product_brand":[],"product_cat":[688],"product_tag":[],"class_list":{"0":"post-3987","1":"product","2":"type-product","3":"status-publish","4":"has-post-thumbnail","6":"product_cat-transmissao-por-corrente-carreto-plastico-pt","8":"first","9":"instock","10":"shipping-taxable","11":"product-type-simple"},"_links":{"self":[{"href":"https:\/\/eurotransis.com\/pt-pt\/wp-json\/wp\/v2\/product\/3987","targetHints":{"allow":["GET"]}}],"collection":[{"href":"https:\/\/eurotransis.com\/pt-pt\/wp-json\/wp\/v2\/product"}],"about":[{"href":"https:\/\/eurotransis.com\/pt-pt\/wp-json\/wp\/v2\/types\/product"}],"replies":[{"embeddable":true,"href":"https:\/\/eurotransis.com\/pt-pt\/wp-json\/wp\/v2\/comments?post=3987"}],"wp:featuredmedia":[{"embeddable":true,"href":"https:\/\/eurotransis.com\/pt-pt\/wp-json\/wp\/v2\/media\/12827"}],"wp:attachment":[{"href":"https:\/\/eurotransis.com\/pt-pt\/wp-json\/wp\/v2\/media?parent=3987"}],"wp:term":[{"taxonomy":"product_brand","embeddable":true,"href":"https:\/\/eurotransis.com\/pt-pt\/wp-json\/wp\/v2\/product_brand?post=3987"},{"taxonomy":"product_cat","embeddable":true,"href":"https:\/\/eurotransis.com\/pt-pt\/wp-json\/wp\/v2\/product_cat?post=3987"},{"taxonomy":"product_tag","embeddable":true,"href":"https:\/\/eurotransis.com\/pt-pt\/wp-json\/wp\/v2\/product_tag?post=3987"}],"curies":[{"name":"wp","href":"https:\/\/api.w.org\/{rel}","templated":true}]}}