{"id":3994,"date":"2016-04-22T07:05:06","date_gmt":"2016-04-22T07:05:06","guid":{"rendered":"http:\/\/eurotransis.com\/pt-pt\/tienda\/sin%20categorizar\/serie-em-602\/"},"modified":"2024-09-18T08:30:41","modified_gmt":"2024-09-18T06:30:41","slug":"serie-em-602","status":"publish","type":"product","link":"https:\/\/eurotransis.com\/pt-pt\/loja\/rolos-pt\/para-transporte-por-gravidade-pt\/serie-ligeira-pt\/cabecas-de-plastico-pt\/serie-em-602\/","title":{"rendered":"Rolo S\u00e9rie EM-602"},"content":{"rendered":"<table style=\"height: 201px\" width=\"1275\">\n<tbody>\n<tr>\n<td style=\"text-align: center\" colspan=\"6\"><strong>\u00d8 TUBO<\/strong><\/td>\n<td style=\"text-align: center\" colspan=\"4\"><strong>\u00d8 EIXO\u00a0<\/strong><\/td>\n<\/tr>\n<tr>\n<td><strong>SERIE 600<\/strong><\/td>\n<td><strong>\u00d8 (mm)<\/strong><\/td>\n<td><strong>ST<\/strong><\/td>\n<td><strong>STI<\/strong><\/td>\n<td><strong>N<\/strong><\/td>\n<td><strong>ALU<\/strong><\/td>\n<td><strong>6<\/strong><\/td>\n<td><strong>8<\/strong><\/td>\n<td><strong>10<\/strong><\/td>\n<td><strong>12<\/strong><\/td>\n<\/tr>\n<tr>\n<td><strong>602-50<\/strong><\/td>\n<td>30&#215;1.5<\/td>\n<td>SI<\/td>\n<td>SI<\/td>\n<td>SI<\/td>\n<td>SI<\/td>\n<td>SI<\/td>\n<td>SI<\/td>\n<td>SI<\/td>\n<td><\/td>\n<\/tr>\n<tr>\n<td><strong>602-51<\/strong><\/td>\n<td>30&#215;1.5<\/td>\n<td>SI<\/td>\n<td>SI<\/td>\n<td>SI<\/td>\n<td>SI<\/td>\n<td>SI<\/td>\n<td>SI<\/td>\n<td>SI<\/td>\n<td><\/td>\n<\/tr>\n<tr>\n<td><strong>602-250<\/strong><\/td>\n<td>30&#215;1.5<\/td>\n<td>SI<\/td>\n<td>SI<\/td>\n<td>SI<\/td>\n<td>SI<\/td>\n<td><\/td>\n<td>SI<\/td>\n<td>SI<\/td>\n<td>SI<\/td>\n<\/tr>\n<tr>\n<td><strong>602-230<\/strong><\/td>\n<td>30&#215;1.5<\/td>\n<td>SI<\/td>\n<td>SI<\/td>\n<td>SI<\/td>\n<td>SI<\/td>\n<td>SI<\/td>\n<td>SI<\/td>\n<td>SI<\/td>\n<td>SI<\/td>\n<\/tr>\n<tr>\n<td style=\"text-align: left\" colspan=\"6\">\n<p style=\"text-align: left\"><img loading=\"lazy\" decoding=\"async\" class=\"size-full wp-image-926 alignleft\" src=\"https:\/\/eurotransis.com\/wp-content\/uploads\/2016\/04\/cabezal.png\" alt=\"cabezal\" width=\"101\" height=\"72\" \/><\/p>\n<p style=\"text-align: right\"><strong>EM-602-50: Cabe\u00e7a termopl\u00e1stica<\/strong><br \/>\n<strong>EM-602-51: Cabe\u00e7a termopl\u00e1stica<\/strong><br \/>\n<strong>EM-602-250: Cabe\u00e7a termopl\u00e1stica<\/strong><br \/>\n<strong>EM-602-230: Cabe\u00e7a met\u00e1lica embutida<\/strong><\/p>\n<\/td>\n<td colspan=\"4\"><img loading=\"lazy\" decoding=\"async\" class=\"size-full wp-image-1453 alignleft\" src=\"https:\/\/eurotransis.com\/wp-content\/uploads\/2016\/04\/hilera.png\" alt=\"hilera\" width=\"101\" height=\"73\" srcset=\"https:\/\/eurotransis.com\/wp-content\/uploads\/2016\/04\/hilera.png 101w, https:\/\/eurotransis.com\/wp-content\/uploads\/2016\/04\/hilera-64x46.png 64w\" sizes=\"auto, (max-width: 101px) 100vw, 101px\" \/><\/p>\n<p style=\"text-align: right\"><strong>EM-602-50: Linhas de bola simples.<\/strong><br \/>\n<strong>EM-602-51: Linhas de bola simples.<\/strong><br \/>\n<strong>EM-602-250: Rolamento precisao.<\/strong><br \/>\n<strong>EM-602-230: Rolamento estampado.<\/strong><\/p>\n<\/td>\n<\/tr>\n<tr>\n<td colspan=\"6\">\n<p style=\"text-align: right\"><strong>Curvas Ri = 500 mm<img loading=\"lazy\" decoding=\"async\" class=\"wp-image-1457 size-thumbnail alignleft\" src=\"https:\/\/eurotransis.com\/wp-content\/uploads\/2016\/04\/curva-gravedad-150x150.png\" alt=\"curva gravedad\" width=\"150\" height=\"150\" srcset=\"https:\/\/eurotransis.com\/wp-content\/uploads\/2016\/04\/curva-gravedad-150x150.png 150w, https:\/\/eurotransis.com\/wp-content\/uploads\/2016\/04\/curva-gravedad-100x100.png 100w, https:\/\/eurotransis.com\/wp-content\/uploads\/2016\/04\/curva-gravedad-66x66.png 66w\" sizes=\"auto, (max-width: 150px) 100vw, 150px\" \/><\/strong><\/p>\n<\/td>\n<td colspan=\"4\">\n<p style=\"text-align: right\"><img loading=\"lazy\" decoding=\"async\" class=\"size-full wp-image-930 alignleft\" src=\"https:\/\/eurotransis.com\/wp-content\/uploads\/2016\/04\/fuerza.png\" alt=\"fuerza\" width=\"100\" height=\"72\" srcset=\"https:\/\/eurotransis.com\/wp-content\/uploads\/2016\/04\/fuerza.png 100w, https:\/\/eurotransis.com\/wp-content\/uploads\/2016\/04\/fuerza-64x46.png 64w\" sizes=\"auto, (max-width: 100px) 100vw, 100px\" \/><strong>EM-602-50: 10daN\/Cabe<span lang=\"pt\">\u00e7<\/span>a<br \/>\nEM-602-51: 10daN\/Cabe<span lang=\"pt\">\u00e7<\/span>a<br \/>\nEM-602-250: 80daN\/Cabe<span lang=\"pt\">\u00e7<\/span>a<br \/>\nEM-602-230: 80daN\/Cabe<span lang=\"pt\">\u00e7<\/span>a<br \/>\n<\/strong><\/p>\n<\/td>\n<\/tr>\n<\/tbody>\n<\/table>\n<p>&nbsp;<\/p>\n","protected":false},"excerpt":{"rendered":"<p id=\"tw-target-text\" class=\"tw-data-text vk_txt tw-ta tw-text-small\" dir=\"ltr\" data-placeholder=\"Translation\">A s\u00e9rie Roltia EM-602 \u00e9 um rolo c\u00f4nico livre que pode ser montado com diferentes tipos de cabe\u00e7otes. \u00c9 fabricado com elementos c\u00f4nicos termopl\u00e1sticos para curvas com raio interno de 500 mm.<\/p>\n","protected":false},"featured_media":12806,"comment_status":"closed","ping_status":"closed","template":"","meta":[],"product_brand":[],"product_cat":[527],"product_tag":[],"class_list":{"0":"post-3994","1":"product","2":"type-product","3":"status-publish","4":"has-post-thumbnail","6":"product_cat-cabecas-de-plastico-pt","8":"first","9":"instock","10":"shipping-taxable","11":"product-type-simple"},"_links":{"self":[{"href":"https:\/\/eurotransis.com\/pt-pt\/wp-json\/wp\/v2\/product\/3994","targetHints":{"allow":["GET"]}}],"collection":[{"href":"https:\/\/eurotransis.com\/pt-pt\/wp-json\/wp\/v2\/product"}],"about":[{"href":"https:\/\/eurotransis.com\/pt-pt\/wp-json\/wp\/v2\/types\/product"}],"replies":[{"embeddable":true,"href":"https:\/\/eurotransis.com\/pt-pt\/wp-json\/wp\/v2\/comments?post=3994"}],"wp:featuredmedia":[{"embeddable":true,"href":"https:\/\/eurotransis.com\/pt-pt\/wp-json\/wp\/v2\/media\/12806"}],"wp:attachment":[{"href":"https:\/\/eurotransis.com\/pt-pt\/wp-json\/wp\/v2\/media?parent=3994"}],"wp:term":[{"taxonomy":"product_brand","embeddable":true,"href":"https:\/\/eurotransis.com\/pt-pt\/wp-json\/wp\/v2\/product_brand?post=3994"},{"taxonomy":"product_cat","embeddable":true,"href":"https:\/\/eurotransis.com\/pt-pt\/wp-json\/wp\/v2\/product_cat?post=3994"},{"taxonomy":"product_tag","embeddable":true,"href":"https:\/\/eurotransis.com\/pt-pt\/wp-json\/wp\/v2\/product_tag?post=3994"}],"curies":[{"name":"wp","href":"https:\/\/api.w.org\/{rel}","templated":true}]}}